{"id":3698,"date":"2025-08-26T12:36:46","date_gmt":"2025-08-26T12:36:46","guid":{"rendered":"https:\/\/www.brikaelektrik.al\/?post_type=product&#038;p=3698"},"modified":"2025-08-26T12:36:47","modified_gmt":"2025-08-26T12:36:47","slug":"rl-multifunksionale-12-240v-ac-dc","status":"publish","type":"product","link":"https:\/\/www.brikaelektrik.al\/al\/produkt\/rl-multifunksionale-12-240v-ac-dc\/","title":{"rendered":"RL MULTIFUNKSIONALE 12-240V AC\/DC"},"content":{"rendered":"<p><strong data-start=\"182\" data-end=\"191\">Seria<\/strong>: <span class=\"relative -mx-px my-[-0.2rem] rounded px-px py-[0.2rem] transition-colors duration-100 ease-in-out\">Harmony Timer Relays<\/span><br data-start=\"230\" data-end=\"233\" \/><strong data-start=\"233\" data-end=\"242\">Lloji<\/strong>: <span class=\"relative -mx-px my-[-0.2rem] rounded px-px py-[0.2rem] transition-colors duration-100 ease-in-out\">Rel\u00e9 multifunksional me vones\u00eb kohore, 8 A, 1 CO, 0.1 s deri n\u00eb 100 h, 12&#8230;240 V AC\/DC<\/span><br data-start=\"281\" data-end=\"284\" data-is-only-node=\"\" \/><strong data-start=\"284\" data-end=\"296\">Kontakti<\/strong>: <span class=\"relative -mx-px my-[-0.2rem] rounded px-px py-[0.2rem] transition-colors duration-100 ease-in-out\">1 CO (SPDT)<\/span><br data-start=\"335\" data-end=\"338\" \/><strong data-start=\"338\" data-end=\"366\">Tensioni i komand\u00ebs (Uc)<\/strong>: <span class=\"relative -mx-px my-[-0.2rem] rounded px-px py-[0.2rem] transition-colors duration-100 ease-in-out\">12&#8230;240 V AC\/DC<\/span><br data-start=\"407\" data-end=\"410\" \/><strong data-start=\"410\" data-end=\"440\">Tensioni i furnizimit (Us)<\/strong>: <span class=\"relative -mx-px my-[-0.2rem] rounded px-px py-[0.2rem] transition-colors duration-100 ease-in-out\">12&#8230;240 V AC\/DC, 50\/60 Hz<\/span><br data-start=\"481\" data-end=\"484\" \/><strong data-start=\"484\" data-end=\"512\">Rangimi i vones\u00ebs kohore<\/strong>: <span class=\"relative -mx-px my-[-0.2rem] rounded px-px py-[0.2rem] transition-colors duration-100 ease-in-out\">0.1 s deri n\u00eb 100 h<\/span><br data-start=\"553\" data-end=\"556\" \/><strong data-start=\"556\" data-end=\"580\">Funksionet e vones\u00ebs<\/strong>: <span class=\"relative -mx-px my-[-0.2rem] rounded px-px py-[0.2rem] transition-colors duration-100 ease-in-out\">A, Ac, At, B, Bw, C, D, Di, H, Ht<\/span><br data-start=\"621\" data-end=\"624\" \/><strong data-start=\"624\" data-end=\"652\">Konsum maksimal i fuqis\u00eb<\/strong>: <span class=\"relative -mx-px my-[-0.2rem] rounded px-px py-[0.2rem] transition-colors duration-100 ease-in-out\">1.5 W (n\u00eb 240 V DC)<\/span><br data-start=\"693\" data-end=\"696\" \/><strong data-start=\"696\" data-end=\"710\">Pesha neto<\/strong>: <span class=\"relative -mx-px my-[-0.2rem] rounded px-px py-[0.2rem] transition-colors duration-100 ease-in-out\">0.07 kg<\/span><br data-start=\"751\" data-end=\"754\" \/><strong data-start=\"754\" data-end=\"766\">Madh\u00ebsia<\/strong>: <span class=\"relative -mx-px my-[-0.2rem] rounded px-px py-[0.2rem] transition-colors duration-100 ease-in-out\">17.5 mm (gjer\u00ebsi) \u00d7 90 mm (lart\u00ebsi) \u00d7 72 mm (thell\u00ebsi)<\/span><br data-start=\"807\" data-end=\"810\" \/><strong data-start=\"810\" data-end=\"821\">Montimi<\/strong>: <span class=\"relative -mx-px my-[-0.2rem] rounded px-px py-[0.2rem] transition-colors duration-100 ease-in-out\">N\u00eb shirit DIN 35 mm<\/span><br data-start=\"862\" data-end=\"865\" \/><strong data-start=\"865\" data-end=\"879\">Terminalet<\/strong>: <span class=\"relative -mx-px my-[-0.2rem] rounded px-px py-[0.2rem] transition-colors duration-100 ease-in-out\">Me vida, p\u00ebr lidhje me tela fleksib\u00ebl ose t\u00eb ngurt\u00eb<\/span><br data-start=\"920\" data-end=\"923\" \/><strong data-start=\"923\" data-end=\"949\">Materiali i kontakteve<\/strong>: <span class=\"relative -mx-px my-[-0.2rem] rounded px-px py-[0.2rem] transition-colors duration-100 ease-in-out\">Pa kadmium<\/span><br data-start=\"990\" data-end=\"993\" \/><strong data-start=\"993\" data-end=\"1015\">Materiali i trupit<\/strong>: <span class=\"relative -mx-px my-[-0.2rem] rounded px-px py-[0.2rem] transition-colors duration-100 ease-in-out\">Vet\u00eb-shuar\u00ebs<\/span><br data-start=\"1056\" data-end=\"1059\" \/><strong data-start=\"1059\" data-end=\"1071\">Mbrojtja<\/strong>: <span class=\"relative -mx-px my-[-0.2rem] rounded px-px py-[0.2rem] transition-colors duration-100 ease-in-out\">IP20 (terminalet), IP40 (trupi), IP50 (paneli p\u00ebrpara)<\/span><br data-start=\"1112\" data-end=\"1115\" \/><strong data-start=\"1115\" data-end=\"1145\">Temperatura e funksionimit<\/strong>: <span class=\"relative -mx-px my-[-0.2rem] rounded px-px py-[0.2rem] transition-colors duration-100 ease-in-out\">\u201320\u202f\u00b0C deri +60\u202f\u00b0C<\/span><br data-start=\"1186\" data-end=\"1189\" \/><strong data-start=\"1189\" data-end=\"1218\">Temperatura e magazinimit<\/strong>: <span class=\"relative -mx-px my-[-0.2rem] rounded px-px py-[0.2rem] transition-colors duration-100 ease-in-out\">\u201330\u202f\u00b0C deri +60\u202f\u00b0C<\/span><br data-start=\"1259\" data-end=\"1262\" \/><strong data-start=\"1262\" data-end=\"1300\">Kapaciteti maksimal i \u00e7aktivizimit<\/strong>: <span class=\"relative -mx-px my-[-0.2rem] rounded px-px py-[0.2rem] transition-colors duration-100 ease-in-out\">2000 VA<\/span><br data-start=\"1341\" data-end=\"1344\" \/><strong data-start=\"1344\" data-end=\"1382\">Kapaciteti maksimal i \u00e7aktivizimit<\/strong>: <span class=\"relative -mx-px my-[-0.2rem] rounded px-px py-[0.2rem] transition-colors duration-100 ease-in-out\">8 A AC\/DC<\/span><br data-start=\"1423\" data-end=\"1426\" \/><strong data-start=\"1426\" data-end=\"1462\">Tensioni maksimal i \u00e7aktivizimit<\/strong>: <span class=\"relative -mx-px my-[-0.2rem] rounded px-px py-[0.2rem] transition-colors duration-100 ease-in-out\">250 V AC<\/span><br data-start=\"1503\" data-end=\"1506\" \/><strong data-start=\"1506\" data-end=\"1532\">Koh\u00eb reagimi e vones\u00ebs<\/strong>: <span class=\"relative -mx-px my-[-0.2rem] rounded px-px py-[0.2rem] transition-colors duration-100 ease-in-out\">\u2264100 ms<\/span><br data-start=\"1573\" data-end=\"1576\" \/><strong data-start=\"1576\" data-end=\"1609\">Sakt\u00ebsia e vendosjes s\u00eb koh\u00ebs<\/strong>: <span class=\"relative -mx-px my-[-0.2rem] rounded px-px py-[0.2rem] transition-colors duration-100 ease-in-out\">\u00b110% e shkall\u00ebs s\u00eb plot\u00eb n\u00eb 25\u202f\u00b0C<\/span><br data-start=\"1650\" data-end=\"1653\" \/><strong data-start=\"1653\" data-end=\"1684\">P\u00ebrs\u00ebritshm\u00ebria e sakt\u00ebsis\u00eb<\/strong>: <span class=\"relative -mx-px my-[-0.2rem] rounded px-px py-[0.2rem] transition-colors duration-100 ease-in-out\">\u00b10.5% sipas IEC 61812-1<\/span><br data-start=\"1725\" data-end=\"1728\" \/><strong data-start=\"1728\" data-end=\"1748\">Koha e rikthimit<\/strong>: <span class=\"relative -mx-px my-[-0.2rem] rounded px-px py-[0.2rem] transition-colors duration-100 ease-in-out\">120 ms pas \u00e7aktivizimit<\/span><br data-start=\"1789\" data-end=\"1792\" \/><strong data-start=\"1792\" data-end=\"1825\">Imuniteti ndaj mikro-prerjeve<\/strong>: <span class=\"relative -mx-px my-[-0.2rem] rounded px-px py-[0.2rem] transition-colors duration-100 ease-in-out\">20 ms<\/span><br data-start=\"2058\" data-end=\"2061\" \/><strong data-start=\"2061\" data-end=\"2090\">Shpejt\u00ebsia e funksionimit<\/strong>: <span class=\"relative -mx-px my-[-0.2rem] rounded px-px py-[0.2rem] transition-colors duration-100 ease-in-out\">10 Hz<\/span><br data-start=\"2131\" data-end=\"2134\" \/><strong data-start=\"2134\" data-end=\"2161\">Koeficienti i ngarkes\u00ebs<\/strong>: 100%<br data-start=\"2167\" data-end=\"2170\" \/><strong data-start=\"2170\" data-end=\"2222\">Tensioni i q\u00ebndrueshm\u00ebris\u00eb ndaj impulseve (Uimp)<\/strong>: <span class=\"relative -mx-px my-[-0.2rem] rounded px-px py-[0.2rem] transition-colors duration-100 ease-in-out\">5 kV gjat\u00eb 1.2\/50 \u00b5s<\/span><br data-start=\"2263\" data-end=\"2266\" \/><strong data-start=\"2266\" data-end=\"2286\">Forca e goditjes<\/strong>: <span class=\"relative -mx-px my-[-0.2rem] rounded px-px py-[0.2rem] transition-colors duration-100 ease-in-out\">15 gn p\u00ebr 11 ms<\/span><br data-start=\"2327\" data-end=\"2330\" \/><strong data-start=\"2330\" data-end=\"2359\">Rezistenca ndaj dridhjeve<\/strong>: <span class=\"relative -mx-px my-[-0.2rem] rounded px-px py-[0.2rem] transition-colors duration-100 ease-in-out\">20 m\/s\u00b2 (f = 10\u2013150 Hz)<\/span><br data-start=\"2400\" data-end=\"2403\" \/><strong data-start=\"2403\" data-end=\"2447\">Rezistenca ndaj fushave elektromagnetike<\/strong>: <span class=\"relative -mx-px my-[-0.2rem] rounded px-px py-[0.2rem] transition-colors duration-100 ease-in-out\">10 V\/m (80 MHz deri 1 GHz)<\/span><br data-start=\"2490\" data-end=\"2493\" \/><strong data-start=\"2493\" data-end=\"2545\">Imuniteti ndaj shp\u00ebrthimeve t\u00eb shpejta elektrike<\/strong>: <span class=\"relative -mx-px my-[-0.2rem] rounded px-px py-[0.2rem] transition-colors duration-100 ease-in-out\">1 kV (klipi lidh\u00ebs kapacitiv), 2 kV (drejtp\u00ebrdrejt)<\/span><br data-start=\"2588\" data-end=\"2591\" \/><strong data-start=\"2591\" data-end=\"2650\">Imuniteti ndaj val\u00ebve RF t\u00eb drejtuara dhe t\u00eb rrezatuara<\/strong>: <span class=\"relative -mx-px my-[-0.2rem] rounded px-px py-[0.2rem] transition-colors duration-100 ease-in-out\">10 V (0.15&#8230;80 MHz)<\/span><br data-start=\"2693\" data-end=\"2696\" \/><strong data-start=\"2696\" data-end=\"2731\">Emetimet elektrike dhe radiuese<\/strong>: <span class=\"relative -mx-px my-[-0.2rem] rounded px-px py-[0.2rem] transition-colors duration-100 ease-in-out\">Klasa B sipas EN 55022<\/span><br data-start=\"2774\" data-end=\"2777\" \/><strong data-start=\"2777\" data-end=\"2802\">Rezistenca e izolimit<\/strong>: <span class=\"relative -mx-px my-[-0.2rem] rounded px-px py-[0.2rem] transition-colors duration-100 ease-in-out\">100 M\u03a9 n\u00eb 500 V DC sipas IEC 60664-1<\/span><br data-start=\"2845\" data-end=\"2848\" \/><strong data-start=\"2848\" data-end=\"2869\">Forca dielektrike<\/strong>: <span class=\"relative -mx-px my-[-0.2rem] rounded px-px py-[0.2rem] transition-colors duration-100 ease-in-out\">2.5 kV p\u00ebr 1 minut\u00eb (50 Hz) sipas IEC 61812-1<\/span><br data-start=\"2912\" data-end=\"2915\" \/><strong data-start=\"2915\" data-end=\"2947\">P\u00ebrputhshm\u00ebria me standardet<\/strong>: <span class=\"relative -mx-px my-[-0.2rem] rounded px-px py-[0.2rem] transition-colors duration-100 ease-in-out\">IEC 61812-1, EN 61000-6-3, EN 61000-6-2, EN 61000-6-1, EN 61000-6-4, 2006\/95\/EC<\/span><br data-start=\"2990\" data-end=\"2993\" \/><strong data-start=\"2993\" data-end=\"3008\">Certifikata<\/strong>: <span class=\"relative -mx-px my-[-0.2rem] rounded px-px py-[0.2rem] transition-colors duration-100 ease-in-out\">CSA, cULus, GL<\/span><br data-start=\"3051\" data-end=\"3054\" \/><strong data-start=\"3054\" data-end=\"3075\">Sinjalizimi lokal<\/strong>: <span class=\"relative -mx-px my-[-0.2rem] rounded px-px py-[0.2rem] transition-colors duration-100 ease-in-out\">LED p\u00ebr statusin e rel\u00e9-s dhe procesin e koh\u00ebs<\/span><br data-start=\"3118\" data-end=\"3121\" \/><strong data-start=\"3121\" data-end=\"3146\">Funksionalitet shtes\u00eb<\/strong>: <span class=\"relative -mx-px my-[-0.2rem] rounded px-px py-[0.2rem] transition-colors duration-100 ease-in-out\">Buton diagnostikimi p\u00ebr kontroll t\u00eb menj\u00ebhersh\u00ebm t\u00eb qarkut<\/span><br data-start=\"3189\" data-end=\"3192\" \/><strong data-start=\"3192\" data-end=\"3204\">Aplikime<\/strong>: <span class=\"relative -mx-px my-[-0.2rem] rounded px-px py-[0.2rem] transition-colors duration-100 ease-in-out\">P\u00ebrdorim n\u00eb makina, HVAC, ndri\u00e7im, sisteme ujitjeje dhe automatik\u00eb nd\u00ebrtesash<\/span><\/p>","protected":false},"excerpt":{"rendered":"<p>Seria: Harmony Timer RelaysLloji: Rel\u00e9 multifunksional me vones\u00eb kohore, 8 A, 1 CO, 0.1 s deri n\u00eb 100 h, 12&#8230;240 V AC\/DCKontakti: 1 CO (SPDT)Tensioni i komand\u00ebs (Uc): 12&#8230;240 V AC\/DCTensioni i furnizimit (Us): 12&#8230;240 V AC\/DC, 50\/60 HzRangimi i vones\u00ebs kohore: 0.1 s deri n\u00eb 100 hFunksionet e vones\u00ebs: A, Ac, At, B, Bw, [&hellip;]<\/p>","protected":false},"featured_media":3699,"comment_status":"open","ping_status":"closed","template":"","meta":{"_acf_changed":false},"product_brand":[],"product_cat":[73,41],"product_tag":[],"class_list":{"0":"post-3698","1":"product","2":"type-product","3":"status-publish","4":"has-post-thumbnail","6":"product_cat-rl-mbrojtje","7":"product_cat-pajisje-kontrolli-dhe-mbrojtje","9":"first","10":"instock","11":"shipping-taxable","12":"product-type-simple"},"acf":[],"_links":{"self":[{"href":"https:\/\/www.brikaelektrik.al\/al\/wp-json\/wp\/v2\/product\/3698","targetHints":{"allow":["GET"]}}],"collection":[{"href":"https:\/\/www.brikaelektrik.al\/al\/wp-json\/wp\/v2\/product"}],"about":[{"href":"https:\/\/www.brikaelektrik.al\/al\/wp-json\/wp\/v2\/types\/product"}],"replies":[{"embeddable":true,"href":"https:\/\/www.brikaelektrik.al\/al\/wp-json\/wp\/v2\/comments?post=3698"}],"wp:featuredmedia":[{"embeddable":true,"href":"https:\/\/www.brikaelektrik.al\/al\/wp-json\/wp\/v2\/media\/3699"}],"wp:attachment":[{"href":"https:\/\/www.brikaelektrik.al\/al\/wp-json\/wp\/v2\/media?parent=3698"}],"wp:term":[{"taxonomy":"product_brand","embeddable":true,"href":"https:\/\/www.brikaelektrik.al\/al\/wp-json\/wp\/v2\/product_brand?post=3698"},{"taxonomy":"product_cat","embeddable":true,"href":"https:\/\/www.brikaelektrik.al\/al\/wp-json\/wp\/v2\/product_cat?post=3698"},{"taxonomy":"product_tag","embeddable":true,"href":"https:\/\/www.brikaelektrik.al\/al\/wp-json\/wp\/v2\/product_tag?post=3698"}],"curies":[{"name":"wp","href":"https:\/\/api.w.org\/{rel}","templated":true}]}}