{"id":3725,"date":"2025-08-27T12:49:45","date_gmt":"2025-08-27T12:49:45","guid":{"rendered":"https:\/\/www.brikaelektrik.al\/?post_type=product&#038;p=3725"},"modified":"2025-08-27T12:49:45","modified_gmt":"2025-08-27T12:49:45","slug":"rl-termike-12-18a","status":"publish","type":"product","link":"https:\/\/www.brikaelektrik.al\/al\/produkt\/rl-termike-12-18a\/","title":{"rendered":"RL TERMIKE 12-18A"},"content":{"rendered":"<p><strong data-start=\"116\" data-end=\"126\">Seria:<\/strong> TeSys LRD<br data-start=\"136\" data-end=\"139\" \/><strong data-start=\"139\" data-end=\"149\" data-is-only-node=\"\">Lloji:<\/strong> Rel\u00e9 termik mbrojt\u00ebs p\u00ebr motor\u00eb, rregullim 12\u202618 A, klas\u00eb \u00e7aktivizimi 10 A<br data-start=\"224\" data-end=\"227\" \/><strong data-start=\"227\" data-end=\"262\">Tension operativ maksimal (Ue):<\/strong> 690 V AC (0\u2026400 Hz)<br data-start=\"282\" data-end=\"285\" \/><strong data-start=\"285\" data-end=\"310\">Tension izolimi (Ui):<\/strong> 600 V (CSA\/UL), 690 V (IEC 60947-4-1)<br data-start=\"348\" data-end=\"351\" \/><strong data-start=\"351\" data-end=\"385\">Tension ndaj impulseve (Uimp):<\/strong> 6 kV<br data-start=\"390\" data-end=\"393\" \/><strong data-start=\"393\" data-end=\"415\">Kontakte ndihm\u00ebse:<\/strong> 1 NO + 1 NC p\u00ebr sinjalizim gabimi<br data-start=\"449\" data-end=\"452\" \/><strong data-start=\"452\" data-end=\"477\">Funkcione operacioni:<\/strong> Rrot\u00eb rregullimi mbrojtjeje termike, selektor manual\/automatik p\u00ebr reset, buton testimi, buton reset\/stop, flamur indikator, mbules\u00eb transparente e ky\u00e7ueshme<br data-start=\"635\" data-end=\"638\" \/><strong data-start=\"638\" data-end=\"659\">Lidhje elektrike:<\/strong> Terminale me vid\u00eb; montim direkt mbi kontaktor\u00ebt LC1D18\u2013D38; mund\u00ebsi montimi n\u00eb shirit DIN ose me modul LAD7B106<br data-start=\"772\" data-end=\"775\" \/><strong data-start=\"775\" data-end=\"803\">Temperatura funksionimi:<\/strong> \u201320 \u00b0C deri +60 \u00b0C pa derating<br data-start=\"834\" data-end=\"837\" \/><strong data-start=\"837\" data-end=\"864\">Temperatura magazinimi:<\/strong> \u201360 \u00b0C deri +70 \u00b0C<br data-start=\"883\" data-end=\"886\" \/><strong data-start=\"886\" data-end=\"914\">Dimensionet (G \u00d7 L \u00d7 T):<\/strong> 45 mm \u00d7 66 mm \u00d7 70 mm<br data-start=\"936\" data-end=\"939\" \/><strong data-start=\"939\" data-end=\"952\">Mbrojtja:<\/strong> IP20<\/p>","protected":false},"excerpt":{"rendered":"<p>Seria: TeSys LRDLloji: Rel\u00e9 termik mbrojt\u00ebs p\u00ebr motor\u00eb, rregullim 12\u202618 A, klas\u00eb \u00e7aktivizimi 10 ATension operativ maksimal (Ue): 690 V AC (0\u2026400 Hz)Tension izolimi (Ui): 600 V (CSA\/UL), 690 V (IEC 60947-4-1)Tension ndaj impulseve (Uimp): 6 kVKontakte ndihm\u00ebse: 1 NO + 1 NC p\u00ebr sinjalizim gabimiFunkcione operacioni: Rrot\u00eb rregullimi mbrojtjeje termike, selektor manual\/automatik p\u00ebr reset, [&hellip;]<\/p>","protected":false},"featured_media":3726,"comment_status":"open","ping_status":"closed","template":"","meta":{"_acf_changed":false},"product_brand":[],"product_cat":[73,41],"product_tag":[],"class_list":{"0":"post-3725","1":"product","2":"type-product","3":"status-publish","4":"has-post-thumbnail","6":"product_cat-rl-mbrojtje","7":"product_cat-pajisje-kontrolli-dhe-mbrojtje","9":"first","10":"instock","11":"shipping-taxable","12":"product-type-simple"},"acf":[],"_links":{"self":[{"href":"https:\/\/www.brikaelektrik.al\/al\/wp-json\/wp\/v2\/product\/3725","targetHints":{"allow":["GET"]}}],"collection":[{"href":"https:\/\/www.brikaelektrik.al\/al\/wp-json\/wp\/v2\/product"}],"about":[{"href":"https:\/\/www.brikaelektrik.al\/al\/wp-json\/wp\/v2\/types\/product"}],"replies":[{"embeddable":true,"href":"https:\/\/www.brikaelektrik.al\/al\/wp-json\/wp\/v2\/comments?post=3725"}],"wp:featuredmedia":[{"embeddable":true,"href":"https:\/\/www.brikaelektrik.al\/al\/wp-json\/wp\/v2\/media\/3726"}],"wp:attachment":[{"href":"https:\/\/www.brikaelektrik.al\/al\/wp-json\/wp\/v2\/media?parent=3725"}],"wp:term":[{"taxonomy":"product_brand","embeddable":true,"href":"https:\/\/www.brikaelektrik.al\/al\/wp-json\/wp\/v2\/product_brand?post=3725"},{"taxonomy":"product_cat","embeddable":true,"href":"https:\/\/www.brikaelektrik.al\/al\/wp-json\/wp\/v2\/product_cat?post=3725"},{"taxonomy":"product_tag","embeddable":true,"href":"https:\/\/www.brikaelektrik.al\/al\/wp-json\/wp\/v2\/product_tag?post=3725"}],"curies":[{"name":"wp","href":"https:\/\/api.w.org\/{rel}","templated":true}]}}