{"id":3727,"date":"2025-08-27T12:52:36","date_gmt":"2025-08-27T12:52:36","guid":{"rendered":"https:\/\/www.brikaelektrik.al\/?post_type=product&#038;p=3727"},"modified":"2025-08-27T12:52:36","modified_gmt":"2025-08-27T12:52:36","slug":"rl-termike-16-24a","status":"publish","type":"product","link":"https:\/\/www.brikaelektrik.al\/al\/produkt\/rl-termike-16-24a\/","title":{"rendered":"RL TERMIKE 16-24A"},"content":{"rendered":"<p><strong data-start=\"95\" data-end=\"105\">Seria:<\/strong> TeSys LRD<br data-start=\"115\" data-end=\"118\" \/><strong data-start=\"118\" data-end=\"128\" data-is-only-node=\"\">Lloji:<\/strong> Rel\u00e9 termik mbrojt\u00ebs p\u00ebr motor\u00eb, rregullim 16\u202624 A, klas\u00eb \u00e7aktivizimi 10 A<br data-start=\"203\" data-end=\"206\" \/><strong data-start=\"206\" data-end=\"241\">Tension operativ maksimal (Ue):<\/strong> 690 V AC (0\u2026400 Hz)<br data-start=\"261\" data-end=\"264\" \/><strong data-start=\"264\" data-end=\"289\">Tension izolimi (Ui):<\/strong> 600 V (CSA\/UL), 690 V (IEC 60947-4-1)<br data-start=\"327\" data-end=\"330\" \/><strong data-start=\"330\" data-end=\"364\">Tension ndaj impulseve (Uimp):<\/strong> 6 kV<br data-start=\"369\" data-end=\"372\" \/><strong data-start=\"372\" data-end=\"394\">Kontakte ndihm\u00ebse:<\/strong> 1 NO + 1 NC p\u00ebr sinjalizim gabimi<br data-start=\"428\" data-end=\"431\" \/><strong data-start=\"431\" data-end=\"456\">Funkcione operacioni:<\/strong> Rrot\u00eb rregullimi mbrojtjeje termike, selektor manual\/automatik p\u00ebr reset, buton testimi, buton reset\/stop, flamur indikator, mbules\u00eb transparente e ky\u00e7ueshme<br data-start=\"614\" data-end=\"617\" \/><strong data-start=\"617\" data-end=\"638\">Lidhje elektrike:<\/strong> Terminale me vid\u00eb; montim direkt mbi kontaktor\u00ebt LC1D18\u2013D38; mund\u00ebsi montimi n\u00eb shirit DIN ose me modul LAD7B106<br data-start=\"751\" data-end=\"754\" \/><strong data-start=\"754\" data-end=\"782\">Temperatura funksionimi:<\/strong> \u201320 \u00b0C deri +60 \u00b0C pa derating<br data-start=\"813\" data-end=\"816\" \/><strong data-start=\"816\" data-end=\"843\">Temperatura magazinimi:<\/strong> \u201360 \u00b0C deri +70 \u00b0C<br data-start=\"862\" data-end=\"865\" \/><strong data-start=\"865\" data-end=\"893\">Dimensionet (G \u00d7 L \u00d7 T):<\/strong> 45 mm \u00d7 66 mm \u00d7 70 mm<br data-start=\"915\" data-end=\"918\" \/><strong data-start=\"918\" data-end=\"931\">Mbrojtja:<\/strong> IP20<\/p>","protected":false},"excerpt":{"rendered":"<p>Seria: TeSys LRDLloji: Rel\u00e9 termik mbrojt\u00ebs p\u00ebr motor\u00eb, rregullim 16\u202624 A, klas\u00eb \u00e7aktivizimi 10 ATension operativ maksimal (Ue): 690 V AC (0\u2026400 Hz)Tension izolimi (Ui): 600 V (CSA\/UL), 690 V (IEC 60947-4-1)Tension ndaj impulseve (Uimp): 6 kVKontakte ndihm\u00ebse: 1 NO + 1 NC p\u00ebr sinjalizim gabimiFunkcione operacioni: Rrot\u00eb rregullimi mbrojtjeje termike, selektor manual\/automatik p\u00ebr reset, [&hellip;]<\/p>","protected":false},"featured_media":3728,"comment_status":"open","ping_status":"closed","template":"","meta":{"_acf_changed":false},"product_brand":[],"product_cat":[15],"product_tag":[],"class_list":{"0":"post-3727","1":"product","2":"type-product","3":"status-publish","4":"has-post-thumbnail","6":"product_cat-uncategorized","8":"first","9":"instock","10":"shipping-taxable","11":"product-type-simple"},"acf":[],"_links":{"self":[{"href":"https:\/\/www.brikaelektrik.al\/al\/wp-json\/wp\/v2\/product\/3727","targetHints":{"allow":["GET"]}}],"collection":[{"href":"https:\/\/www.brikaelektrik.al\/al\/wp-json\/wp\/v2\/product"}],"about":[{"href":"https:\/\/www.brikaelektrik.al\/al\/wp-json\/wp\/v2\/types\/product"}],"replies":[{"embeddable":true,"href":"https:\/\/www.brikaelektrik.al\/al\/wp-json\/wp\/v2\/comments?post=3727"}],"wp:featuredmedia":[{"embeddable":true,"href":"https:\/\/www.brikaelektrik.al\/al\/wp-json\/wp\/v2\/media\/3728"}],"wp:attachment":[{"href":"https:\/\/www.brikaelektrik.al\/al\/wp-json\/wp\/v2\/media?parent=3727"}],"wp:term":[{"taxonomy":"product_brand","embeddable":true,"href":"https:\/\/www.brikaelektrik.al\/al\/wp-json\/wp\/v2\/product_brand?post=3727"},{"taxonomy":"product_cat","embeddable":true,"href":"https:\/\/www.brikaelektrik.al\/al\/wp-json\/wp\/v2\/product_cat?post=3727"},{"taxonomy":"product_tag","embeddable":true,"href":"https:\/\/www.brikaelektrik.al\/al\/wp-json\/wp\/v2\/product_tag?post=3727"}],"curies":[{"name":"wp","href":"https:\/\/api.w.org\/{rel}","templated":true}]}}