{"id":3737,"date":"2025-08-27T13:18:07","date_gmt":"2025-08-27T13:18:07","guid":{"rendered":"https:\/\/www.brikaelektrik.al\/?post_type=product&#038;p=3737"},"modified":"2025-08-27T13:18:07","modified_gmt":"2025-08-27T13:18:07","slug":"rl-ndermjetese-8-kembeza-24v-ac-12a","status":"publish","type":"product","link":"https:\/\/www.brikaelektrik.al\/al\/produkt\/rl-ndermjetese-8-kembeza-24v-ac-12a\/","title":{"rendered":"RL ND\u00cbRMJET\u00cbSE 8 K\u00cbMB\u00cbZA 24V AC 12A"},"content":{"rendered":"<p><strong data-start=\"99\" data-end=\"109\">Seria:<\/strong> RXM<br data-start=\"113\" data-end=\"116\" \/><strong data-start=\"116\" data-end=\"126\" data-is-only-node=\"\">Lloji:<\/strong> Rel\u00e9 elektromagnetik miniatur\u00eb, 2 kontakte nd\u00ebrlidh\u00ebse (2 NO)<br data-start=\"188\" data-end=\"191\" \/><strong data-start=\"191\" data-end=\"205\">Funksioni:<\/strong> P\u00ebrdoret p\u00ebr kontrollin dhe sinjalizimin n\u00eb automatik\u00eb industriale dhe sisteme elektro-mekanike<br data-start=\"301\" data-end=\"304\" \/><strong data-start=\"304\" data-end=\"330\">Tensioni i kontrollit:<\/strong> 230 V AC<br data-start=\"339\" data-end=\"342\" \/><strong data-start=\"342\" data-end=\"367\">Fuqia e \u00e7aktivizimit:<\/strong> P\u00ebrshtatet p\u00ebr ngarkesa t\u00eb lehta deri mesatare n\u00eb qarkun e daljeve<br data-start=\"434\" data-end=\"437\" \/><strong data-start=\"437\" data-end=\"450\">Kontakte:<\/strong> 2 kontaktet normalisht t\u00eb hapura (2 NO)<br data-start=\"490\" data-end=\"493\" \/><strong data-start=\"493\" data-end=\"506\">Mbrojtja:<\/strong> IP20<br data-start=\"511\" data-end=\"514\" \/><strong data-start=\"514\" data-end=\"530\">Dimensionet:<\/strong> Kompakt dhe i p\u00ebrshtatsh\u00ebm p\u00ebr montim n\u00eb baza DIN ose n\u00eb panele kontrolli<br data-start=\"604\" data-end=\"607\" \/><strong data-start=\"607\" data-end=\"638\">Temperatura e funksionimit:<\/strong> \u201340 \u00b0C deri +70 \u00b0C<br data-start=\"657\" data-end=\"660\" \/><strong data-start=\"660\" data-end=\"681\">Lidhje elektrike:<\/strong> Terminale me vid\u00eb p\u00ebr lidhje t\u00eb q\u00ebndrueshme dhe t\u00eb sigurt\u00eb<\/p>","protected":false},"excerpt":{"rendered":"<p>Seria: RXMLloji: Rel\u00e9 elektromagnetik miniatur\u00eb, 2 kontakte nd\u00ebrlidh\u00ebse (2 NO)Funksioni: P\u00ebrdoret p\u00ebr kontrollin dhe sinjalizimin n\u00eb automatik\u00eb industriale dhe sisteme elektro-mekanikeTensioni i kontrollit: 230 V ACFuqia e \u00e7aktivizimit: P\u00ebrshtatet p\u00ebr ngarkesa t\u00eb lehta deri mesatare n\u00eb qarkun e daljeveKontakte: 2 kontaktet normalisht t\u00eb hapura (2 NO)Mbrojtja: IP20Dimensionet: Kompakt dhe i p\u00ebrshtatsh\u00ebm p\u00ebr montim n\u00eb baza [&hellip;]<\/p>","protected":false},"featured_media":3738,"comment_status":"open","ping_status":"closed","template":"","meta":{"_acf_changed":false},"product_brand":[],"product_cat":[73,41],"product_tag":[],"class_list":{"0":"post-3737","1":"product","2":"type-product","3":"status-publish","4":"has-post-thumbnail","6":"product_cat-rl-mbrojtje","7":"product_cat-pajisje-kontrolli-dhe-mbrojtje","9":"first","10":"instock","11":"shipping-taxable","12":"product-type-simple"},"acf":[],"_links":{"self":[{"href":"https:\/\/www.brikaelektrik.al\/al\/wp-json\/wp\/v2\/product\/3737","targetHints":{"allow":["GET"]}}],"collection":[{"href":"https:\/\/www.brikaelektrik.al\/al\/wp-json\/wp\/v2\/product"}],"about":[{"href":"https:\/\/www.brikaelektrik.al\/al\/wp-json\/wp\/v2\/types\/product"}],"replies":[{"embeddable":true,"href":"https:\/\/www.brikaelektrik.al\/al\/wp-json\/wp\/v2\/comments?post=3737"}],"wp:featuredmedia":[{"embeddable":true,"href":"https:\/\/www.brikaelektrik.al\/al\/wp-json\/wp\/v2\/media\/3738"}],"wp:attachment":[{"href":"https:\/\/www.brikaelektrik.al\/al\/wp-json\/wp\/v2\/media?parent=3737"}],"wp:term":[{"taxonomy":"product_brand","embeddable":true,"href":"https:\/\/www.brikaelektrik.al\/al\/wp-json\/wp\/v2\/product_brand?post=3737"},{"taxonomy":"product_cat","embeddable":true,"href":"https:\/\/www.brikaelektrik.al\/al\/wp-json\/wp\/v2\/product_cat?post=3737"},{"taxonomy":"product_tag","embeddable":true,"href":"https:\/\/www.brikaelektrik.al\/al\/wp-json\/wp\/v2\/product_tag?post=3737"}],"curies":[{"name":"wp","href":"https:\/\/api.w.org\/{rel}","templated":true}]}}