{"id":3739,"date":"2025-08-27T13:23:10","date_gmt":"2025-08-27T13:23:10","guid":{"rendered":"https:\/\/www.brikaelektrik.al\/?post_type=product&#038;p=3739"},"modified":"2025-08-27T13:23:10","modified_gmt":"2025-08-27T13:23:10","slug":"rl-termike-0-63-1a","status":"publish","type":"product","link":"https:\/\/www.brikaelektrik.al\/al\/produkt\/rl-termike-0-63-1a\/","title":{"rendered":"RL TERMIKE 0.63-1A"},"content":{"rendered":"<p><strong data-start=\"95\" data-end=\"105\">Seria:<\/strong> TeSys LRD<br data-start=\"115\" data-end=\"118\" \/><strong data-start=\"118\" data-end=\"128\" data-is-only-node=\"\">Lloji:<\/strong> Rel\u00e9 termik mbrojt\u00ebs p\u00ebr motor\u00eb, rregullim 4\u20266 A, klas\u00eb \u00e7aktivizimi 10 A<br data-start=\"201\" data-end=\"204\" \/><strong data-start=\"204\" data-end=\"239\">Tension operativ maksimal (Ue):<\/strong> 690 V AC (0\u2026400 Hz)<br data-start=\"259\" data-end=\"262\" \/><strong data-start=\"262\" data-end=\"287\">Tension izolimi (Ui):<\/strong> 600 V (CSA\/UL), 690 V (IEC 60947-4-1)<br data-start=\"325\" data-end=\"328\" \/><strong data-start=\"328\" data-end=\"362\">Tension ndaj impulseve (Uimp):<\/strong> 6 kV<br data-start=\"367\" data-end=\"370\" \/><strong data-start=\"370\" data-end=\"392\">Kontakte ndihm\u00ebse:<\/strong> 1 NO + 1 NC p\u00ebr sinjalizim gabimi<br data-start=\"426\" data-end=\"429\" \/><strong data-start=\"429\" data-end=\"454\">Funkcione operacioni:<\/strong> Rrot\u00eb rregullimi mbrojtjeje termike, selektor manual\/automatik p\u00ebr reset, buton testimi, buton reset\/stop, flamur indikator, mbules\u00eb transparente e ky\u00e7ueshme<br data-start=\"612\" data-end=\"615\" \/><strong data-start=\"615\" data-end=\"636\">Lidhje elektrike:<\/strong> Terminale me vid\u00eb; montim direkt mbi kontaktor\u00ebt LC1D09\u2013D38; mund\u00ebsi montimi n\u00eb shirit DIN ose me modul LAD7B106<br data-start=\"749\" data-end=\"752\" \/><strong data-start=\"752\" data-end=\"780\">Temperatura funksionimi:<\/strong> \u201320 \u00b0C deri +60 \u00b0C pa derating<br data-start=\"811\" data-end=\"814\" \/><strong data-start=\"814\" data-end=\"841\">Temperatura magazinimi:<\/strong> \u201360 \u00b0C deri +70 \u00b0C<br data-start=\"860\" data-end=\"863\" \/><strong data-start=\"863\" data-end=\"891\">Dimensionet (G \u00d7 L \u00d7 T):<\/strong> 45 mm \u00d7 66 mm \u00d7 70 mm<br data-start=\"913\" data-end=\"916\" \/><strong data-start=\"916\" data-end=\"929\">Mbrojtja:<\/strong> IP20<\/p>","protected":false},"excerpt":{"rendered":"<p>Seria: TeSys LRDLloji: Rel\u00e9 termik mbrojt\u00ebs p\u00ebr motor\u00eb, rregullim 4\u20266 A, klas\u00eb \u00e7aktivizimi 10 ATension operativ maksimal (Ue): 690 V AC (0\u2026400 Hz)Tension izolimi (Ui): 600 V (CSA\/UL), 690 V (IEC 60947-4-1)Tension ndaj impulseve (Uimp): 6 kVKontakte ndihm\u00ebse: 1 NO + 1 NC p\u00ebr sinjalizim gabimiFunkcione operacioni: Rrot\u00eb rregullimi mbrojtjeje termike, selektor manual\/automatik p\u00ebr reset, [&hellip;]<\/p>","protected":false},"featured_media":3740,"comment_status":"open","ping_status":"closed","template":"","meta":{"_acf_changed":false},"product_brand":[],"product_cat":[73,41],"product_tag":[],"class_list":{"0":"post-3739","1":"product","2":"type-product","3":"status-publish","4":"has-post-thumbnail","6":"product_cat-rl-mbrojtje","7":"product_cat-pajisje-kontrolli-dhe-mbrojtje","9":"first","10":"instock","11":"shipping-taxable","12":"product-type-simple"},"acf":[],"_links":{"self":[{"href":"https:\/\/www.brikaelektrik.al\/al\/wp-json\/wp\/v2\/product\/3739","targetHints":{"allow":["GET"]}}],"collection":[{"href":"https:\/\/www.brikaelektrik.al\/al\/wp-json\/wp\/v2\/product"}],"about":[{"href":"https:\/\/www.brikaelektrik.al\/al\/wp-json\/wp\/v2\/types\/product"}],"replies":[{"embeddable":true,"href":"https:\/\/www.brikaelektrik.al\/al\/wp-json\/wp\/v2\/comments?post=3739"}],"wp:featuredmedia":[{"embeddable":true,"href":"https:\/\/www.brikaelektrik.al\/al\/wp-json\/wp\/v2\/media\/3740"}],"wp:attachment":[{"href":"https:\/\/www.brikaelektrik.al\/al\/wp-json\/wp\/v2\/media?parent=3739"}],"wp:term":[{"taxonomy":"product_brand","embeddable":true,"href":"https:\/\/www.brikaelektrik.al\/al\/wp-json\/wp\/v2\/product_brand?post=3739"},{"taxonomy":"product_cat","embeddable":true,"href":"https:\/\/www.brikaelektrik.al\/al\/wp-json\/wp\/v2\/product_cat?post=3739"},{"taxonomy":"product_tag","embeddable":true,"href":"https:\/\/www.brikaelektrik.al\/al\/wp-json\/wp\/v2\/product_tag?post=3739"}],"curies":[{"name":"wp","href":"https:\/\/api.w.org\/{rel}","templated":true}]}}