{"id":3741,"date":"2025-08-27T13:25:46","date_gmt":"2025-08-27T13:25:46","guid":{"rendered":"https:\/\/www.brikaelektrik.al\/?post_type=product&#038;p=3741"},"modified":"2025-08-27T13:25:46","modified_gmt":"2025-08-27T13:25:46","slug":"rl-ndermjetese-8-kembeza-12a-12v-dc","status":"publish","type":"product","link":"https:\/\/www.brikaelektrik.al\/al\/produkt\/rl-ndermjetese-8-kembeza-12a-12v-dc\/","title":{"rendered":"RL ND\u00cbRMJET\u00cbSE 8 K\u00cbMB\u00cbZA 12A 12V DC"},"content":{"rendered":"<p><strong data-start=\"99\" data-end=\"109\">Seria:<\/strong> RXM<br data-start=\"113\" data-end=\"116\" \/><strong data-start=\"116\" data-end=\"126\" data-is-only-node=\"\">Lloji:<\/strong> Rel\u00e9 elektromagnetik miniatur\u00eb, 2 kontakte normalisht t\u00eb hapura (2 NO)<br data-start=\"197\" data-end=\"200\" \/><strong data-start=\"200\" data-end=\"226\">Tensioni i kontrollit:<\/strong> 24 V DC<br data-start=\"234\" data-end=\"237\" \/><strong data-start=\"237\" data-end=\"262\">Fuqia e \u00e7aktivizimit:<\/strong> P\u00ebrshtatet p\u00ebr ngarkesa t\u00eb lehta dhe mesatare n\u00eb qarkun e daljeve<br data-start=\"328\" data-end=\"331\" \/><strong data-start=\"331\" data-end=\"344\">Kontakte:<\/strong> 2 kontakte ndihm\u00ebse NO<br data-start=\"367\" data-end=\"370\" \/><strong data-start=\"370\" data-end=\"383\">Mbrojtja:<\/strong> IP20<br data-start=\"388\" data-end=\"391\" \/><strong data-start=\"391\" data-end=\"407\">Dimensionet:<\/strong> Kompakt, i p\u00ebrshtatsh\u00ebm p\u00ebr montim n\u00eb baza DIN ose n\u00eb panele kontrolli<br data-start=\"478\" data-end=\"481\" \/><strong data-start=\"481\" data-end=\"512\">Temperatura e funksionimit:<\/strong> \u201340 \u00b0C deri +70 \u00b0C<br data-start=\"531\" data-end=\"534\" \/><strong data-start=\"534\" data-end=\"555\">Lidhje elektrike:<\/strong> Terminale me vid\u00eb p\u00ebr lidhje t\u00eb q\u00ebndrueshme dhe t\u00eb sigurt\u00eb<\/p>","protected":false},"excerpt":{"rendered":"<p>Seria: RXMLloji: Rel\u00e9 elektromagnetik miniatur\u00eb, 2 kontakte normalisht t\u00eb hapura (2 NO)Tensioni i kontrollit: 24 V DCFuqia e \u00e7aktivizimit: P\u00ebrshtatet p\u00ebr ngarkesa t\u00eb lehta dhe mesatare n\u00eb qarkun e daljeveKontakte: 2 kontakte ndihm\u00ebse NOMbrojtja: IP20Dimensionet: Kompakt, i p\u00ebrshtatsh\u00ebm p\u00ebr montim n\u00eb baza DIN ose n\u00eb panele kontrolliTemperatura e funksionimit: \u201340 \u00b0C deri +70 \u00b0CLidhje elektrike: [&hellip;]<\/p>","protected":false},"featured_media":3742,"comment_status":"open","ping_status":"closed","template":"","meta":{"_acf_changed":false},"product_brand":[],"product_cat":[73,41],"product_tag":[],"class_list":{"0":"post-3741","1":"product","2":"type-product","3":"status-publish","4":"has-post-thumbnail","6":"product_cat-rl-mbrojtje","7":"product_cat-pajisje-kontrolli-dhe-mbrojtje","9":"first","10":"instock","11":"shipping-taxable","12":"product-type-simple"},"acf":[],"_links":{"self":[{"href":"https:\/\/www.brikaelektrik.al\/al\/wp-json\/wp\/v2\/product\/3741","targetHints":{"allow":["GET"]}}],"collection":[{"href":"https:\/\/www.brikaelektrik.al\/al\/wp-json\/wp\/v2\/product"}],"about":[{"href":"https:\/\/www.brikaelektrik.al\/al\/wp-json\/wp\/v2\/types\/product"}],"replies":[{"embeddable":true,"href":"https:\/\/www.brikaelektrik.al\/al\/wp-json\/wp\/v2\/comments?post=3741"}],"wp:featuredmedia":[{"embeddable":true,"href":"https:\/\/www.brikaelektrik.al\/al\/wp-json\/wp\/v2\/media\/3742"}],"wp:attachment":[{"href":"https:\/\/www.brikaelektrik.al\/al\/wp-json\/wp\/v2\/media?parent=3741"}],"wp:term":[{"taxonomy":"product_brand","embeddable":true,"href":"https:\/\/www.brikaelektrik.al\/al\/wp-json\/wp\/v2\/product_brand?post=3741"},{"taxonomy":"product_cat","embeddable":true,"href":"https:\/\/www.brikaelektrik.al\/al\/wp-json\/wp\/v2\/product_cat?post=3741"},{"taxonomy":"product_tag","embeddable":true,"href":"https:\/\/www.brikaelektrik.al\/al\/wp-json\/wp\/v2\/product_tag?post=3741"}],"curies":[{"name":"wp","href":"https:\/\/api.w.org\/{rel}","templated":true}]}}