{"id":3743,"date":"2025-08-27T13:27:58","date_gmt":"2025-08-27T13:27:58","guid":{"rendered":"https:\/\/www.brikaelektrik.al\/?post_type=product&#038;p=3743"},"modified":"2025-08-27T13:27:58","modified_gmt":"2025-08-27T13:27:58","slug":"rl-ndermjetese-14-kembeza-24v-ac-6a","status":"publish","type":"product","link":"https:\/\/www.brikaelektrik.al\/al\/produkt\/rl-ndermjetese-14-kembeza-24v-ac-6a\/","title":{"rendered":"RL ND\u00cbRMJET\u00cbSE 14 K\u00cbMB\u00cbZA 24V AC 6A"},"content":{"rendered":"<p><strong data-start=\"100\" data-end=\"110\">Seria:<\/strong> RXM<br data-start=\"114\" data-end=\"117\" \/><strong data-start=\"117\" data-end=\"127\" data-is-only-node=\"\">Lloji:<\/strong> Rel\u00e9 elektromagnetik miniatur\u00eb, 4 kontakte nd\u00ebrlidh\u00ebse (2 NO + 2 NC)<br data-start=\"196\" data-end=\"199\" \/><strong data-start=\"199\" data-end=\"225\">Tensioni i kontrollit:<\/strong> 230 V AC<br data-start=\"234\" data-end=\"237\" \/><strong data-start=\"237\" data-end=\"262\">Fuqia e \u00e7aktivizimit:<\/strong> P\u00ebrshtatet p\u00ebr ngarkesa t\u00eb lehta deri mesatare n\u00eb qarkun e daljeve<br data-start=\"329\" data-end=\"332\" \/><strong data-start=\"332\" data-end=\"345\">Kontakte:<\/strong> 2 kontakte normalisht t\u00eb hapura (NO) + 2 kontakte normalisht t\u00eb mbyllura (NC)<br data-start=\"423\" data-end=\"426\" \/><strong data-start=\"426\" data-end=\"439\">Mbrojtja:<\/strong> IP20<br data-start=\"444\" data-end=\"447\" \/><strong data-start=\"447\" data-end=\"463\">Dimensionet:<\/strong> Kompakt dhe i p\u00ebrshtatsh\u00ebm p\u00ebr montim n\u00eb baza DIN ose n\u00eb panele kontrolli<br data-start=\"537\" data-end=\"540\" \/><strong data-start=\"540\" data-end=\"571\">Temperatura e funksionimit:<\/strong> \u201340 \u00b0C deri +70 \u00b0C<br data-start=\"590\" data-end=\"593\" \/><strong data-start=\"593\" data-end=\"614\">Lidhje elektrike:<\/strong> Terminale me vid\u00eb p\u00ebr lidhje t\u00eb q\u00ebndrueshme dhe t\u00eb sigurt\u00eb<\/p>","protected":false},"excerpt":{"rendered":"<p>Seria: RXMLloji: Rel\u00e9 elektromagnetik miniatur\u00eb, 4 kontakte nd\u00ebrlidh\u00ebse (2 NO + 2 NC)Tensioni i kontrollit: 230 V ACFuqia e \u00e7aktivizimit: P\u00ebrshtatet p\u00ebr ngarkesa t\u00eb lehta deri mesatare n\u00eb qarkun e daljeveKontakte: 2 kontakte normalisht t\u00eb hapura (NO) + 2 kontakte normalisht t\u00eb mbyllura (NC)Mbrojtja: IP20Dimensionet: Kompakt dhe i p\u00ebrshtatsh\u00ebm p\u00ebr montim n\u00eb baza DIN ose [&hellip;]<\/p>","protected":false},"featured_media":3744,"comment_status":"open","ping_status":"closed","template":"","meta":{"_acf_changed":false},"product_brand":[],"product_cat":[73,41],"product_tag":[],"class_list":{"0":"post-3743","1":"product","2":"type-product","3":"status-publish","4":"has-post-thumbnail","6":"product_cat-rl-mbrojtje","7":"product_cat-pajisje-kontrolli-dhe-mbrojtje","9":"first","10":"instock","11":"shipping-taxable","12":"product-type-simple"},"acf":[],"_links":{"self":[{"href":"https:\/\/www.brikaelektrik.al\/al\/wp-json\/wp\/v2\/product\/3743","targetHints":{"allow":["GET"]}}],"collection":[{"href":"https:\/\/www.brikaelektrik.al\/al\/wp-json\/wp\/v2\/product"}],"about":[{"href":"https:\/\/www.brikaelektrik.al\/al\/wp-json\/wp\/v2\/types\/product"}],"replies":[{"embeddable":true,"href":"https:\/\/www.brikaelektrik.al\/al\/wp-json\/wp\/v2\/comments?post=3743"}],"wp:featuredmedia":[{"embeddable":true,"href":"https:\/\/www.brikaelektrik.al\/al\/wp-json\/wp\/v2\/media\/3744"}],"wp:attachment":[{"href":"https:\/\/www.brikaelektrik.al\/al\/wp-json\/wp\/v2\/media?parent=3743"}],"wp:term":[{"taxonomy":"product_brand","embeddable":true,"href":"https:\/\/www.brikaelektrik.al\/al\/wp-json\/wp\/v2\/product_brand?post=3743"},{"taxonomy":"product_cat","embeddable":true,"href":"https:\/\/www.brikaelektrik.al\/al\/wp-json\/wp\/v2\/product_cat?post=3743"},{"taxonomy":"product_tag","embeddable":true,"href":"https:\/\/www.brikaelektrik.al\/al\/wp-json\/wp\/v2\/product_tag?post=3743"}],"curies":[{"name":"wp","href":"https:\/\/api.w.org\/{rel}","templated":true}]}}