{"id":3748,"date":"2025-08-27T13:35:49","date_gmt":"2025-08-27T13:35:49","guid":{"rendered":"https:\/\/www.brikaelektrik.al\/?post_type=product&#038;p=3748"},"modified":"2025-08-27T13:35:49","modified_gmt":"2025-08-27T13:35:49","slug":"rl-ndermjetese-14-kembeza-48v-dc-6a","status":"publish","type":"product","link":"https:\/\/www.brikaelektrik.al\/al\/produkt\/rl-ndermjetese-14-kembeza-48v-dc-6a\/","title":{"rendered":"RL ND\u00cbRMJET\u00cbSE 14 K\u00cbMB\u00cbZA 48V DC 6A"},"content":{"rendered":"<p><strong data-start=\"99\" data-end=\"109\">Seria:<\/strong> RXM<br data-start=\"113\" data-end=\"116\" \/><strong data-start=\"116\" data-end=\"126\" data-is-only-node=\"\">Lloji:<\/strong> Rel\u00e9 elektromagnetik miniatur\u00eb, 4 kontakte nd\u00ebrlidh\u00ebse (2 NO + 2 NC)<br data-start=\"195\" data-end=\"198\" \/><strong data-start=\"198\" data-end=\"224\">Tensioni i kontrollit:<\/strong> 48 V DC<br data-start=\"232\" data-end=\"235\" \/><strong data-start=\"235\" data-end=\"248\">Kontakte:<\/strong> 2 kontakte normalisht t\u00eb hapura (NO) + 2 kontakte normalisht t\u00eb mbyllura (NC)<br data-start=\"326\" data-end=\"329\" \/><strong data-start=\"329\" data-end=\"354\">Fuqia e \u00e7aktivizimit:<\/strong> P\u00ebrshtatet p\u00ebr ngarkesa t\u00eb lehta dhe mesatare n\u00eb qarkun e daljeve<br data-start=\"420\" data-end=\"423\" \/><strong data-start=\"423\" data-end=\"436\">Mbrojtja:<\/strong> IP20<br data-start=\"441\" data-end=\"444\" \/><strong data-start=\"444\" data-end=\"460\">Dimensionet:<\/strong> Kompakt dhe i p\u00ebrshtatsh\u00ebm p\u00ebr montim n\u00eb baza DIN ose n\u00eb panele kontrolli<br data-start=\"534\" data-end=\"537\" \/><strong data-start=\"537\" data-end=\"568\">Temperatura e funksionimit:<\/strong> \u201340 \u00b0C deri +70 \u00b0C<br data-start=\"587\" data-end=\"590\" \/><strong data-start=\"590\" data-end=\"611\">Lidhje elektrike:<\/strong> Terminale me vid\u00eb p\u00ebr lidhje t\u00eb q\u00ebndrueshme dhe t\u00eb sigurt\u00eb<\/p>","protected":false},"excerpt":{"rendered":"<p>Seria: RXMLloji: Rel\u00e9 elektromagnetik miniatur\u00eb, 4 kontakte nd\u00ebrlidh\u00ebse (2 NO + 2 NC)Tensioni i kontrollit: 48 V DCKontakte: 2 kontakte normalisht t\u00eb hapura (NO) + 2 kontakte normalisht t\u00eb mbyllura (NC)Fuqia e \u00e7aktivizimit: P\u00ebrshtatet p\u00ebr ngarkesa t\u00eb lehta dhe mesatare n\u00eb qarkun e daljeveMbrojtja: IP20Dimensionet: Kompakt dhe i p\u00ebrshtatsh\u00ebm p\u00ebr montim n\u00eb baza DIN ose [&hellip;]<\/p>","protected":false},"featured_media":3749,"comment_status":"open","ping_status":"closed","template":"","meta":{"_acf_changed":false},"product_brand":[],"product_cat":[73,41],"product_tag":[],"class_list":{"0":"post-3748","1":"product","2":"type-product","3":"status-publish","4":"has-post-thumbnail","6":"product_cat-rl-mbrojtje","7":"product_cat-pajisje-kontrolli-dhe-mbrojtje","9":"first","10":"instock","11":"shipping-taxable","12":"product-type-simple"},"acf":[],"_links":{"self":[{"href":"https:\/\/www.brikaelektrik.al\/al\/wp-json\/wp\/v2\/product\/3748","targetHints":{"allow":["GET"]}}],"collection":[{"href":"https:\/\/www.brikaelektrik.al\/al\/wp-json\/wp\/v2\/product"}],"about":[{"href":"https:\/\/www.brikaelektrik.al\/al\/wp-json\/wp\/v2\/types\/product"}],"replies":[{"embeddable":true,"href":"https:\/\/www.brikaelektrik.al\/al\/wp-json\/wp\/v2\/comments?post=3748"}],"wp:featuredmedia":[{"embeddable":true,"href":"https:\/\/www.brikaelektrik.al\/al\/wp-json\/wp\/v2\/media\/3749"}],"wp:attachment":[{"href":"https:\/\/www.brikaelektrik.al\/al\/wp-json\/wp\/v2\/media?parent=3748"}],"wp:term":[{"taxonomy":"product_brand","embeddable":true,"href":"https:\/\/www.brikaelektrik.al\/al\/wp-json\/wp\/v2\/product_brand?post=3748"},{"taxonomy":"product_cat","embeddable":true,"href":"https:\/\/www.brikaelektrik.al\/al\/wp-json\/wp\/v2\/product_cat?post=3748"},{"taxonomy":"product_tag","embeddable":true,"href":"https:\/\/www.brikaelektrik.al\/al\/wp-json\/wp\/v2\/product_tag?post=3748"}],"curies":[{"name":"wp","href":"https:\/\/api.w.org\/{rel}","templated":true}]}}