{"id":3757,"date":"2025-08-27T13:53:45","date_gmt":"2025-08-27T13:53:45","guid":{"rendered":"https:\/\/www.brikaelektrik.al\/?post_type=product&#038;p=3757"},"modified":"2025-08-27T13:53:45","modified_gmt":"2025-08-27T13:53:45","slug":"rl-ndermjetese-14-kembeza-230v-ac-6a","status":"publish","type":"product","link":"https:\/\/www.brikaelektrik.al\/al\/produkt\/rl-ndermjetese-14-kembeza-230v-ac-6a\/","title":{"rendered":"RL ND\u00cbRMJET\u00cbSE 14 K\u00cbMB\u00cbZA 230V AC 6A"},"content":{"rendered":"<p><strong data-start=\"99\" data-end=\"109\">Seria:<\/strong> RXM<br data-start=\"113\" data-end=\"116\" \/><strong data-start=\"116\" data-end=\"126\" data-is-only-node=\"\">Lloji:<\/strong> Rel\u00e9 elektromagnetik miniatur\u00eb, 4 kontakte nd\u00ebrlidh\u00ebse (2 NO + 2 NC)<br data-start=\"195\" data-end=\"198\" \/><strong data-start=\"198\" data-end=\"224\">Tensioni i kontrollit:<\/strong> 230 V AC<br data-start=\"233\" data-end=\"236\" \/><strong data-start=\"236\" data-end=\"249\">Kontakte:<\/strong> 2 kontakte normalisht t\u00eb hapura (NO) + 2 kontakte normalisht t\u00eb mbyllura (NC)<br data-start=\"327\" data-end=\"330\" \/><strong data-start=\"330\" data-end=\"355\">Fuqia e \u00e7aktivizimit:<\/strong> P\u00ebrshtatet p\u00ebr ngarkesa t\u00eb lehta dhe mesatare n\u00eb qarkun e daljeve<br data-start=\"421\" data-end=\"424\" \/><strong data-start=\"424\" data-end=\"437\">Mbrojtja:<\/strong> IP20<br data-start=\"442\" data-end=\"445\" \/><strong data-start=\"445\" data-end=\"461\">Dimensionet:<\/strong> Kompakt dhe i p\u00ebrshtatsh\u00ebm p\u00ebr montim n\u00eb baza DIN ose n\u00eb panele kontrolli<br data-start=\"535\" data-end=\"538\" \/><strong data-start=\"538\" data-end=\"569\">Temperatura e funksionimit:<\/strong> \u201340 \u00b0C deri +70 \u00b0C<br data-start=\"588\" data-end=\"591\" \/><strong data-start=\"591\" data-end=\"612\">Lidhje elektrike:<\/strong> Terminale me vid\u00eb p\u00ebr lidhje t\u00eb q\u00ebndrueshme dhe t\u00eb sigurt\u00eb<\/p>","protected":false},"excerpt":{"rendered":"<p>Seria: RXMLloji: Rel\u00e9 elektromagnetik miniatur\u00eb, 4 kontakte nd\u00ebrlidh\u00ebse (2 NO + 2 NC)Tensioni i kontrollit: 230 V ACKontakte: 2 kontakte normalisht t\u00eb hapura (NO) + 2 kontakte normalisht t\u00eb mbyllura (NC)Fuqia e \u00e7aktivizimit: P\u00ebrshtatet p\u00ebr ngarkesa t\u00eb lehta dhe mesatare n\u00eb qarkun e daljeveMbrojtja: IP20Dimensionet: Kompakt dhe i p\u00ebrshtatsh\u00ebm p\u00ebr montim n\u00eb baza DIN ose [&hellip;]<\/p>","protected":false},"featured_media":3758,"comment_status":"open","ping_status":"closed","template":"","meta":{"_acf_changed":false},"product_brand":[],"product_cat":[73,41],"product_tag":[],"class_list":{"0":"post-3757","1":"product","2":"type-product","3":"status-publish","4":"has-post-thumbnail","6":"product_cat-rl-mbrojtje","7":"product_cat-pajisje-kontrolli-dhe-mbrojtje","9":"first","10":"instock","11":"shipping-taxable","12":"product-type-simple"},"acf":[],"_links":{"self":[{"href":"https:\/\/www.brikaelektrik.al\/al\/wp-json\/wp\/v2\/product\/3757","targetHints":{"allow":["GET"]}}],"collection":[{"href":"https:\/\/www.brikaelektrik.al\/al\/wp-json\/wp\/v2\/product"}],"about":[{"href":"https:\/\/www.brikaelektrik.al\/al\/wp-json\/wp\/v2\/types\/product"}],"replies":[{"embeddable":true,"href":"https:\/\/www.brikaelektrik.al\/al\/wp-json\/wp\/v2\/comments?post=3757"}],"wp:featuredmedia":[{"embeddable":true,"href":"https:\/\/www.brikaelektrik.al\/al\/wp-json\/wp\/v2\/media\/3758"}],"wp:attachment":[{"href":"https:\/\/www.brikaelektrik.al\/al\/wp-json\/wp\/v2\/media?parent=3757"}],"wp:term":[{"taxonomy":"product_brand","embeddable":true,"href":"https:\/\/www.brikaelektrik.al\/al\/wp-json\/wp\/v2\/product_brand?post=3757"},{"taxonomy":"product_cat","embeddable":true,"href":"https:\/\/www.brikaelektrik.al\/al\/wp-json\/wp\/v2\/product_cat?post=3757"},{"taxonomy":"product_tag","embeddable":true,"href":"https:\/\/www.brikaelektrik.al\/al\/wp-json\/wp\/v2\/product_tag?post=3757"}],"curies":[{"name":"wp","href":"https:\/\/api.w.org\/{rel}","templated":true}]}}