{"id":3762,"date":"2025-08-27T14:02:48","date_gmt":"2025-08-27T14:02:48","guid":{"rendered":"https:\/\/www.brikaelektrik.al\/?post_type=product&#038;p=3762"},"modified":"2025-08-27T14:02:48","modified_gmt":"2025-08-27T14:02:48","slug":"rl-mbitensioni-mono","status":"publish","type":"product","link":"https:\/\/www.brikaelektrik.al\/al\/produkt\/rl-mbitensioni-mono\/","title":{"rendered":"RL MBITENSIONI MONO"},"content":{"rendered":"<p><strong data-start=\"100\" data-end=\"110\">Seria:<\/strong> RM17<br data-start=\"115\" data-end=\"118\" \/><strong data-start=\"118\" data-end=\"128\" data-is-only-node=\"\">Lloji:<\/strong> Kontaktor miniatur\u00eb p\u00ebr ngarkesa t\u00eb vogla dhe mesatare<br data-start=\"183\" data-end=\"186\" \/><strong data-start=\"186\" data-end=\"212\">Tensioni i kontrollit:<\/strong> 230 V AC<br data-start=\"221\" data-end=\"224\" \/><strong data-start=\"224\" data-end=\"238\">Funksioni:<\/strong> P\u00ebrdoret p\u00ebr komandim dhe kontroll t\u00eb motor\u00ebve elektrik\u00eb dhe pajisjeve t\u00eb tjera industriale<br data-start=\"330\" data-end=\"333\" \/><strong data-start=\"333\" data-end=\"346\">Kontakte:<\/strong> 3 kontakte kryesore (NO)<br data-start=\"371\" data-end=\"374\" \/><strong data-start=\"374\" data-end=\"392\">Fuqia e pun\u00ebs:<\/strong> P\u00ebrshtatet p\u00ebr rryma deri n\u00eb 15 A<br data-start=\"426\" data-end=\"429\" \/><strong data-start=\"429\" data-end=\"440\">Montim:<\/strong> Montim n\u00eb shirit DIN ose n\u00eb panele kontrolli<br data-start=\"485\" data-end=\"488\" \/><strong data-start=\"488\" data-end=\"501\">Mbrojtja:<\/strong> IP20<br data-start=\"506\" data-end=\"509\" \/><strong data-start=\"509\" data-end=\"540\">Temperatura e funksionimit:<\/strong> \u201325 \u00b0C deri +60 \u00b0C<br data-start=\"559\" data-end=\"562\" \/><strong data-start=\"562\" data-end=\"583\">Lidhje elektrike:<\/strong> Terminale me vid\u00eb p\u00ebr lidhje t\u00eb q\u00ebndrueshme dhe t\u00eb sigurt\u00eb<\/p>","protected":false},"excerpt":{"rendered":"<p>Seria: RM17Lloji: Kontaktor miniatur\u00eb p\u00ebr ngarkesa t\u00eb vogla dhe mesatareTensioni i kontrollit: 230 V ACFunksioni: P\u00ebrdoret p\u00ebr komandim dhe kontroll t\u00eb motor\u00ebve elektrik\u00eb dhe pajisjeve t\u00eb tjera industrialeKontakte: 3 kontakte kryesore (NO)Fuqia e pun\u00ebs: P\u00ebrshtatet p\u00ebr rryma deri n\u00eb 15 AMontim: Montim n\u00eb shirit DIN ose n\u00eb panele kontrolliMbrojtja: IP20Temperatura e funksionimit: \u201325 \u00b0C deri [&hellip;]<\/p>","protected":false},"featured_media":3763,"comment_status":"open","ping_status":"closed","template":"","meta":{"_acf_changed":false},"product_brand":[],"product_cat":[73,41],"product_tag":[],"class_list":{"0":"post-3762","1":"product","2":"type-product","3":"status-publish","4":"has-post-thumbnail","6":"product_cat-rl-mbrojtje","7":"product_cat-pajisje-kontrolli-dhe-mbrojtje","9":"first","10":"instock","11":"shipping-taxable","12":"product-type-simple"},"acf":[],"_links":{"self":[{"href":"https:\/\/www.brikaelektrik.al\/al\/wp-json\/wp\/v2\/product\/3762","targetHints":{"allow":["GET"]}}],"collection":[{"href":"https:\/\/www.brikaelektrik.al\/al\/wp-json\/wp\/v2\/product"}],"about":[{"href":"https:\/\/www.brikaelektrik.al\/al\/wp-json\/wp\/v2\/types\/product"}],"replies":[{"embeddable":true,"href":"https:\/\/www.brikaelektrik.al\/al\/wp-json\/wp\/v2\/comments?post=3762"}],"wp:featuredmedia":[{"embeddable":true,"href":"https:\/\/www.brikaelektrik.al\/al\/wp-json\/wp\/v2\/media\/3763"}],"wp:attachment":[{"href":"https:\/\/www.brikaelektrik.al\/al\/wp-json\/wp\/v2\/media?parent=3762"}],"wp:term":[{"taxonomy":"product_brand","embeddable":true,"href":"https:\/\/www.brikaelektrik.al\/al\/wp-json\/wp\/v2\/product_brand?post=3762"},{"taxonomy":"product_cat","embeddable":true,"href":"https:\/\/www.brikaelektrik.al\/al\/wp-json\/wp\/v2\/product_cat?post=3762"},{"taxonomy":"product_tag","embeddable":true,"href":"https:\/\/www.brikaelektrik.al\/al\/wp-json\/wp\/v2\/product_tag?post=3762"}],"curies":[{"name":"wp","href":"https:\/\/api.w.org\/{rel}","templated":true}]}}