{"id":3765,"date":"2025-08-27T14:07:07","date_gmt":"2025-08-27T14:07:07","guid":{"rendered":"https:\/\/www.brikaelektrik.al\/?post_type=product&#038;p=3765"},"modified":"2025-08-27T14:07:07","modified_gmt":"2025-08-27T14:07:07","slug":"rl-kontrolli-frekuence-50hz-60hz-10-10hz","status":"publish","type":"product","link":"https:\/\/www.brikaelektrik.al\/al\/produkt\/rl-kontrolli-frekuence-50hz-60hz-10-10hz\/","title":{"rendered":"RL KONTROLLI FREKUENC\u00cb 50HZ\/60HZ (-10 +10)HZ"},"content":{"rendered":"<p><strong data-start=\"101\" data-end=\"111\">Seria:<\/strong> RM35<br data-start=\"116\" data-end=\"119\" \/><strong data-start=\"119\" data-end=\"129\" data-is-only-node=\"\">Lloji:<\/strong> Kontaktor miniatur\u00eb p\u00ebr ngarkesa t\u00eb mesme dhe t\u00eb m\u00ebdha<br data-start=\"184\" data-end=\"187\" \/><strong data-start=\"187\" data-end=\"213\">Tensioni i kontrollit:<\/strong> 230 V AC<br data-start=\"222\" data-end=\"225\" \/><strong data-start=\"225\" data-end=\"239\">Funksioni:<\/strong> P\u00ebrdoret p\u00ebr komandim dhe mbrojtje t\u00eb motor\u00ebve dhe ngarkesave industriale<br data-start=\"313\" data-end=\"316\" \/><strong data-start=\"316\" data-end=\"329\">Kontakte:<\/strong> 3 kontakte kryesore (NO) + 1 kontakt ndihm\u00ebs (NC)<br data-start=\"379\" data-end=\"382\" \/><strong data-start=\"382\" data-end=\"400\">Fuqia e pun\u00ebs:<\/strong> P\u00ebrshtatet p\u00ebr rryma deri n\u00eb 35 A<br data-start=\"434\" data-end=\"437\" \/><strong data-start=\"437\" data-end=\"448\">Montim:<\/strong> Montim n\u00eb shirit DIN ose n\u00eb panele kontrolli<br data-start=\"493\" data-end=\"496\" \/><strong data-start=\"496\" data-end=\"509\">Mbrojtja:<\/strong> IP20<br data-start=\"514\" data-end=\"517\" \/><strong data-start=\"517\" data-end=\"548\">Temperatura e funksionimit:<\/strong> \u201325 \u00b0C deri +60 \u00b0C<br data-start=\"567\" data-end=\"570\" \/><strong data-start=\"570\" data-end=\"591\">Lidhje elektrike:<\/strong> Terminale me vid\u00eb p\u00ebr lidhje t\u00eb q\u00ebndrueshme dhe t\u00eb sigurt\u00eb<\/p>","protected":false},"excerpt":{"rendered":"<p>Seria: RM35Lloji: Kontaktor miniatur\u00eb p\u00ebr ngarkesa t\u00eb mesme dhe t\u00eb m\u00ebdhaTensioni i kontrollit: 230 V ACFunksioni: P\u00ebrdoret p\u00ebr komandim dhe mbrojtje t\u00eb motor\u00ebve dhe ngarkesave industrialeKontakte: 3 kontakte kryesore (NO) + 1 kontakt ndihm\u00ebs (NC)Fuqia e pun\u00ebs: P\u00ebrshtatet p\u00ebr rryma deri n\u00eb 35 AMontim: Montim n\u00eb shirit DIN ose n\u00eb panele kontrolliMbrojtja: IP20Temperatura e funksionimit: [&hellip;]<\/p>","protected":false},"featured_media":3766,"comment_status":"open","ping_status":"closed","template":"","meta":{"_acf_changed":false},"product_brand":[],"product_cat":[73,41],"product_tag":[],"class_list":{"0":"post-3765","1":"product","2":"type-product","3":"status-publish","4":"has-post-thumbnail","6":"product_cat-rl-mbrojtje","7":"product_cat-pajisje-kontrolli-dhe-mbrojtje","9":"first","10":"instock","11":"shipping-taxable","12":"product-type-simple"},"acf":[],"_links":{"self":[{"href":"https:\/\/www.brikaelektrik.al\/al\/wp-json\/wp\/v2\/product\/3765","targetHints":{"allow":["GET"]}}],"collection":[{"href":"https:\/\/www.brikaelektrik.al\/al\/wp-json\/wp\/v2\/product"}],"about":[{"href":"https:\/\/www.brikaelektrik.al\/al\/wp-json\/wp\/v2\/types\/product"}],"replies":[{"embeddable":true,"href":"https:\/\/www.brikaelektrik.al\/al\/wp-json\/wp\/v2\/comments?post=3765"}],"wp:featuredmedia":[{"embeddable":true,"href":"https:\/\/www.brikaelektrik.al\/al\/wp-json\/wp\/v2\/media\/3766"}],"wp:attachment":[{"href":"https:\/\/www.brikaelektrik.al\/al\/wp-json\/wp\/v2\/media?parent=3765"}],"wp:term":[{"taxonomy":"product_brand","embeddable":true,"href":"https:\/\/www.brikaelektrik.al\/al\/wp-json\/wp\/v2\/product_brand?post=3765"},{"taxonomy":"product_cat","embeddable":true,"href":"https:\/\/www.brikaelektrik.al\/al\/wp-json\/wp\/v2\/product_cat?post=3765"},{"taxonomy":"product_tag","embeddable":true,"href":"https:\/\/www.brikaelektrik.al\/al\/wp-json\/wp\/v2\/product_tag?post=3765"}],"curies":[{"name":"wp","href":"https:\/\/api.w.org\/{rel}","templated":true}]}}