{"id":3768,"date":"2025-08-27T14:10:32","date_gmt":"2025-08-27T14:10:32","guid":{"rendered":"https:\/\/www.brikaelektrik.al\/?post_type=product&#038;p=3768"},"modified":"2025-08-27T14:10:32","modified_gmt":"2025-08-27T14:10:32","slug":"rl-fazometrike-3-fazore-3pn","status":"publish","type":"product","link":"https:\/\/www.brikaelektrik.al\/al\/produkt\/rl-fazometrike-3-fazore-3pn\/","title":{"rendered":"RL FAZOMETRIKE 3 FAZORE 3P+N"},"content":{"rendered":"<p><strong data-start=\"101\" data-end=\"111\">Seria:<\/strong> RM35<br data-start=\"116\" data-end=\"119\" \/><strong data-start=\"119\" data-end=\"129\" data-is-only-node=\"\">Lloji:<\/strong> Kontaktor miniatur\u00eb p\u00ebr ngarkesa t\u00eb mesme dhe t\u00eb m\u00ebdha<br data-start=\"184\" data-end=\"187\" \/><strong data-start=\"187\" data-end=\"213\">Tensioni i kontrollit:<\/strong> 230 V AC<br data-start=\"222\" data-end=\"225\" \/><strong data-start=\"225\" data-end=\"239\">Funksioni:<\/strong> P\u00ebrdoret p\u00ebr komandim dhe kontroll t\u00eb motor\u00ebve elektrik\u00eb dhe pajisjeve t\u00eb tjera industriale<br data-start=\"331\" data-end=\"334\" \/><strong data-start=\"334\" data-end=\"347\">Kontakte:<\/strong> 3 kontakte kryesore (NO)<br data-start=\"372\" data-end=\"375\" \/><strong data-start=\"375\" data-end=\"393\">Fuqia e pun\u00ebs:<\/strong> P\u00ebrshtatet p\u00ebr rryma deri n\u00eb 35 A<br data-start=\"427\" data-end=\"430\" \/><strong data-start=\"430\" data-end=\"441\">Montim:<\/strong> Montim n\u00eb shirit DIN ose n\u00eb panele kontrolli<br data-start=\"486\" data-end=\"489\" \/><strong data-start=\"489\" data-end=\"502\">Mbrojtja:<\/strong> IP20<br data-start=\"507\" data-end=\"510\" \/><strong data-start=\"510\" data-end=\"541\">Temperatura e funksionimit:<\/strong> \u201325 \u00b0C deri +60 \u00b0C<br data-start=\"560\" data-end=\"563\" \/><strong data-start=\"563\" data-end=\"584\">Lidhje elektrike:<\/strong> Terminale me vid\u00eb p\u00ebr lidhje t\u00eb q\u00ebndrueshme dhe t\u00eb sigurt\u00eb<\/p>","protected":false},"excerpt":{"rendered":"<p>Seria: RM35Lloji: Kontaktor miniatur\u00eb p\u00ebr ngarkesa t\u00eb mesme dhe t\u00eb m\u00ebdhaTensioni i kontrollit: 230 V ACFunksioni: P\u00ebrdoret p\u00ebr komandim dhe kontroll t\u00eb motor\u00ebve elektrik\u00eb dhe pajisjeve t\u00eb tjera industrialeKontakte: 3 kontakte kryesore (NO)Fuqia e pun\u00ebs: P\u00ebrshtatet p\u00ebr rryma deri n\u00eb 35 AMontim: Montim n\u00eb shirit DIN ose n\u00eb panele kontrolliMbrojtja: IP20Temperatura e funksionimit: \u201325 \u00b0C [&hellip;]<\/p>","protected":false},"featured_media":3769,"comment_status":"open","ping_status":"closed","template":"","meta":{"_acf_changed":false},"product_brand":[],"product_cat":[73,41],"product_tag":[],"class_list":{"0":"post-3768","1":"product","2":"type-product","3":"status-publish","4":"has-post-thumbnail","6":"product_cat-rl-mbrojtje","7":"product_cat-pajisje-kontrolli-dhe-mbrojtje","9":"first","10":"instock","11":"shipping-taxable","12":"product-type-simple"},"acf":[],"_links":{"self":[{"href":"https:\/\/www.brikaelektrik.al\/al\/wp-json\/wp\/v2\/product\/3768","targetHints":{"allow":["GET"]}}],"collection":[{"href":"https:\/\/www.brikaelektrik.al\/al\/wp-json\/wp\/v2\/product"}],"about":[{"href":"https:\/\/www.brikaelektrik.al\/al\/wp-json\/wp\/v2\/types\/product"}],"replies":[{"embeddable":true,"href":"https:\/\/www.brikaelektrik.al\/al\/wp-json\/wp\/v2\/comments?post=3768"}],"wp:featuredmedia":[{"embeddable":true,"href":"https:\/\/www.brikaelektrik.al\/al\/wp-json\/wp\/v2\/media\/3769"}],"wp:attachment":[{"href":"https:\/\/www.brikaelektrik.al\/al\/wp-json\/wp\/v2\/media?parent=3768"}],"wp:term":[{"taxonomy":"product_brand","embeddable":true,"href":"https:\/\/www.brikaelektrik.al\/al\/wp-json\/wp\/v2\/product_brand?post=3768"},{"taxonomy":"product_cat","embeddable":true,"href":"https:\/\/www.brikaelektrik.al\/al\/wp-json\/wp\/v2\/product_cat?post=3768"},{"taxonomy":"product_tag","embeddable":true,"href":"https:\/\/www.brikaelektrik.al\/al\/wp-json\/wp\/v2\/product_tag?post=3768"}],"curies":[{"name":"wp","href":"https:\/\/api.w.org\/{rel}","templated":true}]}}