{"id":3771,"date":"2025-08-27T14:13:25","date_gmt":"2025-08-27T14:13:25","guid":{"rendered":"https:\/\/www.brikaelektrik.al\/?post_type=product&#038;p=3771"},"modified":"2025-08-27T14:13:25","modified_gmt":"2025-08-27T14:13:25","slug":"rl-fazometrike-3-fazore-3p","status":"publish","type":"product","link":"https:\/\/www.brikaelektrik.al\/al\/produkt\/rl-fazometrike-3-fazore-3p\/","title":{"rendered":"RL FAZOMETRIKE 3 FAZORE 3P"},"content":{"rendered":"<p><strong data-start=\"100\" data-end=\"110\">Seria:<\/strong> RM17<br data-start=\"115\" data-end=\"118\" \/><strong data-start=\"118\" data-end=\"128\" data-is-only-node=\"\">Lloji:<\/strong> Kontaktor miniatur\u00eb p\u00ebr ngarkesa t\u00eb vogla dhe mesatare<br data-start=\"183\" data-end=\"186\" \/><strong data-start=\"186\" data-end=\"212\">Tensioni i kontrollit:<\/strong> 230 V AC<br data-start=\"221\" data-end=\"224\" \/><strong data-start=\"224\" data-end=\"238\">Funksioni:<\/strong> P\u00ebrdoret p\u00ebr komandim dhe kontroll t\u00eb motor\u00ebve elektrik\u00eb dhe pajisjeve t\u00eb tjera industriale<br data-start=\"330\" data-end=\"333\" \/><strong data-start=\"333\" data-end=\"346\">Kontakte:<\/strong> 3 kontakte kryesore normalisht t\u00eb hapura (3 NO)<br data-start=\"394\" data-end=\"397\" \/><strong data-start=\"397\" data-end=\"415\">Fuqia e pun\u00ebs:<\/strong> P\u00ebrshtatet p\u00ebr rryma deri n\u00eb 10 A<br data-start=\"449\" data-end=\"452\" \/><strong data-start=\"452\" data-end=\"463\">Montim:<\/strong> Montim n\u00eb shirit DIN ose n\u00eb panele kontrolli<br data-start=\"508\" data-end=\"511\" \/><strong data-start=\"511\" data-end=\"524\">Mbrojtja:<\/strong> IP20<br data-start=\"529\" data-end=\"532\" \/><strong data-start=\"532\" data-end=\"563\">Temperatura e funksionimit:<\/strong> \u201325 \u00b0C deri +60 \u00b0C<br data-start=\"582\" data-end=\"585\" \/><strong data-start=\"585\" data-end=\"606\">Lidhje elektrike:<\/strong> Terminale me vid\u00eb p\u00ebr lidhje t\u00eb q\u00ebndrueshme dhe t\u00eb sigurt\u00eb<\/p>","protected":false},"excerpt":{"rendered":"<p>Seria: RM17Lloji: Kontaktor miniatur\u00eb p\u00ebr ngarkesa t\u00eb vogla dhe mesatareTensioni i kontrollit: 230 V ACFunksioni: P\u00ebrdoret p\u00ebr komandim dhe kontroll t\u00eb motor\u00ebve elektrik\u00eb dhe pajisjeve t\u00eb tjera industrialeKontakte: 3 kontakte kryesore normalisht t\u00eb hapura (3 NO)Fuqia e pun\u00ebs: P\u00ebrshtatet p\u00ebr rryma deri n\u00eb 10 AMontim: Montim n\u00eb shirit DIN ose n\u00eb panele kontrolliMbrojtja: IP20Temperatura e [&hellip;]<\/p>","protected":false},"featured_media":3772,"comment_status":"open","ping_status":"closed","template":"","meta":{"_acf_changed":false},"product_brand":[],"product_cat":[73,41],"product_tag":[],"class_list":{"0":"post-3771","1":"product","2":"type-product","3":"status-publish","4":"has-post-thumbnail","6":"product_cat-rl-mbrojtje","7":"product_cat-pajisje-kontrolli-dhe-mbrojtje","9":"first","10":"instock","11":"shipping-taxable","12":"product-type-simple"},"acf":[],"_links":{"self":[{"href":"https:\/\/www.brikaelektrik.al\/al\/wp-json\/wp\/v2\/product\/3771","targetHints":{"allow":["GET"]}}],"collection":[{"href":"https:\/\/www.brikaelektrik.al\/al\/wp-json\/wp\/v2\/product"}],"about":[{"href":"https:\/\/www.brikaelektrik.al\/al\/wp-json\/wp\/v2\/types\/product"}],"replies":[{"embeddable":true,"href":"https:\/\/www.brikaelektrik.al\/al\/wp-json\/wp\/v2\/comments?post=3771"}],"wp:featuredmedia":[{"embeddable":true,"href":"https:\/\/www.brikaelektrik.al\/al\/wp-json\/wp\/v2\/media\/3772"}],"wp:attachment":[{"href":"https:\/\/www.brikaelektrik.al\/al\/wp-json\/wp\/v2\/media?parent=3771"}],"wp:term":[{"taxonomy":"product_brand","embeddable":true,"href":"https:\/\/www.brikaelektrik.al\/al\/wp-json\/wp\/v2\/product_brand?post=3771"},{"taxonomy":"product_cat","embeddable":true,"href":"https:\/\/www.brikaelektrik.al\/al\/wp-json\/wp\/v2\/product_cat?post=3771"},{"taxonomy":"product_tag","embeddable":true,"href":"https:\/\/www.brikaelektrik.al\/al\/wp-json\/wp\/v2\/product_tag?post=3771"}],"curies":[{"name":"wp","href":"https:\/\/api.w.org\/{rel}","templated":true}]}}