{"id":3776,"date":"2025-08-28T08:56:47","date_gmt":"2025-08-28T08:56:47","guid":{"rendered":"https:\/\/www.brikaelektrik.al\/?post_type=product&#038;p=3776"},"modified":"2025-08-28T08:56:47","modified_gmt":"2025-08-28T08:56:47","slug":"rl-niveli-modulare-2-poste-150-250v-ac","status":"publish","type":"product","link":"https:\/\/www.brikaelektrik.al\/al\/produkt\/rl-niveli-modulare-2-poste-150-250v-ac\/","title":{"rendered":"RL NIVELI MODULARE 2 POSTE 150-250V AC"},"content":{"rendered":"<p><strong data-start=\"352\" data-end=\"362\">Seria:<\/strong> Control &amp; Protection Relays<br data-start=\"390\" data-end=\"393\" \/><strong data-start=\"393\" data-end=\"403\">Lloji:<\/strong> Rel\u00e9 mbrojt\u00ebs p\u00ebr faza me 4 funksione (3\u2011Faz\u00eb pa neutral)<br data-start=\"461\" data-end=\"464\" \/><strong data-start=\"464\" data-end=\"499\">Tension operativ maksimal (Ue):<\/strong> 3 \u00d7 380\u202fV AC<br data-start=\"512\" data-end=\"515\" \/><strong data-start=\"515\" data-end=\"540\">Fuqia e funksionimit:<\/strong> &lt;\u202f6\u202fVA<br data-start=\"547\" data-end=\"550\" data-is-only-node=\"\" \/><strong data-start=\"550\" data-end=\"581\">Temperatura e funksionimit:<\/strong> \u201320\u202f\u00b0C deri +55\u202f\u00b0C<br data-start=\"600\" data-end=\"603\" \/><strong data-start=\"603\" data-end=\"613\">Pesha:<\/strong> &lt;\u202f210\u202fg<br data-start=\"621\" data-end=\"624\" \/><strong data-start=\"624\" data-end=\"651\">Funksionet e mbrojtjes:<\/strong> Mbrojtje fazash, Mbavendosje\/ Mbi\u2013Tension, Rregullimi i furnizimit, Rend\u00ebsi fazash, Munges\u00eb fazash<br data-start=\"750\" data-end=\"753\" \/><strong data-start=\"753\" data-end=\"783\">Vonesa \u2013 Koha p\u00ebrcaktimit:<\/strong> 0.1\u202fsec \u2013 20\u202fsec<br data-start=\"800\" data-end=\"803\" \/><strong data-start=\"803\" data-end=\"816\">Resetimi:<\/strong> 0.1\u202fsec \u2013 20\u202fsec<br data-start=\"833\" data-end=\"836\" \/><strong data-start=\"836\" data-end=\"856\">Indikimi vizual:<\/strong> 4\u202fLED<br data-start=\"862\" data-end=\"865\" \/><strong data-start=\"865\" data-end=\"878\">Kontakte:<\/strong> 1 NO + 1 NC, 5\u202fA \/ 250\u202fVAC<br data-start=\"905\" data-end=\"908\" \/><strong data-start=\"908\" data-end=\"921\">Mbrojtja:<\/strong> IP20<br data-start=\"926\" data-end=\"929\" \/><strong data-start=\"929\" data-end=\"950\">Lidhje elektrike:<\/strong> Terminale, kabllo deri n\u00eb 2.5\u202fmm\u00b2<br data-start=\"984\" data-end=\"987\" \/><strong data-start=\"987\" data-end=\"999\">Montimi:<\/strong> N\u00eb shirit DIN<br data-start=\"1013\" data-end=\"1016\" \/><strong data-start=\"1016\" data-end=\"1054\">Lart\u00ebsia maksimale e funksionimit:<\/strong> &lt;\u202f2000\u202fm mbi nivelin e detit<\/p>","protected":false},"excerpt":{"rendered":"<p>Seria: Control &amp; Protection RelaysLloji: Rel\u00e9 mbrojt\u00ebs p\u00ebr faza me 4 funksione (3\u2011Faz\u00eb pa neutral)Tension operativ maksimal (Ue): 3 \u00d7 380\u202fV ACFuqia e funksionimit: &lt;\u202f6\u202fVATemperatura e funksionimit: \u201320\u202f\u00b0C deri +55\u202f\u00b0CPesha: &lt;\u202f210\u202fgFunksionet e mbrojtjes: Mbrojtje fazash, Mbavendosje\/ Mbi\u2013Tension, Rregullimi i furnizimit, Rend\u00ebsi fazash, Munges\u00eb fazashVonesa \u2013 Koha p\u00ebrcaktimit: 0.1\u202fsec \u2013 20\u202fsecResetimi: 0.1\u202fsec \u2013 20\u202fsecIndikimi vizual: 4\u202fLEDKontakte: [&hellip;]<\/p>","protected":false},"featured_media":3777,"comment_status":"open","ping_status":"closed","template":"","meta":{"_acf_changed":false},"product_brand":[],"product_cat":[73,41],"product_tag":[],"class_list":{"0":"post-3776","1":"product","2":"type-product","3":"status-publish","4":"has-post-thumbnail","6":"product_cat-rl-mbrojtje","7":"product_cat-pajisje-kontrolli-dhe-mbrojtje","9":"first","10":"instock","11":"shipping-taxable","12":"product-type-simple"},"acf":[],"_links":{"self":[{"href":"https:\/\/www.brikaelektrik.al\/al\/wp-json\/wp\/v2\/product\/3776","targetHints":{"allow":["GET"]}}],"collection":[{"href":"https:\/\/www.brikaelektrik.al\/al\/wp-json\/wp\/v2\/product"}],"about":[{"href":"https:\/\/www.brikaelektrik.al\/al\/wp-json\/wp\/v2\/types\/product"}],"replies":[{"embeddable":true,"href":"https:\/\/www.brikaelektrik.al\/al\/wp-json\/wp\/v2\/comments?post=3776"}],"wp:featuredmedia":[{"embeddable":true,"href":"https:\/\/www.brikaelektrik.al\/al\/wp-json\/wp\/v2\/media\/3777"}],"wp:attachment":[{"href":"https:\/\/www.brikaelektrik.al\/al\/wp-json\/wp\/v2\/media?parent=3776"}],"wp:term":[{"taxonomy":"product_brand","embeddable":true,"href":"https:\/\/www.brikaelektrik.al\/al\/wp-json\/wp\/v2\/product_brand?post=3776"},{"taxonomy":"product_cat","embeddable":true,"href":"https:\/\/www.brikaelektrik.al\/al\/wp-json\/wp\/v2\/product_cat?post=3776"},{"taxonomy":"product_tag","embeddable":true,"href":"https:\/\/www.brikaelektrik.al\/al\/wp-json\/wp\/v2\/product_tag?post=3776"}],"curies":[{"name":"wp","href":"https:\/\/api.w.org\/{rel}","templated":true}]}}