{"id":3800,"date":"2025-08-28T09:20:06","date_gmt":"2025-08-28T09:20:06","guid":{"rendered":"https:\/\/www.brikaelektrik.al\/?post_type=product&#038;p=3800"},"modified":"2025-08-28T09:20:06","modified_gmt":"2025-08-28T09:20:06","slug":"rl-ndermjetese-8-pin-24v-dc","status":"publish","type":"product","link":"https:\/\/www.brikaelektrik.al\/al\/produkt\/rl-ndermjetese-8-pin-24v-dc\/","title":{"rendered":"RL ND\u00cbRMJET\u00cbSE 8 PIN 24V DC"},"content":{"rendered":"<p><strong data-start=\"121\" data-end=\"131\">Seria:<\/strong> <span class=\"relative -mx-px my-[-0.2rem] rounded px-px py-[0.2rem] transition-colors duration-100 ease-in-out\">Miniature Relays<\/span><br data-start=\"169\" data-end=\"172\" \/><strong data-start=\"172\" data-end=\"182\">Lloji:<\/strong> <span class=\"relative -mx-px my-[-0.2rem] rounded px-px py-[0.2rem] transition-colors duration-100 ease-in-out\">Rel\u00e9 i p\u00ebrgjithsh\u00ebm me 8 pin\u00eb dhe 2 kontakte, 10A<\/span><br data-start=\"220\" data-end=\"223\" \/><strong data-start=\"223\" data-end=\"232\">Kodi:<\/strong> <span class=\"relative -mx-px my-[-0.2rem] rounded px-px py-[0.2rem] transition-colors duration-100 ease-in-out\">SRR-08-024-DC<\/span><br data-start=\"272\" data-end=\"275\" \/><strong data-start=\"275\" data-end=\"310\">Tension operativ maksimal (Ue):<\/strong> <span class=\"relative -mx-px my-[-0.2rem] rounded px-px py-[0.2rem] transition-colors duration-100 ease-in-out\">24\u202fV DC<\/span><br data-start=\"350\" data-end=\"353\" \/><strong data-start=\"353\" data-end=\"381\">Tensioni i funksionimit:<\/strong> <span class=\"relative -mx-px my-[-0.2rem] rounded px-px py-[0.2rem] transition-colors duration-100 ease-in-out\">19.2\u202fV DC<\/span><br data-start=\"421\" data-end=\"424\" \/><strong data-start=\"424\" data-end=\"448\">Tensioni i \u00e7lirimit:<\/strong> <span class=\"relative -mx-px my-[-0.2rem] rounded px-px py-[0.2rem] transition-colors duration-100 ease-in-out\">2.4\u202fV DC<\/span><br data-start=\"488\" data-end=\"491\" \/><strong data-start=\"491\" data-end=\"516\">Rezistenca e bobin\u00ebs:<\/strong> <span class=\"relative -mx-px my-[-0.2rem] rounded px-px py-[0.2rem] transition-colors duration-100 ease-in-out\">360\u202f\u03a9 \u00b110%<\/span><br data-start=\"556\" data-end=\"559\" \/><strong data-start=\"559\" data-end=\"579\">Fuqia e bobin\u00ebs:<\/strong> <span class=\"relative -mx-px my-[-0.2rem] rounded px-px py-[0.2rem] transition-colors duration-100 ease-in-out\">1.6\u202fW \/ 2.8\u202fVA<\/span><br data-start=\"619\" data-end=\"622\" \/><strong data-start=\"622\" data-end=\"645\">Forma e kontakteve:<\/strong> <span class=\"relative -mx-px my-[-0.2rem] rounded px-px py-[0.2rem] transition-colors duration-100 ease-in-out\">2Z, 2H, 2D<\/span><br data-start=\"685\" data-end=\"688\" \/><strong data-start=\"688\" data-end=\"716\">Kapaciteti i kontakteve:<\/strong> <span class=\"relative -mx-px my-[-0.2rem] rounded px-px py-[0.2rem] transition-colors duration-100 ease-in-out\">10\u202fA \/ 250\u202fV AC \/ 28\u202fV DC<\/span><br data-start=\"756\" data-end=\"759\" \/><strong data-start=\"759\" data-end=\"786\">Materiali i kontakteve:<\/strong> <span class=\"relative -mx-px my-[-0.2rem] rounded px-px py-[0.2rem] transition-colors duration-100 ease-in-out\">AgCdO, AgSnO\u2082<\/span><br data-start=\"826\" data-end=\"829\" \/><strong data-start=\"829\" data-end=\"857\">Rezistenca e kontakteve:<\/strong> <span class=\"relative -mx-px my-[-0.2rem] rounded px-px py-[0.2rem] transition-colors duration-100 ease-in-out\">\u2264\u202f100\u202fm\u03a9 (1\u202fA, 6\u202fV DC)<\/span><br data-start=\"897\" data-end=\"900\" \/><strong data-start=\"900\" data-end=\"922\">Izolimi i bobin\u00ebs:<\/strong> <span class=\"relative -mx-px my-[-0.2rem] rounded px-px py-[0.2rem] transition-colors duration-100 ease-in-out\">\u2265\u202f500\u202fM\u03a9 (500\u202fV DC)<\/span><br data-start=\"962\" data-end=\"965\" \/><strong data-start=\"965\" data-end=\"987\">Forca dielektrike:<\/strong> <span class=\"relative -mx-px my-[-0.2rem] rounded px-px py-[0.2rem] transition-colors duration-100 ease-in-out\">\u2265\u202f1500\u202fV AC (1 minut) nd\u00ebrmjet bobin\u00ebs dhe kontakteve; \u2265\u202f1000\u202fV AC (1 minut) nd\u00ebrmjet kontakteve t\u00eb hapura; \u2265\u202f1500\u202fV AC (1 minut) nd\u00ebrmjet kontakteve t\u00eb mbyllura<\/span><br data-start=\"1027\" data-end=\"1030\" \/><strong data-start=\"1030\" data-end=\"1064\">Koha e aktivizimit \/ \u00e7lirimit:<\/strong> <span class=\"relative -mx-px my-[-0.2rem] rounded px-px py-[0.2rem] transition-colors duration-100 ease-in-out\">\u2264\u202f20\u202fms \/ \u2264\u202f20\u202fms<\/span><br data-start=\"1104\" data-end=\"1107\" \/><strong data-start=\"1107\" data-end=\"1138\">Temperatura e funksionimit:<\/strong> <span class=\"relative -mx-px my-[-0.2rem] rounded px-px py-[0.2rem] transition-colors duration-100 ease-in-out\">\u201340\u202f\u00b0C deri +70\u202f\u00b0C (pa kondensim)<\/span><\/p>","protected":false},"excerpt":{"rendered":"<p>Seria: Miniature RelaysLloji: Rel\u00e9 i p\u00ebrgjithsh\u00ebm me 8 pin\u00eb dhe 2 kontakte, 10AKodi: SRR-08-024-DCTension operativ maksimal (Ue): 24\u202fV DCTensioni i funksionimit: 19.2\u202fV DCTensioni i \u00e7lirimit: 2.4\u202fV DCRezistenca e bobin\u00ebs: 360\u202f\u03a9 \u00b110%Fuqia e bobin\u00ebs: 1.6\u202fW \/ 2.8\u202fVAForma e kontakteve: 2Z, 2H, 2DKapaciteti i kontakteve: 10\u202fA \/ 250\u202fV AC \/ 28\u202fV DCMateriali i kontakteve: AgCdO, AgSnO\u2082Rezistenca e [&hellip;]<\/p>","protected":false},"featured_media":3801,"comment_status":"open","ping_status":"closed","template":"","meta":{"_acf_changed":false},"product_brand":[],"product_cat":[73,41],"product_tag":[],"class_list":{"0":"post-3800","1":"product","2":"type-product","3":"status-publish","4":"has-post-thumbnail","6":"product_cat-rl-mbrojtje","7":"product_cat-pajisje-kontrolli-dhe-mbrojtje","9":"first","10":"instock","11":"shipping-taxable","12":"product-type-simple"},"acf":[],"_links":{"self":[{"href":"https:\/\/www.brikaelektrik.al\/al\/wp-json\/wp\/v2\/product\/3800","targetHints":{"allow":["GET"]}}],"collection":[{"href":"https:\/\/www.brikaelektrik.al\/al\/wp-json\/wp\/v2\/product"}],"about":[{"href":"https:\/\/www.brikaelektrik.al\/al\/wp-json\/wp\/v2\/types\/product"}],"replies":[{"embeddable":true,"href":"https:\/\/www.brikaelektrik.al\/al\/wp-json\/wp\/v2\/comments?post=3800"}],"wp:featuredmedia":[{"embeddable":true,"href":"https:\/\/www.brikaelektrik.al\/al\/wp-json\/wp\/v2\/media\/3801"}],"wp:attachment":[{"href":"https:\/\/www.brikaelektrik.al\/al\/wp-json\/wp\/v2\/media?parent=3800"}],"wp:term":[{"taxonomy":"product_brand","embeddable":true,"href":"https:\/\/www.brikaelektrik.al\/al\/wp-json\/wp\/v2\/product_brand?post=3800"},{"taxonomy":"product_cat","embeddable":true,"href":"https:\/\/www.brikaelektrik.al\/al\/wp-json\/wp\/v2\/product_cat?post=3800"},{"taxonomy":"product_tag","embeddable":true,"href":"https:\/\/www.brikaelektrik.al\/al\/wp-json\/wp\/v2\/product_tag?post=3800"}],"curies":[{"name":"wp","href":"https:\/\/api.w.org\/{rel}","templated":true}]}}