{"id":3812,"date":"2025-08-28T09:29:36","date_gmt":"2025-08-28T09:29:36","guid":{"rendered":"https:\/\/www.brikaelektrik.al\/?post_type=product&#038;p=3812"},"modified":"2025-08-28T09:29:36","modified_gmt":"2025-08-28T09:29:36","slug":"rl-mono-mbitension-me-regjister-display","status":"publish","type":"product","link":"https:\/\/www.brikaelektrik.al\/al\/produkt\/rl-mono-mbitension-me-regjister-display\/","title":{"rendered":"RL MONO MBITENSION (ME REGJIST\u00cbR + DISPLAY)"},"content":{"rendered":"<p><strong data-start=\"121\" data-end=\"131\">Seria:<\/strong> <span class=\"relative -mx-px my-[-0.2rem] rounded px-px py-[0.2rem] transition-colors duration-100 ease-in-out\">Rel\u00e9 p\u00ebr mbrojtjen e tensionit t\u00eb nj\u00eb faze<\/span><br data-start=\"169\" data-end=\"172\" \/><strong data-start=\"172\" data-end=\"182\">Lloji:<\/strong> <span class=\"relative -mx-px my-[-0.2rem] rounded px-px py-[0.2rem] transition-colors duration-100 ease-in-out\">Rel\u00e9 digjital tensioni me ekran<\/span><br data-start=\"220\" data-end=\"223\" \/><strong data-start=\"223\" data-end=\"232\">Kodi:<\/strong> <span class=\"relative -mx-px my-[-0.2rem] rounded px-px py-[0.2rem] transition-colors duration-100 ease-in-out\">DVC-01<\/span><br data-start=\"272\" data-end=\"275\" \/><strong data-start=\"275\" data-end=\"310\">Tension operativ maksimal (Ue):<\/strong> <span class=\"relative -mx-px my-[-0.2rem] rounded px-px py-[0.2rem] transition-colors duration-100 ease-in-out\">140\u2013290 V AC<\/span><br data-start=\"350\" data-end=\"353\" \/><strong data-start=\"353\" data-end=\"375\">Frekuenca operimi:<\/strong> <span class=\"relative -mx-px my-[-0.2rem] rounded px-px py-[0.2rem] transition-colors duration-100 ease-in-out\">50\/60 Hz<\/span><br data-start=\"415\" data-end=\"418\" \/><strong data-start=\"418\" data-end=\"443\">Fuqia e funksionimit:<\/strong> <span class=\"relative -mx-px my-[-0.2rem] rounded px-px py-[0.2rem] transition-colors duration-100 ease-in-out\">&lt;6 VA<\/span><br data-start=\"483\" data-end=\"486\" \/><strong data-start=\"486\" data-end=\"517\">Temperatura e funksionimit:<\/strong> <span class=\"relative -mx-px my-[-0.2rem] rounded px-px py-[0.2rem] transition-colors duration-100 ease-in-out\">\u201320 \u00b0C deri +55 \u00b0C<\/span><br data-start=\"557\" data-end=\"560\" \/><strong data-start=\"560\" data-end=\"570\">Pesha:<\/strong> <span class=\"relative -mx-px my-[-0.2rem] rounded px-px py-[0.2rem] transition-colors duration-100 ease-in-out\">&lt;220 g<\/span><br data-start=\"610\" data-end=\"613\" \/><strong data-start=\"613\" data-end=\"634\">Lidhje elektrike:<\/strong> <span class=\"relative -mx-px my-[-0.2rem] rounded px-px py-[0.2rem] transition-colors duration-100 ease-in-out\">Terminale p\u00ebr kabllo deri n\u00eb 2.5 mm\u00b2<\/span><br data-start=\"674\" data-end=\"677\" \/><strong data-start=\"677\" data-end=\"689\">Montimi:<\/strong> <span class=\"relative -mx-px my-[-0.2rem] rounded px-px py-[0.2rem] transition-colors duration-100 ease-in-out\">N\u00eb shirit DIN<\/span><br data-start=\"729\" data-end=\"732\" \/><strong data-start=\"732\" data-end=\"770\">Lart\u00ebsia maksimale e funksionimit:<\/strong> <span class=\"relative -mx-px my-[-0.2rem] rounded px-px py-[0.2rem] transition-colors duration-100 ease-in-out\">&lt;2000 m mbi nivelin e detit<\/span><br data-start=\"810\" data-end=\"813\" \/><strong data-start=\"813\" data-end=\"833\">Indikimi vizual:<\/strong> <span class=\"relative -mx-px my-[-0.2rem] rounded px-px py-[0.2rem] transition-colors duration-100 ease-in-out\">3 LED p\u00ebr statusin dhe 1 ekran p\u00ebr tensionin aktual<\/span><br data-start=\"873\" data-end=\"876\" \/><strong data-start=\"876\" data-end=\"889\">Mbrojtja:<\/strong> IP20<br data-start=\"894\" data-end=\"897\" \/><strong data-start=\"897\" data-end=\"924\">Funksionet e mbrojtjes:<\/strong> <span class=\"relative -mx-px my-[-0.2rem] rounded px-px py-[0.2rem] transition-colors duration-100 ease-in-out\">Tension i lart\u00eb dhe i ul\u00ebt<\/span><br data-start=\"964\" data-end=\"967\" \/><strong data-start=\"967\" data-end=\"987\">Tension i lart\u00eb:<\/strong> <span class=\"relative -mx-px my-[-0.2rem] rounded px-px py-[0.2rem] transition-colors duration-100 ease-in-out\">230\u2013280 V AC<\/span><br data-start=\"1027\" data-end=\"1030\" \/><strong data-start=\"1030\" data-end=\"1049\">Tension i ul\u00ebt:<\/strong> <span class=\"relative -mx-px my-[-0.2rem] rounded px-px py-[0.2rem] transition-colors duration-100 ease-in-out\">150\u2013210 V AC<\/span><br data-start=\"1089\" data-end=\"1092\" \/><strong data-start=\"1092\" data-end=\"1116\">Vonesa e tensioneve:<\/strong> <span class=\"relative -mx-px my-[-0.2rem] rounded px-px py-[0.2rem] transition-colors duration-100 ease-in-out\">0.1\u201310 sekonda<\/span><br data-start=\"1156\" data-end=\"1159\" \/><strong data-start=\"1159\" data-end=\"1172\">Kontakte:<\/strong> <span class=\"relative -mx-px my-[-0.2rem] rounded px-px py-[0.2rem] transition-colors duration-100 ease-in-out\">1 NO + 1 NC, 5 A \/ 250 V AC<\/span><br data-start=\"1212\" data-end=\"1215\" \/><strong data-start=\"1215\" data-end=\"1236\">Lidhje elektrike:<\/strong> <span class=\"relative -mx-px my-[-0.2rem] rounded px-px py-[0.2rem] transition-colors duration-100 ease-in-out\">Terminale p\u00ebr kabllo deri n\u00eb 2.5 mm\u00b2<\/span><br data-start=\"1276\" data-end=\"1279\" \/><strong data-start=\"1279\" data-end=\"1291\">Montimi:<\/strong> <span class=\"relative -mx-px my-[-0.2rem] rounded px-px py-[0.2rem] transition-colors duration-100 ease-in-out\">N\u00eb shirit DIN<\/span><br data-start=\"1331\" data-end=\"1334\" \/><strong data-start=\"1334\" data-end=\"1372\">Lart\u00ebsia maksimale e funksionimit:<\/strong> <span class=\"relative -mx-px my-[-0.2rem] rounded px-px py-[0.2rem] transition-colors duration-100 ease-in-out\">&lt;2000 m mbi nivelin e detit<\/span><\/p>","protected":false},"excerpt":{"rendered":"<p>Seria: Rel\u00e9 p\u00ebr mbrojtjen e tensionit t\u00eb nj\u00eb fazeLloji: Rel\u00e9 digjital tensioni me ekranKodi: DVC-01Tension operativ maksimal (Ue): 140\u2013290 V ACFrekuenca operimi: 50\/60 HzFuqia e funksionimit: &lt;6 VATemperatura e funksionimit: \u201320 \u00b0C deri +55 \u00b0CPesha: &lt;220 gLidhje elektrike: Terminale p\u00ebr kabllo deri n\u00eb 2.5 mm\u00b2Montimi: N\u00eb shirit DINLart\u00ebsia maksimale e funksionimit: &lt;2000 m mbi nivelin [&hellip;]<\/p>","protected":false},"featured_media":3813,"comment_status":"open","ping_status":"closed","template":"","meta":{"_acf_changed":false},"product_brand":[],"product_cat":[73,41],"product_tag":[],"class_list":{"0":"post-3812","1":"product","2":"type-product","3":"status-publish","4":"has-post-thumbnail","6":"product_cat-rl-mbrojtje","7":"product_cat-pajisje-kontrolli-dhe-mbrojtje","9":"first","10":"instock","11":"shipping-taxable","12":"product-type-simple"},"acf":[],"_links":{"self":[{"href":"https:\/\/www.brikaelektrik.al\/al\/wp-json\/wp\/v2\/product\/3812","targetHints":{"allow":["GET"]}}],"collection":[{"href":"https:\/\/www.brikaelektrik.al\/al\/wp-json\/wp\/v2\/product"}],"about":[{"href":"https:\/\/www.brikaelektrik.al\/al\/wp-json\/wp\/v2\/types\/product"}],"replies":[{"embeddable":true,"href":"https:\/\/www.brikaelektrik.al\/al\/wp-json\/wp\/v2\/comments?post=3812"}],"wp:featuredmedia":[{"embeddable":true,"href":"https:\/\/www.brikaelektrik.al\/al\/wp-json\/wp\/v2\/media\/3813"}],"wp:attachment":[{"href":"https:\/\/www.brikaelektrik.al\/al\/wp-json\/wp\/v2\/media?parent=3812"}],"wp:term":[{"taxonomy":"product_brand","embeddable":true,"href":"https:\/\/www.brikaelektrik.al\/al\/wp-json\/wp\/v2\/product_brand?post=3812"},{"taxonomy":"product_cat","embeddable":true,"href":"https:\/\/www.brikaelektrik.al\/al\/wp-json\/wp\/v2\/product_cat?post=3812"},{"taxonomy":"product_tag","embeddable":true,"href":"https:\/\/www.brikaelektrik.al\/al\/wp-json\/wp\/v2\/product_tag?post=3812"}],"curies":[{"name":"wp","href":"https:\/\/api.w.org\/{rel}","templated":true}]}}