{"id":3822,"date":"2025-08-28T09:50:13","date_gmt":"2025-08-28T09:50:13","guid":{"rendered":"https:\/\/www.brikaelektrik.al\/?post_type=product&#038;p=3822"},"modified":"2025-08-28T09:50:13","modified_gmt":"2025-08-28T09:50:13","slug":"rl-mbitension-monofaze-me-regjister","status":"publish","type":"product","link":"https:\/\/www.brikaelektrik.al\/al\/produkt\/rl-mbitension-monofaze-me-regjister\/","title":{"rendered":"RL MBITENSION MONOFAZ\u00cb ME REGJIST\u00cbR"},"content":{"rendered":"<p><strong data-start=\"176\" data-end=\"186\">Seria:<\/strong> Rel\u00e9s p\u00ebr mbrojtje tensioni (Protection Relays)<br data-start=\"234\" data-end=\"237\" \/><strong data-start=\"237\" data-end=\"247\">Lloji:<\/strong> Rel\u00e9 mbrojt\u00ebs tensioni p\u00ebr 1-faz\u00eb (SP)<br data-start=\"286\" data-end=\"289\" \/><strong data-start=\"289\" data-end=\"298\">Kodi:<\/strong> VCR\u201111<br data-start=\"305\" data-end=\"308\" \/><strong data-start=\"308\" data-end=\"343\" data-is-only-node=\"\">Tension operativ maksimal (Ue):<\/strong> 150\u202fV \u2013 260\u202fV\u202fAC<br data-start=\"360\" data-end=\"363\" \/><strong data-start=\"363\" data-end=\"392\">Frekuenca e funksionimit:<\/strong> 50 \/ 60\u202fHz<br data-start=\"403\" data-end=\"406\" \/><strong data-start=\"406\" data-end=\"431\">Fuqia e funksionimit:<\/strong> &lt;\u202f6\u202fVA<br data-start=\"438\" data-end=\"441\" \/><strong data-start=\"441\" data-end=\"472\">Temperatura e funksionimit:<\/strong> \u201320\u202f\u00b0C \u2026 +55\u202f\u00b0C<br data-start=\"488\" data-end=\"491\" \/><strong data-start=\"491\" data-end=\"501\">Pesha:<\/strong> &lt;\u202f100\u202fg<br data-start=\"509\" data-end=\"512\" \/><strong data-start=\"512\" data-end=\"523\">Lidhje:<\/strong> 3\u2011Faz\u00eb + Neutral (3\u2011Phase + N)<br data-start=\"554\" data-end=\"557\" \/><strong data-start=\"557\" data-end=\"584\">Funksionet e mbrojtjes:<\/strong> Mbi-tension (Over Voltage); N\u00ebn-tension (Under Voltage)<br data-start=\"640\" data-end=\"643\" \/><strong data-start=\"643\" data-end=\"659\">Mbi-tension:<\/strong> 230\u202fV \u2013 300\u202fV\u202fAC<br data-start=\"676\" data-end=\"679\" \/><strong data-start=\"679\" data-end=\"695\">N\u00ebn-tension:<\/strong> 150\u202fV \u2013 210\u202fV\u202fAC<br data-start=\"712\" data-end=\"715\" \/><strong data-start=\"715\" data-end=\"739\">Vonesa (Delay Time):<\/strong> 0.5\u202fs \u2013 20\u202fs<br data-start=\"752\" data-end=\"755\" \/><strong data-start=\"755\" data-end=\"791\">Koha e rikuperimit (Reset Time):<\/strong> 0.5\u202fs \u2013 20\u202fs<br data-start=\"804\" data-end=\"807\" \/><strong data-start=\"807\" data-end=\"827\">Indikimi vizual:<\/strong> 3\u202fLED<br data-start=\"833\" data-end=\"836\" \/><strong data-start=\"836\" data-end=\"849\">Kontakte:<\/strong> 1\u202fNO + 1\u202fNC, 5\u202fA \/ 250\u202fVAC<br data-start=\"876\" data-end=\"879\" \/><strong data-start=\"879\" data-end=\"892\">Mbrojtja:<\/strong> IP20<br data-start=\"897\" data-end=\"900\" \/><strong data-start=\"900\" data-end=\"921\">Lidhje elektrike:<\/strong> Terminale, kabllo deri n\u00eb 2.5\u202fmm\u00b2<br data-start=\"955\" data-end=\"958\" \/><strong data-start=\"958\" data-end=\"970\">Montimi:<\/strong> N\u00eb shirit DIN (DIN Rail Mounting)<br data-start=\"1004\" data-end=\"1007\" \/><strong data-start=\"1007\" data-end=\"1045\">Lart\u00ebsia maksimale e funksionimit:<\/strong> &lt;\u202f2000\u202fm mbi nivelin e detit<\/p>","protected":false},"excerpt":{"rendered":"<p>Seria: Rel\u00e9s p\u00ebr mbrojtje tensioni (Protection Relays)Lloji: Rel\u00e9 mbrojt\u00ebs tensioni p\u00ebr 1-faz\u00eb (SP)Kodi: VCR\u201111Tension operativ maksimal (Ue): 150\u202fV \u2013 260\u202fV\u202fACFrekuenca e funksionimit: 50 \/ 60\u202fHzFuqia e funksionimit: &lt;\u202f6\u202fVATemperatura e funksionimit: \u201320\u202f\u00b0C \u2026 +55\u202f\u00b0CPesha: &lt;\u202f100\u202fgLidhje: 3\u2011Faz\u00eb + Neutral (3\u2011Phase + N)Funksionet e mbrojtjes: Mbi-tension (Over Voltage); N\u00ebn-tension (Under Voltage)Mbi-tension: 230\u202fV \u2013 300\u202fV\u202fACN\u00ebn-tension: 150\u202fV \u2013 210\u202fV\u202fACVonesa (Delay [&hellip;]<\/p>","protected":false},"featured_media":3823,"comment_status":"open","ping_status":"closed","template":"","meta":{"_acf_changed":false},"product_brand":[],"product_cat":[73,41],"product_tag":[],"class_list":{"0":"post-3822","1":"product","2":"type-product","3":"status-publish","4":"has-post-thumbnail","6":"product_cat-rl-mbrojtje","7":"product_cat-pajisje-kontrolli-dhe-mbrojtje","9":"first","10":"instock","11":"shipping-taxable","12":"product-type-simple"},"acf":[],"_links":{"self":[{"href":"https:\/\/www.brikaelektrik.al\/al\/wp-json\/wp\/v2\/product\/3822","targetHints":{"allow":["GET"]}}],"collection":[{"href":"https:\/\/www.brikaelektrik.al\/al\/wp-json\/wp\/v2\/product"}],"about":[{"href":"https:\/\/www.brikaelektrik.al\/al\/wp-json\/wp\/v2\/types\/product"}],"replies":[{"embeddable":true,"href":"https:\/\/www.brikaelektrik.al\/al\/wp-json\/wp\/v2\/comments?post=3822"}],"wp:featuredmedia":[{"embeddable":true,"href":"https:\/\/www.brikaelektrik.al\/al\/wp-json\/wp\/v2\/media\/3823"}],"wp:attachment":[{"href":"https:\/\/www.brikaelektrik.al\/al\/wp-json\/wp\/v2\/media?parent=3822"}],"wp:term":[{"taxonomy":"product_brand","embeddable":true,"href":"https:\/\/www.brikaelektrik.al\/al\/wp-json\/wp\/v2\/product_brand?post=3822"},{"taxonomy":"product_cat","embeddable":true,"href":"https:\/\/www.brikaelektrik.al\/al\/wp-json\/wp\/v2\/product_cat?post=3822"},{"taxonomy":"product_tag","embeddable":true,"href":"https:\/\/www.brikaelektrik.al\/al\/wp-json\/wp\/v2\/product_tag?post=3822"}],"curies":[{"name":"wp","href":"https:\/\/api.w.org\/{rel}","templated":true}]}}