{"id":3830,"date":"2025-08-28T09:59:54","date_gmt":"2025-08-28T09:59:54","guid":{"rendered":"https:\/\/www.brikaelektrik.al\/?post_type=product&#038;p=3830"},"modified":"2025-08-28T09:59:54","modified_gmt":"2025-08-28T09:59:54","slug":"rl-3p-me-regjister-mbi-nentension-mungese-faze-3-fazore","status":"publish","type":"product","link":"https:\/\/www.brikaelektrik.al\/al\/produkt\/rl-3p-me-regjister-mbi-nentension-mungese-faze-3-fazore\/","title":{"rendered":"RL 3P ME REGJIST\u00cbR (MBI\/N\u00cbNTENSION MUNGES\u00cb FAZE) 3 FAZORE"},"content":{"rendered":"<p><strong data-start=\"110\" data-end=\"120\">Seria:<\/strong> Rel\u00e9 p\u00ebr mbrojtjen e tensionit<br data-start=\"151\" data-end=\"154\" \/><strong data-start=\"154\" data-end=\"164\">Lloji:<\/strong> Rel\u00e9 mbrojt\u00ebs p\u00ebr tension trefazor me neutral (3Ph + N), me 4 funksione<br data-start=\"236\" data-end=\"239\" \/><strong data-start=\"239\" data-end=\"274\" data-is-only-node=\"\">Tension operativ maksimal (Ue):<\/strong> 140\u2013300\u202fV AC (faza-neutral)<br data-start=\"302\" data-end=\"305\" \/><strong data-start=\"305\" data-end=\"334\">Frekuenca e funksionimit:<\/strong> 50 \/ 60\u202fHz<br data-start=\"345\" data-end=\"348\" \/><strong data-start=\"348\" data-end=\"373\">Fuqia e funksionimit:<\/strong> &lt; 6\u202fVA<br data-start=\"380\" data-end=\"383\" \/><strong data-start=\"383\" data-end=\"414\">Temperatura e funksionimit:<\/strong> \u201320\u202f\u00b0C deri +55\u202f\u00b0C<br data-start=\"433\" data-end=\"436\" \/><strong data-start=\"436\" data-end=\"446\">Pesha:<\/strong> &lt; 210\u202fg<br data-start=\"454\" data-end=\"457\" \/><strong data-start=\"457\" data-end=\"478\">Lidhje elektrike:<\/strong> 3 faza + neutral, terminale p\u00ebr kabllo deri n\u00eb 2.5 mm\u00b2<br data-start=\"533\" data-end=\"536\" \/><strong data-start=\"536\" data-end=\"563\">Funksionet e mbrojtjes:<\/strong><br data-start=\"563\" data-end=\"566\" \/>\u2013 Mbi-tension: 230\u2013300\u202fV AC<br data-start=\"593\" data-end=\"596\" \/>\u2013 N\u00ebn-tension: 140\u2013210\u202fV AC<br data-start=\"623\" data-end=\"626\" \/>\u2013 Munges\u00eb faze<br data-start=\"640\" data-end=\"643\" \/>\u2013 Munges\u00eb neutrali<br data-start=\"661\" data-end=\"664\" \/><strong data-start=\"664\" data-end=\"694\">Vonesa (koh\u00eb nd\u00ebrhyrjeje):<\/strong> 0.1 \u2013 20 sekonda<br data-start=\"711\" data-end=\"714\" \/><strong data-start=\"714\" data-end=\"737\">Koha e rikuperimit:<\/strong> 0.1 \u2013 20 sekonda<br data-start=\"754\" data-end=\"757\" \/><strong data-start=\"757\" data-end=\"777\">Indikimi vizual:<\/strong> 4 LED p\u00ebr statusin<br data-start=\"796\" data-end=\"799\" \/><strong data-start=\"799\" data-end=\"812\">Kontakte:<\/strong> 1 NO + 1 NC, 5 A \/ 250\u202fV AC<br data-start=\"840\" data-end=\"843\" \/><strong data-start=\"843\" data-end=\"856\">Mbrojtja:<\/strong> IP20<br data-start=\"861\" data-end=\"864\" \/><strong data-start=\"864\" data-end=\"876\">Montimi:<\/strong> N\u00eb shirit DIN<br data-start=\"890\" data-end=\"893\" \/><strong data-start=\"893\" data-end=\"931\">Lart\u00ebsia maksimale e funksionimit:<\/strong> &lt; 2000\u202fm mbi nivelin e detit<\/p>","protected":false},"excerpt":{"rendered":"<p>Seria: Rel\u00e9 p\u00ebr mbrojtjen e tensionitLloji: Rel\u00e9 mbrojt\u00ebs p\u00ebr tension trefazor me neutral (3Ph + N), me 4 funksioneTension operativ maksimal (Ue): 140\u2013300\u202fV AC (faza-neutral)Frekuenca e funksionimit: 50 \/ 60\u202fHzFuqia e funksionimit: &lt; 6\u202fVATemperatura e funksionimit: \u201320\u202f\u00b0C deri +55\u202f\u00b0CPesha: &lt; 210\u202fgLidhje elektrike: 3 faza + neutral, terminale p\u00ebr kabllo deri n\u00eb 2.5 mm\u00b2Funksionet e mbrojtjes:\u2013 [&hellip;]<\/p>","protected":false},"featured_media":3831,"comment_status":"open","ping_status":"closed","template":"","meta":{"_acf_changed":false},"product_brand":[],"product_cat":[73,41],"product_tag":[],"class_list":{"0":"post-3830","1":"product","2":"type-product","3":"status-publish","4":"has-post-thumbnail","6":"product_cat-rl-mbrojtje","7":"product_cat-pajisje-kontrolli-dhe-mbrojtje","9":"first","10":"instock","11":"shipping-taxable","12":"product-type-simple"},"acf":[],"_links":{"self":[{"href":"https:\/\/www.brikaelektrik.al\/al\/wp-json\/wp\/v2\/product\/3830","targetHints":{"allow":["GET"]}}],"collection":[{"href":"https:\/\/www.brikaelektrik.al\/al\/wp-json\/wp\/v2\/product"}],"about":[{"href":"https:\/\/www.brikaelektrik.al\/al\/wp-json\/wp\/v2\/types\/product"}],"replies":[{"embeddable":true,"href":"https:\/\/www.brikaelektrik.al\/al\/wp-json\/wp\/v2\/comments?post=3830"}],"wp:featuredmedia":[{"embeddable":true,"href":"https:\/\/www.brikaelektrik.al\/al\/wp-json\/wp\/v2\/media\/3831"}],"wp:attachment":[{"href":"https:\/\/www.brikaelektrik.al\/al\/wp-json\/wp\/v2\/media?parent=3830"}],"wp:term":[{"taxonomy":"product_brand","embeddable":true,"href":"https:\/\/www.brikaelektrik.al\/al\/wp-json\/wp\/v2\/product_brand?post=3830"},{"taxonomy":"product_cat","embeddable":true,"href":"https:\/\/www.brikaelektrik.al\/al\/wp-json\/wp\/v2\/product_cat?post=3830"},{"taxonomy":"product_tag","embeddable":true,"href":"https:\/\/www.brikaelektrik.al\/al\/wp-json\/wp\/v2\/product_tag?post=3830"}],"curies":[{"name":"wp","href":"https:\/\/api.w.org\/{rel}","templated":true}]}}