{"id":3834,"date":"2025-08-28T10:16:10","date_gmt":"2025-08-28T10:16:10","guid":{"rendered":"https:\/\/www.brikaelektrik.al\/?post_type=product&#038;p=3834"},"modified":"2025-08-28T10:26:36","modified_gmt":"2025-08-28T10:26:36","slug":"rl-3p-me-regjister-mbi-nentension-mungese00-faze-3-fazore","status":"publish","type":"product","link":"https:\/\/www.brikaelektrik.al\/al\/produkt\/rl-3p-me-regjister-mbi-nentension-mungese00-faze-3-fazore\/","title":{"rendered":"RL 3P ME REGJIST\u00cbR (MBI\/N\u00cbNTENSION MUNGES\u00cb00 FAZE) 3 FAZORE"},"content":{"rendered":"<p><strong data-start=\"88\" data-end=\"98\">Seria:<\/strong> Rel\u00e9 p\u00ebr mbrojtje tensioni (Control &amp; Protection Relays)<br data-start=\"155\" data-end=\"158\" \/><strong data-start=\"158\" data-end=\"168\">Lloji:<\/strong> Rel\u00e9 mbrojt\u00ebs tensioni p\u00ebr sistem trefazor (3\u202fPh), pa neutral, me 4 funksione<br data-start=\"246\" data-end=\"249\" \/><strong data-start=\"249\" data-end=\"258\">Kodi:<\/strong> VCR\u201103F<br data-start=\"266\" data-end=\"269\" data-is-only-node=\"\" \/><strong data-start=\"269\" data-end=\"304\">Tension operativ maksimal (Ue):<\/strong> 260\u2013510\u202fV\u202fAC (faza\u2011faza)<br data-start=\"329\" data-end=\"332\" \/><strong data-start=\"332\" data-end=\"361\">Frekuenca e funksionimit:<\/strong> 50 \/ 60\u202fHz<br data-start=\"372\" data-end=\"375\" \/><strong data-start=\"375\" data-end=\"400\">Fuqia e funksionimit:<\/strong> &lt; 6\u202fVA<br data-start=\"407\" data-end=\"410\" \/><strong data-start=\"410\" data-end=\"441\">Temperatura e funksionimit:<\/strong> \u201320\u202f\u00b0C deri +55\u202f\u00b0C<br data-start=\"460\" data-end=\"463\" \/><strong data-start=\"463\" data-end=\"473\">Pesha:<\/strong> &lt; 210\u202fg<br data-start=\"481\" data-end=\"484\" \/><strong data-start=\"484\" data-end=\"505\">Lidhje elektrike:<\/strong> 3 faza (pa neutral), terminale p\u00ebr kabllo deri n\u00eb 2.5\u202fmm\u00b2<br data-start=\"563\" data-end=\"566\" \/><strong data-start=\"566\" data-end=\"593\">Funksionet e mbrojtjes:<\/strong><br data-start=\"593\" data-end=\"596\" \/>\u2013 Mbi\u2011tension: 400\u2013510\u202fV\u202fAC<br data-start=\"623\" data-end=\"626\" \/>\u2013 N\u00ebn\u2011tension: 260\u2013370\u202fV\u202fAC<br data-start=\"653\" data-end=\"656\" \/>\u2013 Kontroll i renditjes s\u00eb fazave (Phase Sequence)<br data-start=\"705\" data-end=\"708\" \/>\u2013 Munges\u00eb faze (Phase Absence)<br data-start=\"738\" data-end=\"741\" \/><strong data-start=\"741\" data-end=\"765\">Vonesa (Delay Time):<\/strong> 0.1 \u2013 20 sekonda<br data-start=\"782\" data-end=\"785\" \/><strong data-start=\"785\" data-end=\"821\">Koha e rikuperimit (Reset Time):<\/strong> 0.1 \u2013 20 sekonda<br data-start=\"838\" data-end=\"841\" \/><strong data-start=\"841\" data-end=\"861\">Indikimi vizual:<\/strong> 4 LED p\u00ebr statusin<br data-start=\"880\" data-end=\"883\" \/><strong data-start=\"883\" data-end=\"896\">Kontakte:<\/strong> 1 NO + 1 NC, 5\u202fA \/ 250\u202fVAC<br data-start=\"923\" data-end=\"926\" \/><strong data-start=\"926\" data-end=\"939\">Mbrojtja:<\/strong> IP20<br data-start=\"944\" data-end=\"947\" \/><strong data-start=\"947\" data-end=\"959\">Montimi:<\/strong> N\u00eb shirit DIN<br data-start=\"973\" data-end=\"976\" \/><strong data-start=\"976\" data-end=\"1014\">Lart\u00ebsia maksimale e funksionimit:<\/strong> &lt; 2000\u202fm mbi nivelin e detit<\/p>","protected":false},"excerpt":{"rendered":"<p>Seria: Rel\u00e9 p\u00ebr mbrojtje tensioni (Control &amp; Protection Relays)Lloji: Rel\u00e9 mbrojt\u00ebs tensioni p\u00ebr sistem trefazor (3\u202fPh), pa neutral, me 4 funksioneKodi: VCR\u201103FTension operativ maksimal (Ue): 260\u2013510\u202fV\u202fAC (faza\u2011faza)Frekuenca e funksionimit: 50 \/ 60\u202fHzFuqia e funksionimit: &lt; 6\u202fVATemperatura e funksionimit: \u201320\u202f\u00b0C deri +55\u202f\u00b0CPesha: &lt; 210\u202fgLidhje elektrike: 3 faza (pa neutral), terminale p\u00ebr kabllo deri n\u00eb 2.5\u202fmm\u00b2Funksionet e [&hellip;]<\/p>","protected":false},"featured_media":3835,"comment_status":"open","ping_status":"closed","template":"","meta":{"_acf_changed":false},"product_brand":[],"product_cat":[73,15,41],"product_tag":[],"class_list":{"0":"post-3834","1":"product","2":"type-product","3":"status-publish","4":"has-post-thumbnail","6":"product_cat-rl-mbrojtje","7":"product_cat-uncategorized","8":"product_cat-pajisje-kontrolli-dhe-mbrojtje","10":"first","11":"instock","12":"shipping-taxable","13":"product-type-simple"},"acf":[],"_links":{"self":[{"href":"https:\/\/www.brikaelektrik.al\/al\/wp-json\/wp\/v2\/product\/3834","targetHints":{"allow":["GET"]}}],"collection":[{"href":"https:\/\/www.brikaelektrik.al\/al\/wp-json\/wp\/v2\/product"}],"about":[{"href":"https:\/\/www.brikaelektrik.al\/al\/wp-json\/wp\/v2\/types\/product"}],"replies":[{"embeddable":true,"href":"https:\/\/www.brikaelektrik.al\/al\/wp-json\/wp\/v2\/comments?post=3834"}],"wp:featuredmedia":[{"embeddable":true,"href":"https:\/\/www.brikaelektrik.al\/al\/wp-json\/wp\/v2\/media\/3835"}],"wp:attachment":[{"href":"https:\/\/www.brikaelektrik.al\/al\/wp-json\/wp\/v2\/media?parent=3834"}],"wp:term":[{"taxonomy":"product_brand","embeddable":true,"href":"https:\/\/www.brikaelektrik.al\/al\/wp-json\/wp\/v2\/product_brand?post=3834"},{"taxonomy":"product_cat","embeddable":true,"href":"https:\/\/www.brikaelektrik.al\/al\/wp-json\/wp\/v2\/product_cat?post=3834"},{"taxonomy":"product_tag","embeddable":true,"href":"https:\/\/www.brikaelektrik.al\/al\/wp-json\/wp\/v2\/product_tag?post=3834"}],"curies":[{"name":"wp","href":"https:\/\/api.w.org\/{rel}","templated":true}]}}