{"id":3838,"date":"2025-08-28T10:20:26","date_gmt":"2025-08-28T10:20:26","guid":{"rendered":"https:\/\/www.brikaelektrik.al\/?post_type=product&#038;p=3838"},"modified":"2025-08-28T10:20:26","modified_gmt":"2025-08-28T10:20:26","slug":"rl-asimetrie-mbitension-3pn-me-regjister-2-poste","status":"publish","type":"product","link":"https:\/\/www.brikaelektrik.al\/al\/produkt\/rl-asimetrie-mbitension-3pn-me-regjister-2-poste\/","title":{"rendered":"RL ASIMETRIE MBITENSION 3P+N ME REGJIST\u00cbR 2 POSTE"},"content":{"rendered":"<p data-start=\"100\" data-end=\"1135\"><strong data-start=\"100\" data-end=\"110\">Seria:<\/strong> Rel\u00e9 p\u00ebr mbrojtjen e fazave<br data-start=\"138\" data-end=\"141\" \/><strong data-start=\"141\" data-end=\"151\">Lloji:<\/strong> Rel\u00e9 me 4 funksione p\u00ebr sistem trefazor plus neutral (3Ph + N)<br data-start=\"214\" data-end=\"217\" \/><strong data-start=\"217\" data-end=\"226\">Kodi:<\/strong> PPR\u201105F<br data-start=\"234\" data-end=\"237\" data-is-only-node=\"\" \/><strong data-start=\"237\" data-end=\"272\">Tension operativ maksimal (Ue):<\/strong> 3 \u00d7 380\u202fV\u202fAC<br data-start=\"285\" data-end=\"288\" \/><strong data-start=\"288\" data-end=\"317\">Frekuenca e funksionimit:<\/strong> 50 \/ 60\u202fHz<br data-start=\"328\" data-end=\"331\" \/><strong data-start=\"331\" data-end=\"356\">Fuqia e funksionimit:<\/strong> &lt;\u202f6\u202fVA<br data-start=\"363\" data-end=\"366\" \/><strong data-start=\"366\" data-end=\"397\">Temperatura e funksionimit:<\/strong> \u201320\u202f\u00b0C deri +55\u202f\u00b0C<br data-start=\"416\" data-end=\"419\" \/><strong data-start=\"419\" data-end=\"429\">Pesha:<\/strong> &lt;\u202f210\u202fg<br data-start=\"437\" data-end=\"440\" \/><strong data-start=\"440\" data-end=\"461\">Lidhje elektrike:<\/strong> 3 faza + neutral, terminale p\u00ebr kabllo deri n\u00eb 2.5\u202fmm\u00b2<br data-start=\"516\" data-end=\"519\" \/><strong data-start=\"519\" data-end=\"546\">Funksionet e mbrojtjes:<\/strong><br data-start=\"546\" data-end=\"549\" \/>\u2013 Mbi\u2011tension (Over\u2011Voltage): 300\u202fV (L\u2011N)<br data-start=\"590\" data-end=\"593\" \/>\u2013 N\u00ebn\u2011tension (Under\u2011Voltage): 140\u202fV (L\u2011N)<br data-start=\"635\" data-end=\"638\" \/>\u2013 Asimetria (Asymmetry): 5\u202f\u2013\u202f25\u202f%<br data-start=\"671\" data-end=\"674\" \/>\u2013 Kontroll i renditjes s\u00eb fazave (Phase Sequence)<br data-start=\"723\" data-end=\"726\" \/>\u2013 Munges\u00eb fazash (Phase Absence)<br data-start=\"758\" data-end=\"761\" \/>\u2013 Munges\u00eb neutrali (Neutral Absence)<br data-start=\"797\" data-end=\"800\" \/><strong data-start=\"800\" data-end=\"824\">Vonesa (Delay Time):<\/strong> 0.1 \u2013 20 sekonda<br data-start=\"841\" data-end=\"844\" \/><strong data-start=\"844\" data-end=\"880\">Koha e rikuperimit (Reset Time):<\/strong> 0.1 \u2013 20 sekonda<br data-start=\"897\" data-end=\"900\" \/><strong data-start=\"900\" data-end=\"920\">Indikimi vizual:<\/strong> 4\u202fLED p\u00ebr statusin dhe defektet<br data-start=\"952\" data-end=\"955\" \/><strong data-start=\"955\" data-end=\"968\">Kontakte:<\/strong> 1\u202fNO + 1\u202fNC, 5\u202fA \/ 250\u202fVAC<br data-start=\"995\" data-end=\"998\" \/><strong data-start=\"998\" data-end=\"1020\">Mbrojtja e trupit:<\/strong> IP20<br data-start=\"1025\" data-end=\"1028\" \/><strong data-start=\"1028\" data-end=\"1040\">Montimi:<\/strong> N\u00eb shirit DIN (DIN rail)<br data-start=\"1065\" data-end=\"1068\" \/><strong data-start=\"1068\" data-end=\"1106\">Lart\u00ebsia maksimale e funksionimit:<\/strong> &lt;\u202f2000\u202fm mbi nivelin e detit<\/p>","protected":false},"excerpt":{"rendered":"<p>Seria: Rel\u00e9 p\u00ebr mbrojtjen e fazaveLloji: Rel\u00e9 me 4 funksione p\u00ebr sistem trefazor plus neutral (3Ph + N)Kodi: PPR\u201105FTension operativ maksimal (Ue): 3 \u00d7 380\u202fV\u202fACFrekuenca e funksionimit: 50 \/ 60\u202fHzFuqia e funksionimit: &lt;\u202f6\u202fVATemperatura e funksionimit: \u201320\u202f\u00b0C deri +55\u202f\u00b0CPesha: &lt;\u202f210\u202fgLidhje elektrike: 3 faza + neutral, terminale p\u00ebr kabllo deri n\u00eb 2.5\u202fmm\u00b2Funksionet e mbrojtjes:\u2013 Mbi\u2011tension (Over\u2011Voltage): 300\u202fV [&hellip;]<\/p>","protected":false},"featured_media":3839,"comment_status":"open","ping_status":"closed","template":"","meta":{"_acf_changed":false},"product_brand":[],"product_cat":[73,41],"product_tag":[],"class_list":{"0":"post-3838","1":"product","2":"type-product","3":"status-publish","4":"has-post-thumbnail","6":"product_cat-rl-mbrojtje","7":"product_cat-pajisje-kontrolli-dhe-mbrojtje","9":"first","10":"instock","11":"shipping-taxable","12":"product-type-simple"},"acf":[],"_links":{"self":[{"href":"https:\/\/www.brikaelektrik.al\/al\/wp-json\/wp\/v2\/product\/3838","targetHints":{"allow":["GET"]}}],"collection":[{"href":"https:\/\/www.brikaelektrik.al\/al\/wp-json\/wp\/v2\/product"}],"about":[{"href":"https:\/\/www.brikaelektrik.al\/al\/wp-json\/wp\/v2\/types\/product"}],"replies":[{"embeddable":true,"href":"https:\/\/www.brikaelektrik.al\/al\/wp-json\/wp\/v2\/comments?post=3838"}],"wp:featuredmedia":[{"embeddable":true,"href":"https:\/\/www.brikaelektrik.al\/al\/wp-json\/wp\/v2\/media\/3839"}],"wp:attachment":[{"href":"https:\/\/www.brikaelektrik.al\/al\/wp-json\/wp\/v2\/media?parent=3838"}],"wp:term":[{"taxonomy":"product_brand","embeddable":true,"href":"https:\/\/www.brikaelektrik.al\/al\/wp-json\/wp\/v2\/product_brand?post=3838"},{"taxonomy":"product_cat","embeddable":true,"href":"https:\/\/www.brikaelektrik.al\/al\/wp-json\/wp\/v2\/product_cat?post=3838"},{"taxonomy":"product_tag","embeddable":true,"href":"https:\/\/www.brikaelektrik.al\/al\/wp-json\/wp\/v2\/product_tag?post=3838"}],"curies":[{"name":"wp","href":"https:\/\/api.w.org\/{rel}","templated":true}]}}