{"id":3842,"date":"2025-08-28T10:23:00","date_gmt":"2025-08-28T10:23:00","guid":{"rendered":"https:\/\/www.brikaelektrik.al\/?post_type=product&#038;p=3842"},"modified":"2025-08-28T10:23:00","modified_gmt":"2025-08-28T10:23:00","slug":"rl-asimetrie-mbitension-3p-me-regjister-2-poste","status":"publish","type":"product","link":"https:\/\/www.brikaelektrik.al\/al\/produkt\/rl-asimetrie-mbitension-3p-me-regjister-2-poste\/","title":{"rendered":"RL ASIMETRIE MBITENSION 3P ME REGJIST\u00cbR 2 POSTE"},"content":{"rendered":"<p><strong data-start=\"107\" data-end=\"117\">Seria:<\/strong> Rel\u00e9 p\u00ebr mbrojtje t\u00eb fazave<br data-start=\"145\" data-end=\"148\" \/><strong data-start=\"148\" data-end=\"158\">Lloji:<\/strong> Rel\u00e9 mbrojt\u00ebs me 4 funksione p\u00ebr sistem trefazor (3\u202fPh), pa neutral<br data-start=\"226\" data-end=\"229\" \/><strong data-start=\"229\" data-end=\"238\">Kodi:<\/strong> PPR\u201106F<br data-start=\"246\" data-end=\"249\" data-is-only-node=\"\" \/><strong data-start=\"249\" data-end=\"284\">Tension operativ maksimal (Ue):<\/strong> 3 \u00d7 380\u202fV\u202fAC<br data-start=\"297\" data-end=\"300\" \/><strong data-start=\"300\" data-end=\"329\">Frekuenca e funksionimit:<\/strong> 50 \/ 60\u202fHz<br data-start=\"340\" data-end=\"343\" \/><strong data-start=\"343\" data-end=\"368\">Fuqia e funksionimit:<\/strong> &lt;\u202f6\u202fVA<br data-start=\"375\" data-end=\"378\" \/><strong data-start=\"378\" data-end=\"409\">Temperatura e funksionimit:<\/strong> \u201320\u202f\u00b0C \u2026 +55\u202f\u00b0C<br data-start=\"425\" data-end=\"428\" \/><strong data-start=\"428\" data-end=\"438\">Pesha:<\/strong> &lt;\u202f210\u202fg<br data-start=\"446\" data-end=\"449\" \/><strong data-start=\"449\" data-end=\"470\">Lidhje elektrike:<\/strong> 3 faza (pa neutral), terminale p\u00ebr kabllo deri n\u00eb 2.5\u202fmm\u00b2<br data-start=\"528\" data-end=\"531\" \/><strong data-start=\"531\" data-end=\"558\">Funksionet e mbrojtjes:<\/strong><br data-start=\"558\" data-end=\"561\" \/>\u2013 Mbi\u2011tension (Over\u2011Voltage): 500\u202fV (L\u2011L)<br data-start=\"602\" data-end=\"605\" \/>\u2013 N\u00ebn\u2011tension (Under\u2011Voltage): 240\u202fV (L\u2011L)<br data-start=\"647\" data-end=\"650\" \/>\u2013 Asimetria (Asymmetry): 5\u202f% \u2013 25\u202f%<br data-start=\"685\" data-end=\"688\" \/>\u2013 Kontroll i renditjes s\u00eb fazave (Phase Sequence)<br data-start=\"737\" data-end=\"740\" \/>\u2013 Munges\u00eb fazash (Phase Absence)<br data-start=\"772\" data-end=\"775\" \/><strong data-start=\"775\" data-end=\"799\">Vonesa (Delay Time):<\/strong> 0.1 \u2013 20\u202fsekonda<br data-start=\"816\" data-end=\"819\" \/><strong data-start=\"819\" data-end=\"855\">Koha p\u00ebr rikuperim (Reset Time):<\/strong> 0.1 \u2013 20\u202fsekonda<br data-start=\"872\" data-end=\"875\" \/><strong data-start=\"875\" data-end=\"895\">Indikimi vizual:<\/strong> 4\u202fLED p\u00ebr statusin e funksionimit dhe sinjalet e defekteve<br data-start=\"954\" data-end=\"957\" \/><strong data-start=\"957\" data-end=\"970\">Kontakte:<\/strong> 1\u202fNO + 1\u202fNC, 5\u202fA \/ 250\u202fVAC<br data-start=\"997\" data-end=\"1000\" \/><strong data-start=\"1000\" data-end=\"1022\">Mbrojtja e trupit:<\/strong> IP20<br data-start=\"1027\" data-end=\"1030\" \/><strong data-start=\"1030\" data-end=\"1042\">Montimi:<\/strong> N\u00eb shirit DIN<br data-start=\"1056\" data-end=\"1059\" \/><strong data-start=\"1059\" data-end=\"1097\">Lart\u00ebsia maksimale e funksionimit:<\/strong> &lt;\u202f2000\u202fm mbi nivelin e detit<\/p>","protected":false},"excerpt":{"rendered":"<p>Seria: Rel\u00e9 p\u00ebr mbrojtje t\u00eb fazaveLloji: Rel\u00e9 mbrojt\u00ebs me 4 funksione p\u00ebr sistem trefazor (3\u202fPh), pa neutralKodi: PPR\u201106FTension operativ maksimal (Ue): 3 \u00d7 380\u202fV\u202fACFrekuenca e funksionimit: 50 \/ 60\u202fHzFuqia e funksionimit: &lt;\u202f6\u202fVATemperatura e funksionimit: \u201320\u202f\u00b0C \u2026 +55\u202f\u00b0CPesha: &lt;\u202f210\u202fgLidhje elektrike: 3 faza (pa neutral), terminale p\u00ebr kabllo deri n\u00eb 2.5\u202fmm\u00b2Funksionet e mbrojtjes:\u2013 Mbi\u2011tension (Over\u2011Voltage): 500\u202fV (L\u2011L)\u2013 [&hellip;]<\/p>","protected":false},"featured_media":3843,"comment_status":"open","ping_status":"closed","template":"","meta":{"_acf_changed":false},"product_brand":[],"product_cat":[73,41],"product_tag":[],"class_list":{"0":"post-3842","1":"product","2":"type-product","3":"status-publish","4":"has-post-thumbnail","6":"product_cat-rl-mbrojtje","7":"product_cat-pajisje-kontrolli-dhe-mbrojtje","9":"first","10":"instock","11":"shipping-taxable","12":"product-type-simple"},"acf":[],"_links":{"self":[{"href":"https:\/\/www.brikaelektrik.al\/al\/wp-json\/wp\/v2\/product\/3842","targetHints":{"allow":["GET"]}}],"collection":[{"href":"https:\/\/www.brikaelektrik.al\/al\/wp-json\/wp\/v2\/product"}],"about":[{"href":"https:\/\/www.brikaelektrik.al\/al\/wp-json\/wp\/v2\/types\/product"}],"replies":[{"embeddable":true,"href":"https:\/\/www.brikaelektrik.al\/al\/wp-json\/wp\/v2\/comments?post=3842"}],"wp:featuredmedia":[{"embeddable":true,"href":"https:\/\/www.brikaelektrik.al\/al\/wp-json\/wp\/v2\/media\/3843"}],"wp:attachment":[{"href":"https:\/\/www.brikaelektrik.al\/al\/wp-json\/wp\/v2\/media?parent=3842"}],"wp:term":[{"taxonomy":"product_brand","embeddable":true,"href":"https:\/\/www.brikaelektrik.al\/al\/wp-json\/wp\/v2\/product_brand?post=3842"},{"taxonomy":"product_cat","embeddable":true,"href":"https:\/\/www.brikaelektrik.al\/al\/wp-json\/wp\/v2\/product_cat?post=3842"},{"taxonomy":"product_tag","embeddable":true,"href":"https:\/\/www.brikaelektrik.al\/al\/wp-json\/wp\/v2\/product_tag?post=3842"}],"curies":[{"name":"wp","href":"https:\/\/api.w.org\/{rel}","templated":true}]}}