{"id":3846,"date":"2025-08-28T10:26:03","date_gmt":"2025-08-28T10:26:03","guid":{"rendered":"https:\/\/www.brikaelektrik.al\/?post_type=product&#038;p=3846"},"modified":"2025-08-28T10:26:20","modified_gmt":"2025-08-28T10:26:20","slug":"rl-3p-fazore-sekuence-faze-mbitension-mungese-faze","status":"publish","type":"product","link":"https:\/\/www.brikaelektrik.al\/al\/produkt\/rl-3p-fazore-sekuence-faze-mbitension-mungese-faze\/","title":{"rendered":"RL 3P FAZORE (SEKUENC\u00cb FAZE + MBITENSION + MUNGES\u00cb FAZE)"},"content":{"rendered":"<p data-start=\"142\" data-end=\"1103\"><strong data-start=\"142\" data-end=\"152\">Seria:<\/strong> Rel\u00e9 p\u00ebr mbrojtjen e fazave<br data-start=\"180\" data-end=\"183\" \/><strong data-start=\"183\" data-end=\"193\">Lloji:<\/strong> Rel\u00e9 mbrojt\u00ebs me 4 funksione p\u00ebr sistem trefazor pa neutral (3\u202fPh)<br data-start=\"260\" data-end=\"263\" \/><strong data-start=\"263\" data-end=\"272\">Kodi:<\/strong> PPR\u201124F<br data-start=\"280\" data-end=\"283\" \/><strong data-start=\"283\" data-end=\"318\" data-is-only-node=\"\">Tension operativ maksimal (Ue):<\/strong> 3 \u00d7 380\u202fV\u202fAC<br data-start=\"331\" data-end=\"334\" \/><strong data-start=\"334\" data-end=\"363\">Frekuenca e funksionimit:<\/strong> 50 \/ 60\u202fHz<br data-start=\"374\" data-end=\"377\" \/><strong data-start=\"377\" data-end=\"402\">Fuqia e funksionimit:<\/strong> &lt;\u202f4\u202fVA<br data-start=\"409\" data-end=\"412\" \/><strong data-start=\"412\" data-end=\"443\">Temperatura e funksionimit:<\/strong> \u201320\u202f\u00b0C deri +55\u202f\u00b0C<br data-start=\"462\" data-end=\"465\" \/><strong data-start=\"465\" data-end=\"475\">Pesha:<\/strong> &lt;\u202f110\u202fg<br data-start=\"483\" data-end=\"486\" \/><strong data-start=\"486\" data-end=\"507\">Lidhje elektrike:<\/strong> 3 faza (pa neutral), terminale p\u00ebr kabllo deri n\u00eb 2.5\u202fmm\u00b2<br data-start=\"565\" data-end=\"568\" \/><strong data-start=\"568\" data-end=\"595\">Funksionet e mbrojtjes:<\/strong><br data-start=\"595\" data-end=\"598\" \/>\u2013 Mbi\u2011tension: 500\u202fV\u202fAC (L\u2011L)<br data-start=\"627\" data-end=\"630\" \/>\u2013 N\u00ebn\u2011tension: 180\u202fV\u202fAC (L\u2011L)<br data-start=\"659\" data-end=\"662\" \/>\u2013 Asimetria: 11\u202f% (e fiksuar)<br data-start=\"691\" data-end=\"694\" \/>\u2013 Kontroll i renditjes s\u00eb fazave (Phase Sequence)<br data-start=\"743\" data-end=\"746\" \/>\u2013 Munges\u00eb faze (Phase Absence)<br data-start=\"776\" data-end=\"779\" \/><strong data-start=\"779\" data-end=\"803\">Vonesa (Delay Time):<\/strong> 0.1 \u2013 20 sekonda<br data-start=\"820\" data-end=\"823\" \/><strong data-start=\"823\" data-end=\"859\">Koha e rikuperimit (Reset Time):<\/strong> 0.1 \u2013 20 sekonda<br data-start=\"876\" data-end=\"879\" \/><strong data-start=\"879\" data-end=\"899\">Indikimi vizual:<\/strong> 4\u202fLED p\u00ebr statusin dhe defektet<br data-start=\"931\" data-end=\"934\" \/><strong data-start=\"934\" data-end=\"947\">Kontakte:<\/strong> 1\u202fNO + 1\u202fNC, 5\u202fA \/ 250\u202fVAC<br data-start=\"974\" data-end=\"977\" \/><strong data-start=\"977\" data-end=\"999\">Mbrojtja e trupit:<\/strong> IP20<br data-start=\"1004\" data-end=\"1007\" \/><strong data-start=\"1007\" data-end=\"1019\">Montimi:<\/strong> N\u00eb shirit DIN<br data-start=\"1033\" data-end=\"1036\" \/><strong data-start=\"1036\" data-end=\"1074\">Lart\u00ebsia maksimale e funksionimit:<\/strong> &lt;\u202f2000\u202fm mbi nivelin e detit<\/p>","protected":false},"excerpt":{"rendered":"<p>Seria: Rel\u00e9 p\u00ebr mbrojtjen e fazaveLloji: Rel\u00e9 mbrojt\u00ebs me 4 funksione p\u00ebr sistem trefazor pa neutral (3\u202fPh)Kodi: PPR\u201124FTension operativ maksimal (Ue): 3 \u00d7 380\u202fV\u202fACFrekuenca e funksionimit: 50 \/ 60\u202fHzFuqia e funksionimit: &lt;\u202f4\u202fVATemperatura e funksionimit: \u201320\u202f\u00b0C deri +55\u202f\u00b0CPesha: &lt;\u202f110\u202fgLidhje elektrike: 3 faza (pa neutral), terminale p\u00ebr kabllo deri n\u00eb 2.5\u202fmm\u00b2Funksionet e mbrojtjes:\u2013 Mbi\u2011tension: 500\u202fV\u202fAC (L\u2011L)\u2013 N\u00ebn\u2011tension: [&hellip;]<\/p>","protected":false},"featured_media":3847,"comment_status":"open","ping_status":"closed","template":"","meta":{"_acf_changed":false},"product_brand":[],"product_cat":[73,41],"product_tag":[],"class_list":{"0":"post-3846","1":"product","2":"type-product","3":"status-publish","4":"has-post-thumbnail","6":"product_cat-rl-mbrojtje","7":"product_cat-pajisje-kontrolli-dhe-mbrojtje","9":"first","10":"instock","11":"shipping-taxable","12":"product-type-simple"},"acf":[],"_links":{"self":[{"href":"https:\/\/www.brikaelektrik.al\/al\/wp-json\/wp\/v2\/product\/3846","targetHints":{"allow":["GET"]}}],"collection":[{"href":"https:\/\/www.brikaelektrik.al\/al\/wp-json\/wp\/v2\/product"}],"about":[{"href":"https:\/\/www.brikaelektrik.al\/al\/wp-json\/wp\/v2\/types\/product"}],"replies":[{"embeddable":true,"href":"https:\/\/www.brikaelektrik.al\/al\/wp-json\/wp\/v2\/comments?post=3846"}],"wp:featuredmedia":[{"embeddable":true,"href":"https:\/\/www.brikaelektrik.al\/al\/wp-json\/wp\/v2\/media\/3847"}],"wp:attachment":[{"href":"https:\/\/www.brikaelektrik.al\/al\/wp-json\/wp\/v2\/media?parent=3846"}],"wp:term":[{"taxonomy":"product_brand","embeddable":true,"href":"https:\/\/www.brikaelektrik.al\/al\/wp-json\/wp\/v2\/product_brand?post=3846"},{"taxonomy":"product_cat","embeddable":true,"href":"https:\/\/www.brikaelektrik.al\/al\/wp-json\/wp\/v2\/product_cat?post=3846"},{"taxonomy":"product_tag","embeddable":true,"href":"https:\/\/www.brikaelektrik.al\/al\/wp-json\/wp\/v2\/product_tag?post=3846"}],"curies":[{"name":"wp","href":"https:\/\/api.w.org\/{rel}","templated":true}]}}