{"id":3851,"date":"2025-08-28T12:32:05","date_gmt":"2025-08-28T12:32:05","guid":{"rendered":"https:\/\/www.brikaelektrik.al\/?post_type=product&#038;p=3851"},"modified":"2025-08-28T12:32:05","modified_gmt":"2025-08-28T12:32:05","slug":"automat-3p-16a","status":"publish","type":"product","link":"https:\/\/www.brikaelektrik.al\/al\/produkt\/automat-3p-16a\/","title":{"rendered":"AUTOMAT 3P 16A"},"content":{"rendered":"<p><strong data-start=\"219\" data-end=\"229\">Seria:<\/strong> Acti9 iC60N<br data-start=\"241\" data-end=\"244\" \/><strong data-start=\"244\" data-end=\"254\">Lloji:<\/strong> \u00c7el\u00ebs mbrojt\u00ebs (Miniature Circuit Breaker \u2013 MCB), 3-pol\u00ebsh, me kurb\u00eb C<br data-start=\"325\" data-end=\"328\" \/><strong data-start=\"328\" data-end=\"352\" data-is-only-node=\"\">Rryma nominale (In):<\/strong> 16 A<br data-start=\"357\" data-end=\"360\" \/><strong data-start=\"360\" data-end=\"395\">Tension operativ maksimal (Ue):<\/strong> Deri n\u00eb 440 V AC<br data-start=\"412\" data-end=\"415\" \/><strong data-start=\"415\" data-end=\"429\">Frekuenca:<\/strong> 50\/60 Hz<br data-start=\"438\" data-end=\"441\" \/><strong data-start=\"441\" data-end=\"465\">Kurba e nd\u00ebrprerjes:<\/strong> Kurb\u00eb C (tripping i kombinuar p\u00ebr mbingarkes\u00eb dhe shkurtqark)<br data-start=\"527\" data-end=\"530\" \/><strong data-start=\"530\" data-end=\"559\">Kapaciteti i nd\u00ebrprerjes:<\/strong> Deri n\u00eb 6 kA (IEC\/EN 60898-1), deri n\u00eb 10 kA (IEC\/EN 60947-2)<br data-start=\"621\" data-end=\"624\" \/><strong data-start=\"624\" data-end=\"657\">Standardet e p\u00ebrputhshm\u00ebris\u00eb:<\/strong> IEC\/EN 60898-1, IEC\/EN 60947-2<br data-start=\"688\" data-end=\"691\" \/><strong data-start=\"691\" data-end=\"717\">Jet\u00ebgjat\u00ebsia mekanike:<\/strong> Deri n\u00eb 20,000 cikle<br data-start=\"738\" data-end=\"741\" \/><strong data-start=\"741\" data-end=\"768\">Jet\u00ebgjat\u00ebsia elektrike:<\/strong> Deri n\u00eb 10,000 cikle<br data-start=\"789\" data-end=\"792\" \/><strong data-start=\"792\" data-end=\"816\">Sistemet e siguris\u00eb:<\/strong> VisiTrip (indikim vizual i defektit), VisiSafe (akses i sigurt p\u00ebr mir\u00ebmbajtje)<br data-start=\"896\" data-end=\"899\" \/><strong data-start=\"899\" data-end=\"911\">Montimi:<\/strong> N\u00eb shirit DIN<br data-start=\"925\" data-end=\"928\" \/><strong data-start=\"928\" data-end=\"941\">Mbrojtja:<\/strong> IP20 (IP40 n\u00eb kuti t\u00eb mbyllur)<br data-start=\"972\" data-end=\"975\" \/><strong data-start=\"975\" data-end=\"1006\">Temperatura e funksionimit:<\/strong> \u201325\u202f\u00b0C deri +70\u202f\u00b0C<br data-start=\"1025\" data-end=\"1028\" \/><strong data-start=\"1028\" data-end=\"1051\">Efi\u00e7enc\u00eb mjedisore:<\/strong> Produkt Green Premium (i certifikuar p\u00ebr ndikim t\u00eb ul\u00ebt mjedisor)<br data-start=\"1117\" data-end=\"1120\" \/><strong data-start=\"1120\" data-end=\"1158\">Lart\u00ebsia maksimale e funksionimit:<\/strong> 2000 m mbi nivelin e detit<br data-start=\"1185\" data-end=\"1188\" \/><strong data-start=\"1188\" data-end=\"1202\">P\u00ebrdorimi:<\/strong> Industrial dhe residencial<\/p>","protected":false},"excerpt":{"rendered":"<p>Seria: Acti9 iC60NLloji: \u00c7el\u00ebs mbrojt\u00ebs (Miniature Circuit Breaker \u2013 MCB), 3-pol\u00ebsh, me kurb\u00eb CRryma nominale (In): 16 ATension operativ maksimal (Ue): Deri n\u00eb 440 V ACFrekuenca: 50\/60 HzKurba e nd\u00ebrprerjes: Kurb\u00eb C (tripping i kombinuar p\u00ebr mbingarkes\u00eb dhe shkurtqark)Kapaciteti i nd\u00ebrprerjes: Deri n\u00eb 6 kA (IEC\/EN 60898-1), deri n\u00eb 10 kA (IEC\/EN 60947-2)Standardet e p\u00ebrputhshm\u00ebris\u00eb: [&hellip;]<\/p>","protected":false},"featured_media":3852,"comment_status":"open","ping_status":"closed","template":"","meta":{"_acf_changed":false},"product_brand":[],"product_cat":[71,41],"product_tag":[],"class_list":{"0":"post-3851","1":"product","2":"type-product","3":"status-publish","4":"has-post-thumbnail","6":"product_cat-automat-magneto-termike","7":"product_cat-pajisje-kontrolli-dhe-mbrojtje","9":"first","10":"instock","11":"shipping-taxable","12":"product-type-simple"},"acf":[],"_links":{"self":[{"href":"https:\/\/www.brikaelektrik.al\/al\/wp-json\/wp\/v2\/product\/3851","targetHints":{"allow":["GET"]}}],"collection":[{"href":"https:\/\/www.brikaelektrik.al\/al\/wp-json\/wp\/v2\/product"}],"about":[{"href":"https:\/\/www.brikaelektrik.al\/al\/wp-json\/wp\/v2\/types\/product"}],"replies":[{"embeddable":true,"href":"https:\/\/www.brikaelektrik.al\/al\/wp-json\/wp\/v2\/comments?post=3851"}],"wp:featuredmedia":[{"embeddable":true,"href":"https:\/\/www.brikaelektrik.al\/al\/wp-json\/wp\/v2\/media\/3852"}],"wp:attachment":[{"href":"https:\/\/www.brikaelektrik.al\/al\/wp-json\/wp\/v2\/media?parent=3851"}],"wp:term":[{"taxonomy":"product_brand","embeddable":true,"href":"https:\/\/www.brikaelektrik.al\/al\/wp-json\/wp\/v2\/product_brand?post=3851"},{"taxonomy":"product_cat","embeddable":true,"href":"https:\/\/www.brikaelektrik.al\/al\/wp-json\/wp\/v2\/product_cat?post=3851"},{"taxonomy":"product_tag","embeddable":true,"href":"https:\/\/www.brikaelektrik.al\/al\/wp-json\/wp\/v2\/product_tag?post=3851"}],"curies":[{"name":"wp","href":"https:\/\/api.w.org\/{rel}","templated":true}]}}