{"id":3855,"date":"2025-08-28T12:48:29","date_gmt":"2025-08-28T12:48:29","guid":{"rendered":"https:\/\/www.brikaelektrik.al\/?post_type=product&#038;p=3855"},"modified":"2025-08-28T12:48:29","modified_gmt":"2025-08-28T12:48:29","slug":"automat-klasa-d-4p-16a","status":"publish","type":"product","link":"https:\/\/www.brikaelektrik.al\/al\/produkt\/automat-klasa-d-4p-16a\/","title":{"rendered":"AUTOMAT KLASA D 4P 16A"},"content":{"rendered":"<p><strong data-start=\"81\" data-end=\"91\">Seria:<\/strong> <span class=\"relative -mx-px my-[-0.2rem] rounded px-px py-[0.2rem] transition-colors duration-100 ease-in-out\">Acti9 iC60N<\/span><br data-start=\"129\" data-end=\"132\" \/><strong data-start=\"132\" data-end=\"142\">Lloji:<\/strong> <span class=\"relative -mx-px my-[-0.2rem] rounded px-px py-[0.2rem] transition-colors duration-100 ease-in-out\">\u00c7el\u00ebs mbrojt\u00ebs (Miniature Circuit Breaker \u2013 MCB), 4-pol\u00ebsh, me kurb\u00eb D<\/span><br data-start=\"180\" data-end=\"183\" \/><strong data-start=\"183\" data-end=\"207\" data-is-only-node=\"\">Rryma nominale (In):<\/strong> 16 A<br data-start=\"212\" data-end=\"215\" \/><strong data-start=\"215\" data-end=\"250\">Tension operativ maksimal (Ue):<\/strong> <span class=\"relative -mx-px my-[-0.2rem] rounded px-px py-[0.2rem] transition-colors duration-100 ease-in-out\">Deri n\u00eb 440 V AC<\/span><br data-start=\"290\" data-end=\"293\" \/><strong data-start=\"293\" data-end=\"307\">Frekuenca:<\/strong> <span class=\"relative -mx-px my-[-0.2rem] rounded px-px py-[0.2rem] transition-colors duration-100 ease-in-out\">50\/60 Hz<\/span><br data-start=\"347\" data-end=\"350\" \/><strong data-start=\"350\" data-end=\"374\">Kurba e nd\u00ebrprerjes:<\/strong> <span class=\"relative -mx-px my-[-0.2rem] rounded px-px py-[0.2rem] transition-colors duration-100 ease-in-out\">Kurb\u00eb D (tripping i kombinuar p\u00ebr mbingarkes\u00eb dhe shkurtqark)<\/span><br data-start=\"414\" data-end=\"417\" \/><strong data-start=\"417\" data-end=\"446\">Kapaciteti i nd\u00ebrprerjes:<\/strong> <span class=\"relative -mx-px my-[-0.2rem] rounded px-px py-[0.2rem] transition-colors duration-100 ease-in-out\">Deri n\u00eb 6 kA (IEC\/EN 60898-1), deri n\u00eb 10 kA (IEC\/EN 60947-2)<\/span><br data-start=\"486\" data-end=\"489\" \/><strong data-start=\"489\" data-end=\"522\">Standardet e p\u00ebrputhshm\u00ebris\u00eb:<\/strong> <span class=\"relative -mx-px my-[-0.2rem] rounded px-px py-[0.2rem] transition-colors duration-100 ease-in-out\">IEC\/EN 60898\u20111, IEC\/EN 60947\u20112<\/span><br data-start=\"562\" data-end=\"565\" \/><strong data-start=\"565\" data-end=\"591\">Jet\u00ebgjat\u00ebsia mekanike:<\/strong> <span class=\"relative -mx-px my-[-0.2rem] rounded px-px py-[0.2rem] transition-colors duration-100 ease-in-out\">Deri n\u00eb 20,000 cikle<\/span><br data-start=\"631\" data-end=\"634\" \/><strong data-start=\"634\" data-end=\"661\">Jet\u00ebgjat\u00ebsia elektrike:<\/strong> <span class=\"relative -mx-px my-[-0.2rem] rounded px-px py-[0.2rem] transition-colors duration-100 ease-in-out\">Deri n\u00eb 10,000 cikle<\/span><br data-start=\"701\" data-end=\"704\" \/><strong data-start=\"704\" data-end=\"728\">Sistemet e siguris\u00eb:<\/strong> <span class=\"relative -mx-px my-[-0.2rem] rounded px-px py-[0.2rem] transition-colors duration-100 ease-in-out\">VisiTrip (indikim vizual i defektit), VisiSafe (akses i sigurt p\u00ebr mir\u00ebmbajtje)<\/span><br data-start=\"768\" data-end=\"771\" \/><strong data-start=\"771\" data-end=\"783\">Montimi:<\/strong> <span class=\"relative -mx-px my-[-0.2rem] rounded px-px py-[0.2rem] transition-colors duration-100 ease-in-out\">N\u00eb shirit DIN<\/span><br data-start=\"823\" data-end=\"826\" \/><strong data-start=\"826\" data-end=\"839\">Mbrojtja:<\/strong> <span class=\"relative -mx-px my-[-0.2rem] rounded px-px py-[0.2rem] transition-colors duration-100 ease-in-out\">IP20 (IP40 n\u00eb kuti t\u00eb mbyllur)<\/span><br data-start=\"879\" data-end=\"882\" \/><strong data-start=\"882\" data-end=\"913\">Temperatura e funksionimit:<\/strong> <span class=\"relative -mx-px my-[-0.2rem] rounded px-px py-[0.2rem] transition-colors duration-100 ease-in-out\">\u201325\u202f\u00b0C deri +70\u202f\u00b0C<\/span><br data-start=\"953\" data-end=\"956\" \/><strong data-start=\"956\" data-end=\"979\">Efi\u00e7enc\u00eb mjedisore:<\/strong> <span class=\"relative -mx-px my-[-0.2rem] rounded px-px py-[0.2rem] transition-colors duration-100 ease-in-out\">Produkt Green Premium (i certifikuar p\u00ebr ndikim t\u00eb ul\u00ebt mjedisor)<\/span><br data-start=\"1019\" data-end=\"1022\" \/><strong data-start=\"1022\" data-end=\"1060\">Lart\u00ebsia maksimale e funksionimit:<\/strong> <span class=\"relative -mx-px my-[-0.2rem] rounded px-px py-[0.2rem] transition-colors duration-100 ease-in-out\">2000 m mbi nivelin e detit<\/span><br data-start=\"1100\" data-end=\"1103\" \/><strong data-start=\"1103\" data-end=\"1117\">P\u00ebrdorimi:<\/strong> <span class=\"relative -mx-px my-[-0.2rem] rounded px-px py-[0.2rem] transition-colors duration-100 ease-in-out\">Industrial dhe residencial<\/span><\/p>","protected":false},"excerpt":{"rendered":"<p>Seria: Acti9 iC60NLloji: \u00c7el\u00ebs mbrojt\u00ebs (Miniature Circuit Breaker \u2013 MCB), 4-pol\u00ebsh, me kurb\u00eb DRryma nominale (In): 16 ATension operativ maksimal (Ue): Deri n\u00eb 440 V ACFrekuenca: 50\/60 HzKurba e nd\u00ebrprerjes: Kurb\u00eb D (tripping i kombinuar p\u00ebr mbingarkes\u00eb dhe shkurtqark)Kapaciteti i nd\u00ebrprerjes: Deri n\u00eb 6 kA (IEC\/EN 60898-1), deri n\u00eb 10 kA (IEC\/EN 60947-2)Standardet e p\u00ebrputhshm\u00ebris\u00eb: [&hellip;]<\/p>","protected":false},"featured_media":3856,"comment_status":"open","ping_status":"closed","template":"","meta":{"_acf_changed":false},"product_brand":[],"product_cat":[71,41],"product_tag":[],"class_list":{"0":"post-3855","1":"product","2":"type-product","3":"status-publish","4":"has-post-thumbnail","6":"product_cat-automat-magneto-termike","7":"product_cat-pajisje-kontrolli-dhe-mbrojtje","9":"first","10":"instock","11":"shipping-taxable","12":"product-type-simple"},"acf":[],"_links":{"self":[{"href":"https:\/\/www.brikaelektrik.al\/al\/wp-json\/wp\/v2\/product\/3855","targetHints":{"allow":["GET"]}}],"collection":[{"href":"https:\/\/www.brikaelektrik.al\/al\/wp-json\/wp\/v2\/product"}],"about":[{"href":"https:\/\/www.brikaelektrik.al\/al\/wp-json\/wp\/v2\/types\/product"}],"replies":[{"embeddable":true,"href":"https:\/\/www.brikaelektrik.al\/al\/wp-json\/wp\/v2\/comments?post=3855"}],"wp:featuredmedia":[{"embeddable":true,"href":"https:\/\/www.brikaelektrik.al\/al\/wp-json\/wp\/v2\/media\/3856"}],"wp:attachment":[{"href":"https:\/\/www.brikaelektrik.al\/al\/wp-json\/wp\/v2\/media?parent=3855"}],"wp:term":[{"taxonomy":"product_brand","embeddable":true,"href":"https:\/\/www.brikaelektrik.al\/al\/wp-json\/wp\/v2\/product_brand?post=3855"},{"taxonomy":"product_cat","embeddable":true,"href":"https:\/\/www.brikaelektrik.al\/al\/wp-json\/wp\/v2\/product_cat?post=3855"},{"taxonomy":"product_tag","embeddable":true,"href":"https:\/\/www.brikaelektrik.al\/al\/wp-json\/wp\/v2\/product_tag?post=3855"}],"curies":[{"name":"wp","href":"https:\/\/api.w.org\/{rel}","templated":true}]}}