{"id":3858,"date":"2025-08-28T13:39:01","date_gmt":"2025-08-28T13:39:01","guid":{"rendered":"https:\/\/www.brikaelektrik.al\/?post_type=product&#038;p=3858"},"modified":"2025-08-28T13:39:01","modified_gmt":"2025-08-28T13:39:01","slug":"salvavite-2p-25a-puro-30ma","status":"publish","type":"product","link":"https:\/\/www.brikaelektrik.al\/al\/produkt\/salvavite-2p-25a-puro-30ma\/","title":{"rendered":"SALVAVIT\u00cb 2P 25A PURO 30mA"},"content":{"rendered":"<p><strong data-start=\"157\" data-end=\"167\">Seria:<\/strong> Acti9 iID<br data-start=\"177\" data-end=\"180\" \/><strong data-start=\"180\" data-end=\"190\">Lloji:<\/strong> \u00c7el\u00ebs mbrojt\u00ebs diferencial (RCCB), 2-pol\u00ebsh, Tip AC<br data-start=\"242\" data-end=\"245\" \/><strong data-start=\"245\" data-end=\"269\" data-is-only-node=\"\">Rryma nominale (In):<\/strong> 25 A<br data-start=\"274\" data-end=\"277\" \/><strong data-start=\"277\" data-end=\"303\">Tension operativ (Ue):<\/strong> 220\u2013240 V AC<br data-start=\"316\" data-end=\"319\" \/><strong data-start=\"319\" data-end=\"333\">Frekuenca:<\/strong> 50\/60 Hz<br data-start=\"342\" data-end=\"345\" \/><strong data-start=\"345\" data-end=\"362\">Sensibilitet:<\/strong> 30 mA<br data-start=\"368\" data-end=\"371\" \/><strong data-start=\"371\" data-end=\"396\">Kapacitet nd\u00ebrprer\u00ebs:<\/strong> 1500 A<br data-start=\"403\" data-end=\"406\" \/><strong data-start=\"406\" data-end=\"421\">Standardet:<\/strong> IEC\/EN 61008-1<br data-start=\"436\" data-end=\"439\" \/><strong data-start=\"439\" data-end=\"452\">Mbrojtja:<\/strong> IP20<br data-start=\"457\" data-end=\"460\" \/><strong data-start=\"460\" data-end=\"472\">Montimi:<\/strong> N\u00eb shirit DIN<br data-start=\"486\" data-end=\"489\" \/><strong data-start=\"489\" data-end=\"516\">Jet\u00ebgjat\u00ebsia elektrike:<\/strong> 15,000 cikle<br data-start=\"529\" data-end=\"532\" \/><strong data-start=\"532\" data-end=\"563\">Temperatura e funksionimit:<\/strong> \u20135\u202f\u00b0C deri +60\u202f\u00b0C<br data-start=\"581\" data-end=\"584\" \/><strong data-start=\"584\" data-end=\"597\">Gjer\u00ebsia:<\/strong> 4 modula (36 mm)<br data-start=\"614\" data-end=\"617\" \/><strong data-start=\"617\" data-end=\"631\">P\u00ebrdorimi:<\/strong> Mbrojtje ndaj rrym\u00ebs s\u00eb rrjedhjes n\u00eb tok\u00eb<\/p>","protected":false},"excerpt":{"rendered":"<p>Seria: Acti9 iIDLloji: \u00c7el\u00ebs mbrojt\u00ebs diferencial (RCCB), 2-pol\u00ebsh, Tip ACRryma nominale (In): 25 ATension operativ (Ue): 220\u2013240 V ACFrekuenca: 50\/60 HzSensibilitet: 30 mAKapacitet nd\u00ebrprer\u00ebs: 1500 AStandardet: IEC\/EN 61008-1Mbrojtja: IP20Montimi: N\u00eb shirit DINJet\u00ebgjat\u00ebsia elektrike: 15,000 cikleTemperatura e funksionimit: \u20135\u202f\u00b0C deri +60\u202f\u00b0CGjer\u00ebsia: 4 modula (36 mm)P\u00ebrdorimi: Mbrojtje ndaj rrym\u00ebs s\u00eb rrjedhjes n\u00eb tok\u00eb<\/p>","protected":false},"featured_media":3859,"comment_status":"open","ping_status":"closed","template":"","meta":{"_acf_changed":false},"product_brand":[],"product_cat":[71,41],"product_tag":[],"class_list":{"0":"post-3858","1":"product","2":"type-product","3":"status-publish","4":"has-post-thumbnail","6":"product_cat-automat-magneto-termike","7":"product_cat-pajisje-kontrolli-dhe-mbrojtje","9":"first","10":"instock","11":"shipping-taxable","12":"product-type-simple"},"acf":[],"_links":{"self":[{"href":"https:\/\/www.brikaelektrik.al\/al\/wp-json\/wp\/v2\/product\/3858","targetHints":{"allow":["GET"]}}],"collection":[{"href":"https:\/\/www.brikaelektrik.al\/al\/wp-json\/wp\/v2\/product"}],"about":[{"href":"https:\/\/www.brikaelektrik.al\/al\/wp-json\/wp\/v2\/types\/product"}],"replies":[{"embeddable":true,"href":"https:\/\/www.brikaelektrik.al\/al\/wp-json\/wp\/v2\/comments?post=3858"}],"wp:featuredmedia":[{"embeddable":true,"href":"https:\/\/www.brikaelektrik.al\/al\/wp-json\/wp\/v2\/media\/3859"}],"wp:attachment":[{"href":"https:\/\/www.brikaelektrik.al\/al\/wp-json\/wp\/v2\/media?parent=3858"}],"wp:term":[{"taxonomy":"product_brand","embeddable":true,"href":"https:\/\/www.brikaelektrik.al\/al\/wp-json\/wp\/v2\/product_brand?post=3858"},{"taxonomy":"product_cat","embeddable":true,"href":"https:\/\/www.brikaelektrik.al\/al\/wp-json\/wp\/v2\/product_cat?post=3858"},{"taxonomy":"product_tag","embeddable":true,"href":"https:\/\/www.brikaelektrik.al\/al\/wp-json\/wp\/v2\/product_tag?post=3858"}],"curies":[{"name":"wp","href":"https:\/\/api.w.org\/{rel}","templated":true}]}}