{"id":3861,"date":"2025-08-28T14:02:12","date_gmt":"2025-08-28T14:02:12","guid":{"rendered":"https:\/\/www.brikaelektrik.al\/?post_type=product&#038;p=3861"},"modified":"2025-08-28T14:02:12","modified_gmt":"2025-08-28T14:02:12","slug":"salvavite-2p-40a-puro-30ma","status":"publish","type":"product","link":"https:\/\/www.brikaelektrik.al\/al\/produkt\/salvavite-2p-40a-puro-30ma\/","title":{"rendered":"SALVAVIT\u00cb 2P 40A PURO 30mA"},"content":{"rendered":"<p><strong data-start=\"143\" data-end=\"153\">Seria:<\/strong> Acti9 iID<br data-start=\"163\" data-end=\"166\" \/><strong data-start=\"166\" data-end=\"176\">Lloji:<\/strong> \u00c7el\u00ebs diferencial (RCCB), 2-pole, Tip AC<br data-start=\"217\" data-end=\"220\" \/><strong data-start=\"220\" data-end=\"244\">Rryma nominale (In):<\/strong> 40\u202fA<br data-start=\"249\" data-end=\"252\" data-is-only-node=\"\" \/><strong data-start=\"252\" data-end=\"269\">Sensibilitet:<\/strong> 30\u202fmA<br data-start=\"275\" data-end=\"278\" \/><strong data-start=\"278\" data-end=\"293\">Standardet:<\/strong> IEC\/EN\u202f61008\u20111 (p\u00ebr mbrojtje t\u00eb rezidueshme n\u00eb rezidenca)<br data-start=\"351\" data-end=\"354\" \/><strong data-start=\"354\" data-end=\"366\">Montimi:<\/strong> Leht\u00eb, me terminale t\u00eb unifikuara dhe indikacion kablli<br data-start=\"422\" data-end=\"425\" \/><strong data-start=\"425\" data-end=\"448\">Efi\u00e7enc\u00eb mjedisore:<\/strong> Green Premium\u2122 (paketim me s\u00eb paku 70% karton t\u00eb ricikluar)<br data-start=\"508\" data-end=\"511\" \/><strong data-start=\"511\" data-end=\"537\">P\u00ebrshkrimi Funksional:<\/strong> Mbron individ\u00ebt nga goditja elektrike p\u00ebr shkak t\u00eb rrjedh\u00ebs tok\u00ebsore.<\/p>","protected":false},"excerpt":{"rendered":"<p>Seria: Acti9 iIDLloji: \u00c7el\u00ebs diferencial (RCCB), 2-pole, Tip ACRryma nominale (In): 40\u202fASensibilitet: 30\u202fmAStandardet: IEC\/EN\u202f61008\u20111 (p\u00ebr mbrojtje t\u00eb rezidueshme n\u00eb rezidenca)Montimi: Leht\u00eb, me terminale t\u00eb unifikuara dhe indikacion kablliEfi\u00e7enc\u00eb mjedisore: Green Premium\u2122 (paketim me s\u00eb paku 70% karton t\u00eb ricikluar)P\u00ebrshkrimi Funksional: Mbron individ\u00ebt nga goditja elektrike p\u00ebr shkak t\u00eb rrjedh\u00ebs tok\u00ebsore.<\/p>","protected":false},"featured_media":3862,"comment_status":"open","ping_status":"closed","template":"","meta":{"_acf_changed":false},"product_brand":[],"product_cat":[71,41],"product_tag":[],"class_list":{"0":"post-3861","1":"product","2":"type-product","3":"status-publish","4":"has-post-thumbnail","6":"product_cat-automat-magneto-termike","7":"product_cat-pajisje-kontrolli-dhe-mbrojtje","9":"first","10":"instock","11":"shipping-taxable","12":"product-type-simple"},"acf":[],"_links":{"self":[{"href":"https:\/\/www.brikaelektrik.al\/al\/wp-json\/wp\/v2\/product\/3861","targetHints":{"allow":["GET"]}}],"collection":[{"href":"https:\/\/www.brikaelektrik.al\/al\/wp-json\/wp\/v2\/product"}],"about":[{"href":"https:\/\/www.brikaelektrik.al\/al\/wp-json\/wp\/v2\/types\/product"}],"replies":[{"embeddable":true,"href":"https:\/\/www.brikaelektrik.al\/al\/wp-json\/wp\/v2\/comments?post=3861"}],"wp:featuredmedia":[{"embeddable":true,"href":"https:\/\/www.brikaelektrik.al\/al\/wp-json\/wp\/v2\/media\/3862"}],"wp:attachment":[{"href":"https:\/\/www.brikaelektrik.al\/al\/wp-json\/wp\/v2\/media?parent=3861"}],"wp:term":[{"taxonomy":"product_brand","embeddable":true,"href":"https:\/\/www.brikaelektrik.al\/al\/wp-json\/wp\/v2\/product_brand?post=3861"},{"taxonomy":"product_cat","embeddable":true,"href":"https:\/\/www.brikaelektrik.al\/al\/wp-json\/wp\/v2\/product_cat?post=3861"},{"taxonomy":"product_tag","embeddable":true,"href":"https:\/\/www.brikaelektrik.al\/al\/wp-json\/wp\/v2\/product_tag?post=3861"}],"curies":[{"name":"wp","href":"https:\/\/api.w.org\/{rel}","templated":true}]}}