{"id":3863,"date":"2025-08-28T14:07:43","date_gmt":"2025-08-28T14:07:43","guid":{"rendered":"https:\/\/www.brikaelektrik.al\/?post_type=product&#038;p=3863"},"modified":"2025-08-28T14:26:53","modified_gmt":"2025-08-28T14:26:53","slug":"salvavite-2p-63a-puro-30ma","status":"publish","type":"product","link":"https:\/\/www.brikaelektrik.al\/al\/produkt\/salvavite-2p-63a-puro-30ma\/","title":{"rendered":"SALVAVIT\u00cb 2P 63A PURO 30mA"},"content":{"rendered":"<p><strong data-start=\"208\" data-end=\"218\">Seria:<\/strong> Acti9 iID<br data-start=\"228\" data-end=\"231\" \/><strong data-start=\"231\" data-end=\"241\">Lloji:<\/strong> \u00c7el\u00ebs diferencial (RCCB), 2-pol\u00ebsh, Tip AC<br data-start=\"284\" data-end=\"287\" \/><strong data-start=\"287\" data-end=\"311\" data-is-only-node=\"\">Rryma nominale (In):<\/strong> 63 A<br data-start=\"316\" data-end=\"319\" \/><strong data-start=\"319\" data-end=\"345\">Tension operativ (Ue):<\/strong> 220\u2013240 V AC<br data-start=\"358\" data-end=\"361\" \/><strong data-start=\"361\" data-end=\"375\">Frekuenca:<\/strong> 50\/60 Hz<br data-start=\"384\" data-end=\"387\" \/><strong data-start=\"387\" data-end=\"416\">Sensibilitet diferencial:<\/strong> 30 mA<br data-start=\"422\" data-end=\"425\" \/><strong data-start=\"425\" data-end=\"439\">Standarde:<\/strong> IEC\/EN 61008-1<br data-start=\"454\" data-end=\"457\" \/><strong data-start=\"457\" data-end=\"469\">Montimi:<\/strong> N\u00eb shirit DIN<br data-start=\"483\" data-end=\"486\" \/><strong data-start=\"486\" data-end=\"499\">Gjer\u00ebsia:<\/strong> 4 module (36 mm)<br data-start=\"516\" data-end=\"519\" \/><strong data-start=\"519\" data-end=\"532\">Mbrojtja:<\/strong> IP20<br data-start=\"537\" data-end=\"540\" \/><strong data-start=\"540\" data-end=\"571\">Temperatura e funksionimit:<\/strong> \u20135\u202f\u00b0C deri +60\u202f\u00b0C<br data-start=\"589\" data-end=\"592\" \/><strong data-start=\"592\" data-end=\"606\">P\u00ebrdorimi:<\/strong> Mbrojtje ndaj rrym\u00ebs s\u00eb rrjedhjes n\u00eb tok\u00eb dhe goditjes elektrike<\/p>","protected":false},"excerpt":{"rendered":"<p>Seria: Acti9 iIDLloji: \u00c7el\u00ebs diferencial (RCCB), 2-pol\u00ebsh, Tip ACRryma nominale (In): 63 ATension operativ (Ue): 220\u2013240 V ACFrekuenca: 50\/60 HzSensibilitet diferencial: 30 mAStandarde: IEC\/EN 61008-1Montimi: N\u00eb shirit DINGjer\u00ebsia: 4 module (36 mm)Mbrojtja: IP20Temperatura e funksionimit: \u20135\u202f\u00b0C deri +60\u202f\u00b0CP\u00ebrdorimi: Mbrojtje ndaj rrym\u00ebs s\u00eb rrjedhjes n\u00eb tok\u00eb dhe goditjes elektrike<\/p>","protected":false},"featured_media":3864,"comment_status":"open","ping_status":"closed","template":"","meta":{"_acf_changed":false},"product_brand":[],"product_cat":[71,41],"product_tag":[],"class_list":{"0":"post-3863","1":"product","2":"type-product","3":"status-publish","4":"has-post-thumbnail","6":"product_cat-automat-magneto-termike","7":"product_cat-pajisje-kontrolli-dhe-mbrojtje","9":"first","10":"instock","11":"shipping-taxable","12":"product-type-simple"},"acf":[],"_links":{"self":[{"href":"https:\/\/www.brikaelektrik.al\/al\/wp-json\/wp\/v2\/product\/3863","targetHints":{"allow":["GET"]}}],"collection":[{"href":"https:\/\/www.brikaelektrik.al\/al\/wp-json\/wp\/v2\/product"}],"about":[{"href":"https:\/\/www.brikaelektrik.al\/al\/wp-json\/wp\/v2\/types\/product"}],"replies":[{"embeddable":true,"href":"https:\/\/www.brikaelektrik.al\/al\/wp-json\/wp\/v2\/comments?post=3863"}],"wp:featuredmedia":[{"embeddable":true,"href":"https:\/\/www.brikaelektrik.al\/al\/wp-json\/wp\/v2\/media\/3864"}],"wp:attachment":[{"href":"https:\/\/www.brikaelektrik.al\/al\/wp-json\/wp\/v2\/media?parent=3863"}],"wp:term":[{"taxonomy":"product_brand","embeddable":true,"href":"https:\/\/www.brikaelektrik.al\/al\/wp-json\/wp\/v2\/product_brand?post=3863"},{"taxonomy":"product_cat","embeddable":true,"href":"https:\/\/www.brikaelektrik.al\/al\/wp-json\/wp\/v2\/product_cat?post=3863"},{"taxonomy":"product_tag","embeddable":true,"href":"https:\/\/www.brikaelektrik.al\/al\/wp-json\/wp\/v2\/product_tag?post=3863"}],"curies":[{"name":"wp","href":"https:\/\/api.w.org\/{rel}","templated":true}]}}