{"id":3866,"date":"2025-08-29T12:29:58","date_gmt":"2025-08-29T12:29:58","guid":{"rendered":"https:\/\/www.brikaelektrik.al\/?post_type=product&#038;p=3866"},"modified":"2025-08-29T12:29:58","modified_gmt":"2025-08-29T12:29:58","slug":"salvavite-4p-25a-puro-30ma","status":"publish","type":"product","link":"https:\/\/www.brikaelektrik.al\/al\/produkt\/salvavite-4p-25a-puro-30ma\/","title":{"rendered":"SALVAVIT\u00cb 4P 25A PURO 30mA"},"content":{"rendered":"<p><strong data-start=\"182\" data-end=\"191\">Seria<\/strong>: Acti9 iID<br data-start=\"202\" data-end=\"205\" \/><strong data-start=\"205\" data-end=\"214\">Lloji<\/strong>: \u00c7el\u00ebs diferencial (RCCB), 4-pol\u00ebsh, Tip AC<br data-start=\"258\" data-end=\"261\" \/><strong data-start=\"261\" data-end=\"284\">Rryma nominale (In)<\/strong>: 25 A<br data-start=\"290\" data-end=\"293\" \/><strong data-start=\"293\" data-end=\"318\" data-is-only-node=\"\">Tension operativ (Ue)<\/strong>: 380\u2013415 V AC<br data-start=\"332\" data-end=\"335\" \/><strong data-start=\"335\" data-end=\"348\">Frekuenca<\/strong>: 50\/60 Hz<br data-start=\"358\" data-end=\"361\" \/><strong data-start=\"361\" data-end=\"389\">Sensibilitet diferencial<\/strong>: 30 mA<br data-start=\"396\" data-end=\"399\" \/><strong data-start=\"399\" data-end=\"412\">Standarde<\/strong>: IEC\/EN 61008-1<br data-start=\"428\" data-end=\"431\" \/><strong data-start=\"431\" data-end=\"442\">Montimi<\/strong>: N\u00eb shirit DIN<br data-start=\"457\" data-end=\"460\" \/><strong data-start=\"460\" data-end=\"472\">Gjer\u00ebsia<\/strong>: 8 module (72 mm)<br data-start=\"490\" data-end=\"493\" \/><strong data-start=\"493\" data-end=\"505\">Mbrojtja<\/strong>: IP20<br data-start=\"511\" data-end=\"514\" \/><strong data-start=\"514\" data-end=\"544\">Temperatura e funksionimit<\/strong>: \u20135 \u00b0C deri +60 \u00b0C<br data-start=\"563\" data-end=\"566\" \/><strong data-start=\"566\" data-end=\"579\">P\u00ebrdorimi<\/strong>: Mbrojtje ndaj rrjedhjes n\u00eb tok\u00eb dhe kontaktit t\u00eb drejtp\u00ebrdrejt\u00eb\/ t\u00ebrthort\u00eb elektrik<\/p>","protected":false},"excerpt":{"rendered":"<p>Seria: Acti9 iIDLloji: \u00c7el\u00ebs diferencial (RCCB), 4-pol\u00ebsh, Tip ACRryma nominale (In): 25 ATension operativ (Ue): 380\u2013415 V ACFrekuenca: 50\/60 HzSensibilitet diferencial: 30 mAStandarde: IEC\/EN 61008-1Montimi: N\u00eb shirit DINGjer\u00ebsia: 8 module (72 mm)Mbrojtja: IP20Temperatura e funksionimit: \u20135 \u00b0C deri +60 \u00b0CP\u00ebrdorimi: Mbrojtje ndaj rrjedhjes n\u00eb tok\u00eb dhe kontaktit t\u00eb drejtp\u00ebrdrejt\u00eb\/ t\u00ebrthort\u00eb elektrik<\/p>","protected":false},"featured_media":3867,"comment_status":"open","ping_status":"closed","template":"","meta":{"_acf_changed":false},"product_brand":[],"product_cat":[71,41],"product_tag":[],"class_list":{"0":"post-3866","1":"product","2":"type-product","3":"status-publish","4":"has-post-thumbnail","6":"product_cat-automat-magneto-termike","7":"product_cat-pajisje-kontrolli-dhe-mbrojtje","9":"first","10":"instock","11":"shipping-taxable","12":"product-type-simple"},"acf":[],"_links":{"self":[{"href":"https:\/\/www.brikaelektrik.al\/al\/wp-json\/wp\/v2\/product\/3866","targetHints":{"allow":["GET"]}}],"collection":[{"href":"https:\/\/www.brikaelektrik.al\/al\/wp-json\/wp\/v2\/product"}],"about":[{"href":"https:\/\/www.brikaelektrik.al\/al\/wp-json\/wp\/v2\/types\/product"}],"replies":[{"embeddable":true,"href":"https:\/\/www.brikaelektrik.al\/al\/wp-json\/wp\/v2\/comments?post=3866"}],"wp:featuredmedia":[{"embeddable":true,"href":"https:\/\/www.brikaelektrik.al\/al\/wp-json\/wp\/v2\/media\/3867"}],"wp:attachment":[{"href":"https:\/\/www.brikaelektrik.al\/al\/wp-json\/wp\/v2\/media?parent=3866"}],"wp:term":[{"taxonomy":"product_brand","embeddable":true,"href":"https:\/\/www.brikaelektrik.al\/al\/wp-json\/wp\/v2\/product_brand?post=3866"},{"taxonomy":"product_cat","embeddable":true,"href":"https:\/\/www.brikaelektrik.al\/al\/wp-json\/wp\/v2\/product_cat?post=3866"},{"taxonomy":"product_tag","embeddable":true,"href":"https:\/\/www.brikaelektrik.al\/al\/wp-json\/wp\/v2\/product_tag?post=3866"}],"curies":[{"name":"wp","href":"https:\/\/api.w.org\/{rel}","templated":true}]}}