{"id":3868,"date":"2025-08-29T12:34:54","date_gmt":"2025-08-29T12:34:54","guid":{"rendered":"https:\/\/www.brikaelektrik.al\/?post_type=product&#038;p=3868"},"modified":"2025-08-29T12:34:54","modified_gmt":"2025-08-29T12:34:54","slug":"salvavite-4p-40a-puro-30ma","status":"publish","type":"product","link":"https:\/\/www.brikaelektrik.al\/al\/produkt\/salvavite-4p-40a-puro-30ma\/","title":{"rendered":"SALVAVIT\u00cb 4P 40A PURO 30mA"},"content":{"rendered":"<p><strong data-start=\"148\" data-end=\"157\">Seria<\/strong>: Acti9 iID<br data-start=\"168\" data-end=\"171\" \/><strong data-start=\"171\" data-end=\"180\">Lloji<\/strong>: \u00c7el\u00ebs diferencial (RCCB), 4-pol\u00ebsh, Tip AC<br data-start=\"224\" data-end=\"227\" \/><strong data-start=\"227\" data-end=\"250\">Rryma nominale (In)<\/strong>: 40 A<br data-start=\"256\" data-end=\"259\" \/><strong data-start=\"259\" data-end=\"284\" data-is-only-node=\"\">Tension operativ (Ue)<\/strong>: 380\u2013415 V AC<br data-start=\"298\" data-end=\"301\" \/><strong data-start=\"301\" data-end=\"314\">Frekuenca<\/strong>: 50\/60 Hz<br data-start=\"324\" data-end=\"327\" \/><strong data-start=\"327\" data-end=\"355\">Sensibilitet diferencial<\/strong>: 30 mA<br data-start=\"362\" data-end=\"365\" \/><strong data-start=\"365\" data-end=\"378\">Standarde<\/strong>: IEC\/EN 61008-1<br data-start=\"394\" data-end=\"397\" \/><strong data-start=\"397\" data-end=\"408\">Montimi<\/strong>: N\u00eb shirit DIN<br data-start=\"423\" data-end=\"426\" \/><strong data-start=\"426\" data-end=\"438\">Gjer\u00ebsia<\/strong>: 8 module (72 mm)<br data-start=\"456\" data-end=\"459\" \/><strong data-start=\"459\" data-end=\"471\">Mbrojtja<\/strong>: IP20 (IP40 me kapak mbrojt\u00ebs)<br data-start=\"502\" data-end=\"505\" \/><strong data-start=\"505\" data-end=\"535\">Temperatura e funksionimit<\/strong>: \u20135 \u00b0C deri +60 \u00b0C<br data-start=\"554\" data-end=\"557\" \/><strong data-start=\"557\" data-end=\"570\">P\u00ebrdorimi<\/strong>: Mbrojtje ndaj rrym\u00ebs s\u00eb rrjedhjes n\u00eb tok\u00eb dhe goditjes elektrike<\/p>","protected":false},"excerpt":{"rendered":"<p>Seria: Acti9 iIDLloji: \u00c7el\u00ebs diferencial (RCCB), 4-pol\u00ebsh, Tip ACRryma nominale (In): 40 ATension operativ (Ue): 380\u2013415 V ACFrekuenca: 50\/60 HzSensibilitet diferencial: 30 mAStandarde: IEC\/EN 61008-1Montimi: N\u00eb shirit DINGjer\u00ebsia: 8 module (72 mm)Mbrojtja: IP20 (IP40 me kapak mbrojt\u00ebs)Temperatura e funksionimit: \u20135 \u00b0C deri +60 \u00b0CP\u00ebrdorimi: Mbrojtje ndaj rrym\u00ebs s\u00eb rrjedhjes n\u00eb tok\u00eb dhe goditjes elektrike<\/p>","protected":false},"featured_media":3869,"comment_status":"open","ping_status":"closed","template":"","meta":{"_acf_changed":false},"product_brand":[],"product_cat":[71,41],"product_tag":[],"class_list":{"0":"post-3868","1":"product","2":"type-product","3":"status-publish","4":"has-post-thumbnail","6":"product_cat-automat-magneto-termike","7":"product_cat-pajisje-kontrolli-dhe-mbrojtje","9":"first","10":"instock","11":"shipping-taxable","12":"product-type-simple"},"acf":[],"_links":{"self":[{"href":"https:\/\/www.brikaelektrik.al\/al\/wp-json\/wp\/v2\/product\/3868","targetHints":{"allow":["GET"]}}],"collection":[{"href":"https:\/\/www.brikaelektrik.al\/al\/wp-json\/wp\/v2\/product"}],"about":[{"href":"https:\/\/www.brikaelektrik.al\/al\/wp-json\/wp\/v2\/types\/product"}],"replies":[{"embeddable":true,"href":"https:\/\/www.brikaelektrik.al\/al\/wp-json\/wp\/v2\/comments?post=3868"}],"wp:featuredmedia":[{"embeddable":true,"href":"https:\/\/www.brikaelektrik.al\/al\/wp-json\/wp\/v2\/media\/3869"}],"wp:attachment":[{"href":"https:\/\/www.brikaelektrik.al\/al\/wp-json\/wp\/v2\/media?parent=3868"}],"wp:term":[{"taxonomy":"product_brand","embeddable":true,"href":"https:\/\/www.brikaelektrik.al\/al\/wp-json\/wp\/v2\/product_brand?post=3868"},{"taxonomy":"product_cat","embeddable":true,"href":"https:\/\/www.brikaelektrik.al\/al\/wp-json\/wp\/v2\/product_cat?post=3868"},{"taxonomy":"product_tag","embeddable":true,"href":"https:\/\/www.brikaelektrik.al\/al\/wp-json\/wp\/v2\/product_tag?post=3868"}],"curies":[{"name":"wp","href":"https:\/\/api.w.org\/{rel}","templated":true}]}}