{"id":3870,"date":"2025-08-29T12:40:22","date_gmt":"2025-08-29T12:40:22","guid":{"rendered":"https:\/\/www.brikaelektrik.al\/?post_type=product&#038;p=3870"},"modified":"2025-08-29T12:40:22","modified_gmt":"2025-08-29T12:40:22","slug":"salvavite-4p-63a-puro-30ma","status":"publish","type":"product","link":"https:\/\/www.brikaelektrik.al\/al\/produkt\/salvavite-4p-63a-puro-30ma\/","title":{"rendered":"SALVAVIT\u00cb 4P 63A PURO 30mA"},"content":{"rendered":"<p><strong data-start=\"188\" data-end=\"197\">Seria<\/strong>: Acti9 iID<br data-start=\"208\" data-end=\"211\" \/><strong data-start=\"211\" data-end=\"220\">Lloji<\/strong>: \u00c7el\u00ebs diferencial (RCCB), 4-pol\u00ebsh, Tip AC<br data-start=\"264\" data-end=\"267\" \/><strong data-start=\"267\" data-end=\"290\">Rryma nominale (In)<\/strong>: 63 A<br data-start=\"296\" data-end=\"299\" \/><strong data-start=\"299\" data-end=\"324\" data-is-only-node=\"\">Tension operativ (Ue)<\/strong>: 380\u2013415 V AC<br data-start=\"338\" data-end=\"341\" \/><strong data-start=\"341\" data-end=\"354\">Frekuenca<\/strong>: 50\/60 Hz<br data-start=\"364\" data-end=\"367\" \/><strong data-start=\"367\" data-end=\"395\">Sensibilitet diferencial<\/strong>: 30 mA<br data-start=\"402\" data-end=\"405\" \/><strong data-start=\"405\" data-end=\"418\">Standarde<\/strong>: IEC\/EN 61008-1<br data-start=\"434\" data-end=\"437\" \/><strong data-start=\"437\" data-end=\"448\">Montimi<\/strong>: N\u00eb shirit DIN<br data-start=\"463\" data-end=\"466\" \/><strong data-start=\"466\" data-end=\"478\">Gjer\u00ebsia<\/strong>: 8 module (72 mm)<br data-start=\"496\" data-end=\"499\" \/><strong data-start=\"499\" data-end=\"511\">Mbrojtja<\/strong>: IP20 (IP40 me kapak mbrojt\u00ebs)<br data-start=\"542\" data-end=\"545\" \/><strong data-start=\"545\" data-end=\"575\">Temperatura e funksionimit<\/strong>: \u20135 \u00b0C deri +60 \u00b0C<br data-start=\"594\" data-end=\"597\" \/><strong data-start=\"597\" data-end=\"610\">P\u00ebrdorimi<\/strong>: Mbrojtje ndaj rrym\u00ebs s\u00eb rrjedhjes n\u00eb tok\u00eb dhe goditjes elektrike<\/p>","protected":false},"excerpt":{"rendered":"<p>Seria: Acti9 iIDLloji: \u00c7el\u00ebs diferencial (RCCB), 4-pol\u00ebsh, Tip ACRryma nominale (In): 63 ATension operativ (Ue): 380\u2013415 V ACFrekuenca: 50\/60 HzSensibilitet diferencial: 30 mAStandarde: IEC\/EN 61008-1Montimi: N\u00eb shirit DINGjer\u00ebsia: 8 module (72 mm)Mbrojtja: IP20 (IP40 me kapak mbrojt\u00ebs)Temperatura e funksionimit: \u20135 \u00b0C deri +60 \u00b0CP\u00ebrdorimi: Mbrojtje ndaj rrym\u00ebs s\u00eb rrjedhjes n\u00eb tok\u00eb dhe goditjes elektrike<\/p>","protected":false},"featured_media":3871,"comment_status":"open","ping_status":"closed","template":"","meta":{"_acf_changed":false},"product_brand":[],"product_cat":[71,41],"product_tag":[],"class_list":{"0":"post-3870","1":"product","2":"type-product","3":"status-publish","4":"has-post-thumbnail","6":"product_cat-automat-magneto-termike","7":"product_cat-pajisje-kontrolli-dhe-mbrojtje","9":"first","10":"instock","11":"shipping-taxable","12":"product-type-simple"},"acf":[],"_links":{"self":[{"href":"https:\/\/www.brikaelektrik.al\/al\/wp-json\/wp\/v2\/product\/3870","targetHints":{"allow":["GET"]}}],"collection":[{"href":"https:\/\/www.brikaelektrik.al\/al\/wp-json\/wp\/v2\/product"}],"about":[{"href":"https:\/\/www.brikaelektrik.al\/al\/wp-json\/wp\/v2\/types\/product"}],"replies":[{"embeddable":true,"href":"https:\/\/www.brikaelektrik.al\/al\/wp-json\/wp\/v2\/comments?post=3870"}],"wp:featuredmedia":[{"embeddable":true,"href":"https:\/\/www.brikaelektrik.al\/al\/wp-json\/wp\/v2\/media\/3871"}],"wp:attachment":[{"href":"https:\/\/www.brikaelektrik.al\/al\/wp-json\/wp\/v2\/media?parent=3870"}],"wp:term":[{"taxonomy":"product_brand","embeddable":true,"href":"https:\/\/www.brikaelektrik.al\/al\/wp-json\/wp\/v2\/product_brand?post=3870"},{"taxonomy":"product_cat","embeddable":true,"href":"https:\/\/www.brikaelektrik.al\/al\/wp-json\/wp\/v2\/product_cat?post=3870"},{"taxonomy":"product_tag","embeddable":true,"href":"https:\/\/www.brikaelektrik.al\/al\/wp-json\/wp\/v2\/product_tag?post=3870"}],"curies":[{"name":"wp","href":"https:\/\/api.w.org\/{rel}","templated":true}]}}