{"id":3872,"date":"2025-08-29T12:43:12","date_gmt":"2025-08-29T12:43:12","guid":{"rendered":"https:\/\/www.brikaelektrik.al\/?post_type=product&#038;p=3872"},"modified":"2025-08-29T12:43:12","modified_gmt":"2025-08-29T12:43:12","slug":"modul-diferencial-4p-63a-300ma","status":"publish","type":"product","link":"https:\/\/www.brikaelektrik.al\/al\/produkt\/modul-diferencial-4p-63a-300ma\/","title":{"rendered":"MODUL DIFERENCIAL 4P 63A 300MA"},"content":{"rendered":"<p><strong data-start=\"121\" data-end=\"130\">Seria<\/strong>: <span class=\"relative -mx-px my-[-0.2rem] rounded px-px py-[0.2rem] transition-colors duration-100 ease-in-out\">Acti9 Vigi iC60<\/span><br data-start=\"169\" data-end=\"172\" \/><strong data-start=\"172\" data-end=\"181\">Lloji<\/strong>: <span class=\"relative -mx-px my-[-0.2rem] rounded px-px py-[0.2rem] transition-colors duration-100 ease-in-out\">\u00c7el\u00ebs diferencial (RCD) i shtuar, 4-pol\u00ebsh, Tip A<\/span><br data-start=\"220\" data-end=\"223\" \/><strong data-start=\"223\" data-end=\"246\">Rryma nominale (In)<\/strong>: 63 A<br data-start=\"252\" data-end=\"255\" data-is-only-node=\"\" \/><strong data-start=\"255\" data-end=\"280\">Tension operativ (Ue)<\/strong>: <span class=\"relative -mx-px my-[-0.2rem] rounded px-px py-[0.2rem] transition-colors duration-100 ease-in-out\">400\u2013415 V AC<\/span><br data-start=\"321\" data-end=\"324\" \/><strong data-start=\"324\" data-end=\"337\">Frekuenca<\/strong>: <span class=\"relative -mx-px my-[-0.2rem] rounded px-px py-[0.2rem] transition-colors duration-100 ease-in-out\">50\/60 Hz<\/span><br data-start=\"378\" data-end=\"381\" \/><strong data-start=\"381\" data-end=\"409\">Sensibilitet diferencial<\/strong>: <span class=\"relative -mx-px my-[-0.2rem] rounded px-px py-[0.2rem] transition-colors duration-100 ease-in-out\">300 mA<\/span><br data-start=\"450\" data-end=\"453\" \/><strong data-start=\"453\" data-end=\"466\">Standarde<\/strong>: <span class=\"relative -mx-px my-[-0.2rem] rounded px-px py-[0.2rem] transition-colors duration-100 ease-in-out\">IEC 61009-1, EN 61009-1<\/span><br data-start=\"507\" data-end=\"510\" \/><strong data-start=\"510\" data-end=\"521\">Montimi<\/strong>: <span class=\"relative -mx-px my-[-0.2rem] rounded px-px py-[0.2rem] transition-colors duration-100 ease-in-out\">N\u00eb shirit DIN<\/span><br data-start=\"562\" data-end=\"565\" \/><strong data-start=\"565\" data-end=\"577\">Gjer\u00ebsia<\/strong>: <span class=\"relative -mx-px my-[-0.2rem] rounded px-px py-[0.2rem] transition-colors duration-100 ease-in-out\">7 module (63 mm)<\/span><br data-start=\"618\" data-end=\"621\" \/><strong data-start=\"621\" data-end=\"633\">Mbrojtja<\/strong>: <span class=\"relative -mx-px my-[-0.2rem] rounded px-px py-[0.2rem] transition-colors duration-100 ease-in-out\">IP20 (IP40 me kapak mbrojt\u00ebs)<\/span><br data-start=\"674\" data-end=\"677\" \/><strong data-start=\"677\" data-end=\"707\">Temperatura e funksionimit<\/strong>: <span class=\"relative -mx-px my-[-0.2rem] rounded px-px py-[0.2rem] transition-colors duration-100 ease-in-out\">\u20135 \u00b0C deri +60 \u00b0C<\/span><br data-start=\"748\" data-end=\"751\" \/><strong data-start=\"751\" data-end=\"764\">P\u00ebrdorimi<\/strong>: <span class=\"relative -mx-px my-[-0.2rem] rounded px-px py-[0.2rem] transition-colors duration-100 ease-in-out\">Mbrojtje ndaj rrym\u00ebs s\u00eb rrjedhjes n\u00eb tok\u00eb dhe goditjes elektrike<\/span><\/p>","protected":false},"excerpt":{"rendered":"<p>Seria: Acti9 Vigi iC60Lloji: \u00c7el\u00ebs diferencial (RCD) i shtuar, 4-pol\u00ebsh, Tip ARryma nominale (In): 63 ATension operativ (Ue): 400\u2013415 V ACFrekuenca: 50\/60 HzSensibilitet diferencial: 300 mAStandarde: IEC 61009-1, EN 61009-1Montimi: N\u00eb shirit DINGjer\u00ebsia: 7 module (63 mm)Mbrojtja: IP20 (IP40 me kapak mbrojt\u00ebs)Temperatura e funksionimit: \u20135 \u00b0C deri +60 \u00b0CP\u00ebrdorimi: Mbrojtje ndaj rrym\u00ebs s\u00eb rrjedhjes n\u00eb [&hellip;]<\/p>","protected":false},"featured_media":3873,"comment_status":"open","ping_status":"closed","template":"","meta":{"_acf_changed":false},"product_brand":[],"product_cat":[71,41],"product_tag":[],"class_list":{"0":"post-3872","1":"product","2":"type-product","3":"status-publish","4":"has-post-thumbnail","6":"product_cat-automat-magneto-termike","7":"product_cat-pajisje-kontrolli-dhe-mbrojtje","9":"first","10":"instock","11":"shipping-taxable","12":"product-type-simple"},"acf":[],"_links":{"self":[{"href":"https:\/\/www.brikaelektrik.al\/al\/wp-json\/wp\/v2\/product\/3872","targetHints":{"allow":["GET"]}}],"collection":[{"href":"https:\/\/www.brikaelektrik.al\/al\/wp-json\/wp\/v2\/product"}],"about":[{"href":"https:\/\/www.brikaelektrik.al\/al\/wp-json\/wp\/v2\/types\/product"}],"replies":[{"embeddable":true,"href":"https:\/\/www.brikaelektrik.al\/al\/wp-json\/wp\/v2\/comments?post=3872"}],"wp:featuredmedia":[{"embeddable":true,"href":"https:\/\/www.brikaelektrik.al\/al\/wp-json\/wp\/v2\/media\/3873"}],"wp:attachment":[{"href":"https:\/\/www.brikaelektrik.al\/al\/wp-json\/wp\/v2\/media?parent=3872"}],"wp:term":[{"taxonomy":"product_brand","embeddable":true,"href":"https:\/\/www.brikaelektrik.al\/al\/wp-json\/wp\/v2\/product_brand?post=3872"},{"taxonomy":"product_cat","embeddable":true,"href":"https:\/\/www.brikaelektrik.al\/al\/wp-json\/wp\/v2\/product_cat?post=3872"},{"taxonomy":"product_tag","embeddable":true,"href":"https:\/\/www.brikaelektrik.al\/al\/wp-json\/wp\/v2\/product_tag?post=3872"}],"curies":[{"name":"wp","href":"https:\/\/api.w.org\/{rel}","templated":true}]}}