{"id":3874,"date":"2025-08-29T12:47:58","date_gmt":"2025-08-29T12:47:58","guid":{"rendered":"https:\/\/www.brikaelektrik.al\/?post_type=product&#038;p=3874"},"modified":"2025-08-29T12:48:36","modified_gmt":"2025-08-29T12:48:36","slug":"ic-astro-2c-smart-programmable-twilight-switch","status":"publish","type":"product","link":"https:\/\/www.brikaelektrik.al\/al\/produkt\/ic-astro-2c-smart-programmable-twilight-switch\/","title":{"rendered":"IC ASTRO 2C SMART PROGRAMMABLE TWILIGHT SWITCH"},"content":{"rendered":"<p><strong data-start=\"121\" data-end=\"130\">Seria<\/strong>: <span class=\"relative -mx-px my-[-0.2rem] rounded px-px py-[0.2rem] transition-colors duration-100 ease-in-out\">Acti9 IC Astro<\/span><br data-start=\"169\" data-end=\"172\" \/><strong data-start=\"172\" data-end=\"181\">Lloji<\/strong>: <span class=\"relative -mx-px my-[-0.2rem] rounded px-px py-[0.2rem] transition-colors duration-100 ease-in-out\">\u00c7el\u00ebs astronomik i programuesh\u00ebm, 2-kanal\u00ebsh, SMART<\/span><br data-start=\"220\" data-end=\"223\" \/><strong data-start=\"223\" data-end=\"246\">Rryma nominale (In)<\/strong>: <span class=\"relative -mx-px my-[-0.2rem] rounded px-px py-[0.2rem] transition-colors duration-100 ease-in-out\">16 A p\u00ebr kanal<\/span><br data-start=\"287\" data-end=\"290\" \/><strong data-start=\"290\" data-end=\"315\">Tension operativ (Ue)<\/strong>: <span class=\"relative -mx-px my-[-0.2rem] rounded px-px py-[0.2rem] transition-colors duration-100 ease-in-out\">230 V AC<\/span><br data-start=\"356\" data-end=\"359\" \/><strong data-start=\"359\" data-end=\"372\">Frekuenca<\/strong>: <span class=\"relative -mx-px my-[-0.2rem] rounded px-px py-[0.2rem] transition-colors duration-100 ease-in-out\">50\/60 Hz<\/span><br data-start=\"413\" data-end=\"416\" \/><strong data-start=\"416\" data-end=\"463\">Ngarkesa maksimale p\u00ebr llamba incandeshente<\/strong>: <span class=\"relative -mx-px my-[-0.2rem] rounded px-px py-[0.2rem] transition-colors duration-100 ease-in-out\">2600 W<\/span><br data-start=\"504\" data-end=\"507\" \/><strong data-start=\"507\" data-end=\"553\">Ngarkesa maksimale p\u00ebr llamba fluorescente<\/strong>: <span class=\"relative -mx-px my-[-0.2rem] rounded px-px py-[0.2rem] transition-colors duration-100 ease-in-out\">2300 VA<\/span><br data-start=\"594\" data-end=\"597\" \/><strong data-start=\"597\" data-end=\"610\">Standarde<\/strong>: <span class=\"relative -mx-px my-[-0.2rem] rounded px-px py-[0.2rem] transition-colors duration-100 ease-in-out\">IEC 60730-2-7<\/span><br data-start=\"651\" data-end=\"654\" \/><strong data-start=\"654\" data-end=\"665\">Montimi<\/strong>: <span class=\"relative -mx-px my-[-0.2rem] rounded px-px py-[0.2rem] transition-colors duration-100 ease-in-out\">N\u00eb shirit DIN<\/span><br data-start=\"706\" data-end=\"709\" \/><strong data-start=\"709\" data-end=\"721\">Gjer\u00ebsia<\/strong>: <span class=\"relative -mx-px my-[-0.2rem] rounded px-px py-[0.2rem] transition-colors duration-100 ease-in-out\">5 module (45 mm)<\/span><br data-start=\"762\" data-end=\"765\" \/><strong data-start=\"765\" data-end=\"777\">Mbrojtja<\/strong>: IP20<br data-start=\"783\" data-end=\"786\" \/><strong data-start=\"786\" data-end=\"816\">Temperatura e funksionimit<\/strong>: <span class=\"relative -mx-px my-[-0.2rem] rounded px-px py-[0.2rem] transition-colors duration-100 ease-in-out\">\u20135 \u00b0C deri +60 \u00b0C<\/span><br data-start=\"857\" data-end=\"860\" \/><strong data-start=\"860\" data-end=\"873\">P\u00ebrdorimi<\/strong>: <span class=\"relative -mx-px my-[-0.2rem] rounded px-px py-[0.2rem] transition-colors duration-100 ease-in-out\">Kontrolli automatik i ndri\u00e7imit n\u00eb baz\u00eb t\u00eb or\u00ebs astronomike (diell dhe per\u00ebndim) p\u00ebr dy kanale t\u00eb pavarura<\/span><\/p>","protected":false},"excerpt":{"rendered":"<p>Seria: Acti9 IC AstroLloji: \u00c7el\u00ebs astronomik i programuesh\u00ebm, 2-kanal\u00ebsh, SMARTRryma nominale (In): 16 A p\u00ebr kanalTension operativ (Ue): 230 V ACFrekuenca: 50\/60 HzNgarkesa maksimale p\u00ebr llamba incandeshente: 2600 WNgarkesa maksimale p\u00ebr llamba fluorescente: 2300 VAStandarde: IEC 60730-2-7Montimi: N\u00eb shirit DINGjer\u00ebsia: 5 module (45 mm)Mbrojtja: IP20Temperatura e funksionimit: \u20135 \u00b0C deri +60 \u00b0CP\u00ebrdorimi: Kontrolli automatik i [&hellip;]<\/p>","protected":false},"featured_media":3875,"comment_status":"open","ping_status":"closed","template":"","meta":{"_acf_changed":false},"product_brand":[],"product_cat":[71,41],"product_tag":[],"class_list":{"0":"post-3874","1":"product","2":"type-product","3":"status-publish","4":"has-post-thumbnail","6":"product_cat-automat-magneto-termike","7":"product_cat-pajisje-kontrolli-dhe-mbrojtje","9":"first","10":"instock","11":"shipping-taxable","12":"product-type-simple"},"acf":[],"_links":{"self":[{"href":"https:\/\/www.brikaelektrik.al\/al\/wp-json\/wp\/v2\/product\/3874","targetHints":{"allow":["GET"]}}],"collection":[{"href":"https:\/\/www.brikaelektrik.al\/al\/wp-json\/wp\/v2\/product"}],"about":[{"href":"https:\/\/www.brikaelektrik.al\/al\/wp-json\/wp\/v2\/types\/product"}],"replies":[{"embeddable":true,"href":"https:\/\/www.brikaelektrik.al\/al\/wp-json\/wp\/v2\/comments?post=3874"}],"wp:featuredmedia":[{"embeddable":true,"href":"https:\/\/www.brikaelektrik.al\/al\/wp-json\/wp\/v2\/media\/3875"}],"wp:attachment":[{"href":"https:\/\/www.brikaelektrik.al\/al\/wp-json\/wp\/v2\/media?parent=3874"}],"wp:term":[{"taxonomy":"product_brand","embeddable":true,"href":"https:\/\/www.brikaelektrik.al\/al\/wp-json\/wp\/v2\/product_brand?post=3874"},{"taxonomy":"product_cat","embeddable":true,"href":"https:\/\/www.brikaelektrik.al\/al\/wp-json\/wp\/v2\/product_cat?post=3874"},{"taxonomy":"product_tag","embeddable":true,"href":"https:\/\/www.brikaelektrik.al\/al\/wp-json\/wp\/v2\/product_tag?post=3874"}],"curies":[{"name":"wp","href":"https:\/\/api.w.org\/{rel}","templated":true}]}}