{"id":3897,"date":"2025-09-01T08:48:16","date_gmt":"2025-09-01T08:48:16","guid":{"rendered":"https:\/\/www.brikaelektrik.al\/?post_type=product&#038;p=3897"},"modified":"2025-09-01T08:48:16","modified_gmt":"2025-09-01T08:48:16","slug":"kontakt-ndihmes-1no-nc-per-automat-ic60-a9d-ic40","status":"publish","type":"product","link":"https:\/\/www.brikaelektrik.al\/al\/produkt\/kontakt-ndihmes-1no-nc-per-automat-ic60-a9d-ic40\/","title":{"rendered":"KONTAKT NDIHM\u00cbS 1NO\/NC P\u00cbR AUTOMAT iC60 A9D\/iC40"},"content":{"rendered":"<p><strong data-start=\"154\" data-end=\"164\">Seria:<\/strong> Acti9 iOF<br data-start=\"174\" data-end=\"177\" \/><strong data-start=\"177\" data-end=\"187\">Lloji:<\/strong> Kontakt ndihm\u00ebs (auxiliary contact), 1 kontakt i zakonsh\u00ebm (1 C\/O \u2013 1 NO + 1 NC)<br data-start=\"268\" data-end=\"271\" \/><strong data-start=\"271\" data-end=\"295\" data-is-only-node=\"\">Rryma nominale (In):<\/strong> 6 A AC \/ 2 A DC<br data-start=\"311\" data-end=\"314\" \/><strong data-start=\"314\" data-end=\"340\">Tension operativ (Ue):<\/strong> 24\u2013415 V AC \/ 24\u2013130 V DC<br data-start=\"366\" data-end=\"369\" \/><strong data-start=\"369\" data-end=\"383\">Frekuenca:<\/strong> 50\/60 Hz<br data-start=\"392\" data-end=\"395\" \/><strong data-start=\"395\" data-end=\"435\">Kapaciteti i shk\u00ebputjes s\u00eb shkurt\u00ebr:<\/strong> Nuk aplikohet (nuk \u00ebsht\u00eb mbrojt\u00ebs, por kontakt ndihm\u00ebs)<br data-start=\"491\" data-end=\"494\" \/><strong data-start=\"494\" data-end=\"508\">Standarde:<\/strong> IEC\/EN 60947-5-1<br data-start=\"525\" data-end=\"528\" \/><strong data-start=\"528\" data-end=\"540\">Montimi:<\/strong> N\u00eb shirit DIN (montim an\u00ebsor n\u00eb MCB\/RCBO t\u00eb seris\u00eb Acti9)<br data-start=\"598\" data-end=\"601\" \/><strong data-start=\"601\" data-end=\"614\">Gjer\u00ebsia:<\/strong> 1 modul (9 mm)<br data-start=\"629\" data-end=\"632\" \/><strong data-start=\"632\" data-end=\"645\">Mbrojtja:<\/strong> IP20 (IP40 me mbules\u00eb)<br data-start=\"668\" data-end=\"671\" \/><strong data-start=\"671\" data-end=\"702\">Temperatura e funksionimit:<\/strong> \u201335 \u00b0C deri +70 \u00b0C<br data-start=\"721\" data-end=\"724\" \/><strong data-start=\"724\" data-end=\"738\">P\u00ebrdorimi:<\/strong> Sinjalizim i pozicionit t\u00eb \u00e7el\u00ebsit kryesor (hapur\/mbyllur) n\u00eb aplikime elektrike<\/p>","protected":false},"excerpt":{"rendered":"<p>Seria: Acti9 iOFLloji: Kontakt ndihm\u00ebs (auxiliary contact), 1 kontakt i zakonsh\u00ebm (1 C\/O \u2013 1 NO + 1 NC)Rryma nominale (In): 6 A AC \/ 2 A DCTension operativ (Ue): 24\u2013415 V AC \/ 24\u2013130 V DCFrekuenca: 50\/60 HzKapaciteti i shk\u00ebputjes s\u00eb shkurt\u00ebr: Nuk aplikohet (nuk \u00ebsht\u00eb mbrojt\u00ebs, por kontakt ndihm\u00ebs)Standarde: IEC\/EN 60947-5-1Montimi: N\u00eb shirit [&hellip;]<\/p>","protected":false},"featured_media":3898,"comment_status":"open","ping_status":"closed","template":"","meta":{"_acf_changed":false},"product_brand":[],"product_cat":[71,41],"product_tag":[],"class_list":{"0":"post-3897","1":"product","2":"type-product","3":"status-publish","4":"has-post-thumbnail","6":"product_cat-automat-magneto-termike","7":"product_cat-pajisje-kontrolli-dhe-mbrojtje","9":"first","10":"instock","11":"shipping-taxable","12":"product-type-simple"},"acf":[],"_links":{"self":[{"href":"https:\/\/www.brikaelektrik.al\/al\/wp-json\/wp\/v2\/product\/3897","targetHints":{"allow":["GET"]}}],"collection":[{"href":"https:\/\/www.brikaelektrik.al\/al\/wp-json\/wp\/v2\/product"}],"about":[{"href":"https:\/\/www.brikaelektrik.al\/al\/wp-json\/wp\/v2\/types\/product"}],"replies":[{"embeddable":true,"href":"https:\/\/www.brikaelektrik.al\/al\/wp-json\/wp\/v2\/comments?post=3897"}],"wp:featuredmedia":[{"embeddable":true,"href":"https:\/\/www.brikaelektrik.al\/al\/wp-json\/wp\/v2\/media\/3898"}],"wp:attachment":[{"href":"https:\/\/www.brikaelektrik.al\/al\/wp-json\/wp\/v2\/media?parent=3897"}],"wp:term":[{"taxonomy":"product_brand","embeddable":true,"href":"https:\/\/www.brikaelektrik.al\/al\/wp-json\/wp\/v2\/product_brand?post=3897"},{"taxonomy":"product_cat","embeddable":true,"href":"https:\/\/www.brikaelektrik.al\/al\/wp-json\/wp\/v2\/product_cat?post=3897"},{"taxonomy":"product_tag","embeddable":true,"href":"https:\/\/www.brikaelektrik.al\/al\/wp-json\/wp\/v2\/product_tag?post=3897"}],"curies":[{"name":"wp","href":"https:\/\/api.w.org\/{rel}","templated":true}]}}