{"id":3929,"date":"2025-09-01T09:56:25","date_gmt":"2025-09-01T09:56:25","guid":{"rendered":"https:\/\/www.brikaelektrik.al\/?post_type=product&#038;p=3929"},"modified":"2025-09-01T10:25:10","modified_gmt":"2025-09-01T10:25:10","slug":"automat-magneto-termik-1p-63a-6ka","status":"publish","type":"product","link":"https:\/\/www.brikaelektrik.al\/al\/produkt\/automat-magneto-termik-1p-63a-6ka\/","title":{"rendered":"AUTOMAT MAGNETO-TERMIK 1P 63A 6KA"},"content":{"rendered":"<p><strong data-start=\"175\" data-end=\"185\">Seria:<\/strong> Acti9 iC60N<br data-start=\"197\" data-end=\"200\" \/><strong data-start=\"200\" data-end=\"210\">Lloji:<\/strong> \u00c7el\u00ebs miniatur\u00eb (MCB), 1-pol\u00ebsh (1\u202fP), kurb\u00eb\u202fC<br data-start=\"257\" data-end=\"260\" \/><strong data-start=\"260\" data-end=\"284\">Rryma nominale (In):<\/strong> 63\u202fA<br data-start=\"409\" data-end=\"412\" \/><strong data-start=\"412\" data-end=\"452\">Kapaciteti i shk\u00ebputjes s\u00eb shkurt\u00ebr:<\/strong> 6000\u202fA (IEC\/EN 60898-1); 10\u202fkA (IEC\/EN 60947-2)<br data-start=\"500\" data-end=\"503\" \/><strong data-start=\"503\" data-end=\"517\">Standarde:<\/strong> IEC\/EN 60898-1, IEC\/EN 60947-2<br data-start=\"705\" data-end=\"708\" \/><strong data-start=\"708\" data-end=\"722\">P\u00ebrdorimi:<\/strong> Mbrojtje ndaj qarkut t\u00eb shkurt\u00ebr dhe mbingarkes\u00ebs<\/p>","protected":false},"excerpt":{"rendered":"<p>Seria: Acti9 iC60NLloji: \u00c7el\u00ebs miniatur\u00eb (MCB), 1-pol\u00ebsh (1\u202fP), kurb\u00eb\u202fCRryma nominale (In): 63\u202fAKapaciteti i shk\u00ebputjes s\u00eb shkurt\u00ebr: 6000\u202fA (IEC\/EN 60898-1); 10\u202fkA (IEC\/EN 60947-2)Standarde: IEC\/EN 60898-1, IEC\/EN 60947-2P\u00ebrdorimi: Mbrojtje ndaj qarkut t\u00eb shkurt\u00ebr dhe mbingarkes\u00ebs<\/p>","protected":false},"featured_media":3930,"comment_status":"open","ping_status":"closed","template":"","meta":{"_acf_changed":false},"product_brand":[],"product_cat":[71,41],"product_tag":[],"class_list":{"0":"post-3929","1":"product","2":"type-product","3":"status-publish","4":"has-post-thumbnail","6":"product_cat-automat-magneto-termike","7":"product_cat-pajisje-kontrolli-dhe-mbrojtje","9":"first","10":"instock","11":"shipping-taxable","12":"product-type-simple"},"acf":[],"_links":{"self":[{"href":"https:\/\/www.brikaelektrik.al\/al\/wp-json\/wp\/v2\/product\/3929","targetHints":{"allow":["GET"]}}],"collection":[{"href":"https:\/\/www.brikaelektrik.al\/al\/wp-json\/wp\/v2\/product"}],"about":[{"href":"https:\/\/www.brikaelektrik.al\/al\/wp-json\/wp\/v2\/types\/product"}],"replies":[{"embeddable":true,"href":"https:\/\/www.brikaelektrik.al\/al\/wp-json\/wp\/v2\/comments?post=3929"}],"wp:featuredmedia":[{"embeddable":true,"href":"https:\/\/www.brikaelektrik.al\/al\/wp-json\/wp\/v2\/media\/3930"}],"wp:attachment":[{"href":"https:\/\/www.brikaelektrik.al\/al\/wp-json\/wp\/v2\/media?parent=3929"}],"wp:term":[{"taxonomy":"product_brand","embeddable":true,"href":"https:\/\/www.brikaelektrik.al\/al\/wp-json\/wp\/v2\/product_brand?post=3929"},{"taxonomy":"product_cat","embeddable":true,"href":"https:\/\/www.brikaelektrik.al\/al\/wp-json\/wp\/v2\/product_cat?post=3929"},{"taxonomy":"product_tag","embeddable":true,"href":"https:\/\/www.brikaelektrik.al\/al\/wp-json\/wp\/v2\/product_tag?post=3929"}],"curies":[{"name":"wp","href":"https:\/\/api.w.org\/{rel}","templated":true}]}}