{"id":3932,"date":"2025-09-01T09:57:59","date_gmt":"2025-09-01T09:57:59","guid":{"rendered":"https:\/\/www.brikaelektrik.al\/?post_type=product&#038;p=3932"},"modified":"2025-09-01T09:57:59","modified_gmt":"2025-09-01T09:57:59","slug":"automat-magneto-termik-1p-4a-6ka","status":"publish","type":"product","link":"https:\/\/www.brikaelektrik.al\/al\/produkt\/automat-magneto-termik-1p-4a-6ka\/","title":{"rendered":"AUTOMAT MAGNETO-TERMIK 1P 4A 6KA"},"content":{"rendered":"<p><strong data-start=\"171\" data-end=\"181\">Seria:<\/strong> Acti9 iC60N<br data-start=\"193\" data-end=\"196\" \/><strong data-start=\"196\" data-end=\"206\">Lloji:<\/strong> \u00c7el\u00ebs miniatur\u00eb (MCB), 1\u2011pol\u00ebsh, kurb\u00eb\u202fC<br data-start=\"247\" data-end=\"250\" \/><strong data-start=\"250\" data-end=\"274\">Rryma nominale (In):<\/strong> 4\u202fA<br data-start=\"443\" data-end=\"446\" \/><strong data-start=\"446\" data-end=\"486\">Kapaciteti i shk\u00ebputjes s\u00eb shkurt\u00ebr:<\/strong> 6000\u202fA (IEC\/EN\u202f60898-1); 50\u202fkA (IEC\/EN\u202f60947-2)<br data-start=\"534\" data-end=\"537\" \/><strong data-start=\"537\" data-end=\"551\">Standarde:<\/strong> IEC\/EN\u202f60898-1, IEC\/EN\u202f60947-2<br data-start=\"582\" data-end=\"585\" \/><strong data-start=\"585\" data-end=\"597\">Montimi:<\/strong> Montim n\u00eb shirit DIN (bazuar n\u00eb serin\u00eb e zakonshme)<br data-start=\"649\" data-end=\"652\" \/><strong data-start=\"652\" data-end=\"665\">Gjer\u00ebsia:<\/strong> 2 module (18\u202fmm)<br data-start=\"682\" data-end=\"685\" \/><strong data-start=\"685\" data-end=\"698\">Mbrojtja:<\/strong> IP20 (IP40 me mbules\u00eb)<br data-start=\"779\" data-end=\"782\" \/><strong data-start=\"782\" data-end=\"796\">P\u00ebrdorimi:<\/strong> Mbrojtje ndaj mbingarkes\u00ebs dhe qarkut t\u00eb shkurt\u00ebr; me sisteme VisiTrip p\u00ebr detektim t\u00eb shpejt\u00eb t\u00eb defekteve dhe VisiSafe p\u00ebr siguri gjat\u00eb nd\u00ebrhyrjeve<\/p>","protected":false},"excerpt":{"rendered":"<p>Seria: Acti9 iC60NLloji: \u00c7el\u00ebs miniatur\u00eb (MCB), 1\u2011pol\u00ebsh, kurb\u00eb\u202fCRryma nominale (In): 4\u202fAKapaciteti i shk\u00ebputjes s\u00eb shkurt\u00ebr: 6000\u202fA (IEC\/EN\u202f60898-1); 50\u202fkA (IEC\/EN\u202f60947-2)Standarde: IEC\/EN\u202f60898-1, IEC\/EN\u202f60947-2Montimi: Montim n\u00eb shirit DIN (bazuar n\u00eb serin\u00eb e zakonshme)Gjer\u00ebsia: 2 module (18\u202fmm)Mbrojtja: IP20 (IP40 me mbules\u00eb)P\u00ebrdorimi: Mbrojtje ndaj mbingarkes\u00ebs dhe qarkut t\u00eb shkurt\u00ebr; me sisteme VisiTrip p\u00ebr detektim t\u00eb shpejt\u00eb t\u00eb defekteve dhe VisiSafe [&hellip;]<\/p>","protected":false},"featured_media":3933,"comment_status":"open","ping_status":"closed","template":"","meta":{"_acf_changed":false},"product_brand":[],"product_cat":[71,41],"product_tag":[],"class_list":{"0":"post-3932","1":"product","2":"type-product","3":"status-publish","4":"has-post-thumbnail","6":"product_cat-automat-magneto-termike","7":"product_cat-pajisje-kontrolli-dhe-mbrojtje","9":"first","10":"instock","11":"shipping-taxable","12":"product-type-simple"},"acf":[],"_links":{"self":[{"href":"https:\/\/www.brikaelektrik.al\/al\/wp-json\/wp\/v2\/product\/3932","targetHints":{"allow":["GET"]}}],"collection":[{"href":"https:\/\/www.brikaelektrik.al\/al\/wp-json\/wp\/v2\/product"}],"about":[{"href":"https:\/\/www.brikaelektrik.al\/al\/wp-json\/wp\/v2\/types\/product"}],"replies":[{"embeddable":true,"href":"https:\/\/www.brikaelektrik.al\/al\/wp-json\/wp\/v2\/comments?post=3932"}],"wp:featuredmedia":[{"embeddable":true,"href":"https:\/\/www.brikaelektrik.al\/al\/wp-json\/wp\/v2\/media\/3933"}],"wp:attachment":[{"href":"https:\/\/www.brikaelektrik.al\/al\/wp-json\/wp\/v2\/media?parent=3932"}],"wp:term":[{"taxonomy":"product_brand","embeddable":true,"href":"https:\/\/www.brikaelektrik.al\/al\/wp-json\/wp\/v2\/product_brand?post=3932"},{"taxonomy":"product_cat","embeddable":true,"href":"https:\/\/www.brikaelektrik.al\/al\/wp-json\/wp\/v2\/product_cat?post=3932"},{"taxonomy":"product_tag","embeddable":true,"href":"https:\/\/www.brikaelektrik.al\/al\/wp-json\/wp\/v2\/product_tag?post=3932"}],"curies":[{"name":"wp","href":"https:\/\/api.w.org\/{rel}","templated":true}]}}