{"id":3934,"date":"2025-09-01T10:20:32","date_gmt":"2025-09-01T10:20:32","guid":{"rendered":"https:\/\/www.brikaelektrik.al\/?post_type=product&#038;p=3934"},"modified":"2025-09-01T10:24:43","modified_gmt":"2025-09-01T10:24:43","slug":"automat-magneto-termik-1p-6a-6ka","status":"publish","type":"product","link":"https:\/\/www.brikaelektrik.al\/al\/produkt\/automat-magneto-termik-1p-6a-6ka\/","title":{"rendered":"AUTOMAT MAGNETO-TERMIK 1P 6A 6KA"},"content":{"rendered":"<p><strong data-start=\"252\" data-end=\"262\">Seria:<\/strong> Acti9 iC60N<br data-start=\"274\" data-end=\"277\" \/><strong data-start=\"277\" data-end=\"287\">Lloji:<\/strong> \u00c7el\u00ebs miniatur\u00eb (MCB), 1\u2011pol\u00ebsh (1\u202fP), kurb\u00eb\u202fC<br data-start=\"334\" data-end=\"337\" \/><strong data-start=\"337\" data-end=\"361\">Rryma nominale (In):<\/strong> 6\u202fA<br data-start=\"471\" data-end=\"474\" \/><strong data-start=\"474\" data-end=\"514\">Kapaciteti i shk\u00ebputjes s\u00eb shkurt\u00ebr:<\/strong> 6000\u202fA (IEC\/EN\u202f60898\u20111); 10\u202fkA (IEC\/EN\u202f60947\u20112)<br data-start=\"562\" data-end=\"565\" \/><strong data-start=\"565\" data-end=\"579\">Standarde:<\/strong> IEC\/EN\u202f60898\u20111, IEC\/EN\u202f60947\u20112<br data-start=\"813\" data-end=\"816\" \/><strong data-start=\"816\" data-end=\"830\">P\u00ebrdorimi:<\/strong> Mbrojtje ndaj mbingarkes\u00ebs dhe qarkut t\u00eb shkurt\u00ebr; p\u00ebrfshin funksionalitetet VisiTrip (indikacion i shpejt\u00eb i d\u00ebshtimit) dhe VisiSafe (siguri fizike gjat\u00eb nd\u00ebrhyrjeve)<\/p>","protected":false},"excerpt":{"rendered":"<p>Seria: Acti9 iC60NLloji: \u00c7el\u00ebs miniatur\u00eb (MCB), 1\u2011pol\u00ebsh (1\u202fP), kurb\u00eb\u202fCRryma nominale (In): 6\u202fAKapaciteti i shk\u00ebputjes s\u00eb shkurt\u00ebr: 6000\u202fA (IEC\/EN\u202f60898\u20111); 10\u202fkA (IEC\/EN\u202f60947\u20112)Standarde: IEC\/EN\u202f60898\u20111, IEC\/EN\u202f60947\u20112P\u00ebrdorimi: Mbrojtje ndaj mbingarkes\u00ebs dhe qarkut t\u00eb shkurt\u00ebr; p\u00ebrfshin funksionalitetet VisiTrip (indikacion i shpejt\u00eb i d\u00ebshtimit) dhe VisiSafe (siguri fizike gjat\u00eb nd\u00ebrhyrjeve)<\/p>","protected":false},"featured_media":3935,"comment_status":"open","ping_status":"closed","template":"","meta":{"_acf_changed":false},"product_brand":[],"product_cat":[71,41],"product_tag":[],"class_list":{"0":"post-3934","1":"product","2":"type-product","3":"status-publish","4":"has-post-thumbnail","6":"product_cat-automat-magneto-termike","7":"product_cat-pajisje-kontrolli-dhe-mbrojtje","9":"first","10":"instock","11":"shipping-taxable","12":"product-type-simple"},"acf":[],"_links":{"self":[{"href":"https:\/\/www.brikaelektrik.al\/al\/wp-json\/wp\/v2\/product\/3934","targetHints":{"allow":["GET"]}}],"collection":[{"href":"https:\/\/www.brikaelektrik.al\/al\/wp-json\/wp\/v2\/product"}],"about":[{"href":"https:\/\/www.brikaelektrik.al\/al\/wp-json\/wp\/v2\/types\/product"}],"replies":[{"embeddable":true,"href":"https:\/\/www.brikaelektrik.al\/al\/wp-json\/wp\/v2\/comments?post=3934"}],"wp:featuredmedia":[{"embeddable":true,"href":"https:\/\/www.brikaelektrik.al\/al\/wp-json\/wp\/v2\/media\/3935"}],"wp:attachment":[{"href":"https:\/\/www.brikaelektrik.al\/al\/wp-json\/wp\/v2\/media?parent=3934"}],"wp:term":[{"taxonomy":"product_brand","embeddable":true,"href":"https:\/\/www.brikaelektrik.al\/al\/wp-json\/wp\/v2\/product_brand?post=3934"},{"taxonomy":"product_cat","embeddable":true,"href":"https:\/\/www.brikaelektrik.al\/al\/wp-json\/wp\/v2\/product_cat?post=3934"},{"taxonomy":"product_tag","embeddable":true,"href":"https:\/\/www.brikaelektrik.al\/al\/wp-json\/wp\/v2\/product_tag?post=3934"}],"curies":[{"name":"wp","href":"https:\/\/api.w.org\/{rel}","templated":true}]}}