{"id":3937,"date":"2025-09-01T10:24:14","date_gmt":"2025-09-01T10:24:14","guid":{"rendered":"https:\/\/www.brikaelektrik.al\/?post_type=product&#038;p=3937"},"modified":"2025-09-01T10:24:14","modified_gmt":"2025-09-01T10:24:14","slug":"automat-magneto-termik-1p-10a-6ka","status":"publish","type":"product","link":"https:\/\/www.brikaelektrik.al\/al\/produkt\/automat-magneto-termik-1p-10a-6ka\/","title":{"rendered":"AUTOMAT MAGNETO-TERMIK 1P 10A 6KA"},"content":{"rendered":"<p><strong data-start=\"212\" data-end=\"222\">Seria:<\/strong> Acti9 iC60N<br data-start=\"234\" data-end=\"237\" \/><strong data-start=\"237\" data-end=\"247\">Lloji:<\/strong> \u00c7el\u00ebs miniatur\u00eb (MCB), 1\u2011pol\u00ebsh (1\u202fP), kurb\u00eb\u202fC<br data-start=\"294\" data-end=\"297\" \/><strong data-start=\"297\" data-end=\"321\">Rryma nominale (In):<\/strong> 10\u202fA<br data-start=\"854\" data-end=\"857\" \/><strong data-start=\"857\" data-end=\"871\">P\u00ebrdorimi:<\/strong> Mbrojtje ndaj mbingarkes\u00ebs dhe qarkut t\u00eb shkurt\u00ebr; p\u00ebrfshin sistemin <strong data-start=\"941\" data-end=\"953\">VisiTrip<\/strong> p\u00ebr zbulim t\u00eb shpejt\u00eb t\u00eb defekteve<\/p>","protected":false},"excerpt":{"rendered":"<p>Seria: Acti9 iC60NLloji: \u00c7el\u00ebs miniatur\u00eb (MCB), 1\u2011pol\u00ebsh (1\u202fP), kurb\u00eb\u202fCRryma nominale (In): 10\u202fAP\u00ebrdorimi: Mbrojtje ndaj mbingarkes\u00ebs dhe qarkut t\u00eb shkurt\u00ebr; p\u00ebrfshin sistemin VisiTrip p\u00ebr zbulim t\u00eb shpejt\u00eb t\u00eb defekteve<\/p>","protected":false},"featured_media":3938,"comment_status":"open","ping_status":"closed","template":"","meta":{"_acf_changed":false},"product_brand":[],"product_cat":[71,41],"product_tag":[],"class_list":{"0":"post-3937","1":"product","2":"type-product","3":"status-publish","4":"has-post-thumbnail","6":"product_cat-automat-magneto-termike","7":"product_cat-pajisje-kontrolli-dhe-mbrojtje","9":"first","10":"instock","11":"shipping-taxable","12":"product-type-simple"},"acf":[],"_links":{"self":[{"href":"https:\/\/www.brikaelektrik.al\/al\/wp-json\/wp\/v2\/product\/3937","targetHints":{"allow":["GET"]}}],"collection":[{"href":"https:\/\/www.brikaelektrik.al\/al\/wp-json\/wp\/v2\/product"}],"about":[{"href":"https:\/\/www.brikaelektrik.al\/al\/wp-json\/wp\/v2\/types\/product"}],"replies":[{"embeddable":true,"href":"https:\/\/www.brikaelektrik.al\/al\/wp-json\/wp\/v2\/comments?post=3937"}],"wp:featuredmedia":[{"embeddable":true,"href":"https:\/\/www.brikaelektrik.al\/al\/wp-json\/wp\/v2\/media\/3938"}],"wp:attachment":[{"href":"https:\/\/www.brikaelektrik.al\/al\/wp-json\/wp\/v2\/media?parent=3937"}],"wp:term":[{"taxonomy":"product_brand","embeddable":true,"href":"https:\/\/www.brikaelektrik.al\/al\/wp-json\/wp\/v2\/product_brand?post=3937"},{"taxonomy":"product_cat","embeddable":true,"href":"https:\/\/www.brikaelektrik.al\/al\/wp-json\/wp\/v2\/product_cat?post=3937"},{"taxonomy":"product_tag","embeddable":true,"href":"https:\/\/www.brikaelektrik.al\/al\/wp-json\/wp\/v2\/product_tag?post=3937"}],"curies":[{"name":"wp","href":"https:\/\/api.w.org\/{rel}","templated":true}]}}