{"id":3945,"date":"2025-09-01T10:31:52","date_gmt":"2025-09-01T10:31:52","guid":{"rendered":"https:\/\/www.brikaelektrik.al\/?post_type=product&#038;p=3945"},"modified":"2025-09-01T10:31:52","modified_gmt":"2025-09-01T10:31:52","slug":"automat-magneto-termik-1p-20a-6ka","status":"publish","type":"product","link":"https:\/\/www.brikaelektrik.al\/al\/produkt\/automat-magneto-termik-1p-20a-6ka\/","title":{"rendered":"AUTOMAT MAGNETO-TERMIK 1P 20A 6KA"},"content":{"rendered":"<p><strong data-start=\"239\" data-end=\"249\">Seria:<\/strong> Acti9 iC60N<br data-start=\"261\" data-end=\"264\" \/><strong data-start=\"264\" data-end=\"274\">Lloji:<\/strong> \u00c7el\u00ebs miniatur\u00eb (MCB), 1-pol\u00ebsh (1\u202fP), kurb\u00eb\u202fC<br data-start=\"321\" data-end=\"324\" \/><strong data-start=\"324\" data-end=\"348\">Rryma nominale (In):<\/strong> 20\u202fA<br data-start=\"353\" data-end=\"356\" \/><strong data-start=\"356\" data-end=\"382\">Tension operativ (Ue):<\/strong> 230\u202fV AC 50\/60\u202fHz<br data-start=\"400\" data-end=\"403\" data-is-only-node=\"\" \/><strong data-start=\"403\" data-end=\"417\">Frekuenca:<\/strong> 50\/60\u202fHz<br data-start=\"426\" data-end=\"429\" \/><strong data-start=\"429\" data-end=\"469\">Kapaciteti i shk\u00ebputjes s\u00eb shkurt\u00ebr:<\/strong> 6000\u202fA (IEC\/EN\u202f60898\u20111); 10\u202fkA (IEC\/EN\u202f60947\u20112)<br data-start=\"517\" data-end=\"520\" \/><strong data-start=\"520\" data-end=\"534\">Standarde:<\/strong> IEC\/EN\u202f60898\u20111, IEC\/EN\u202f60947\u20112<br data-start=\"565\" data-end=\"568\" \/><strong data-start=\"568\" data-end=\"580\">Montimi:<\/strong> Montim n\u00eb shirit DIN<br data-start=\"601\" data-end=\"604\" \/><strong data-start=\"604\" data-end=\"617\">Gjer\u00ebsia:<\/strong> 2 module (18\u202fmm)<br data-start=\"634\" data-end=\"637\" \/><strong data-start=\"637\" data-end=\"650\">Mbrojtja:<\/strong> IP20 (IP40 me mbules\u00eb)<br data-start=\"673\" data-end=\"676\" \/><strong data-start=\"676\" data-end=\"707\">Temperatura e funksionimit:<\/strong> \u201335\u202f\u00b0C deri +70\u202f\u00b0C<br data-start=\"726\" data-end=\"729\" \/><strong data-start=\"729\" data-end=\"743\">P\u00ebrdorimi:<\/strong> Mbrojtje ndaj mbingarkes\u00ebs dhe qarkut t\u00eb shkurt\u00ebr; p\u00ebrfshin sistemet <strong data-start=\"813\" data-end=\"825\">VisiTrip<\/strong> (identifikim i shpejt\u00eb i defekteve) dhe <strong data-start=\"866\" data-end=\"878\">VisiSafe<\/strong> (siguri gjat\u00eb nd\u00ebrhyrjes)<\/p>","protected":false},"excerpt":{"rendered":"<p>Seria: Acti9 iC60NLloji: \u00c7el\u00ebs miniatur\u00eb (MCB), 1-pol\u00ebsh (1\u202fP), kurb\u00eb\u202fCRryma nominale (In): 20\u202fATension operativ (Ue): 230\u202fV AC 50\/60\u202fHzFrekuenca: 50\/60\u202fHzKapaciteti i shk\u00ebputjes s\u00eb shkurt\u00ebr: 6000\u202fA (IEC\/EN\u202f60898\u20111); 10\u202fkA (IEC\/EN\u202f60947\u20112)Standarde: IEC\/EN\u202f60898\u20111, IEC\/EN\u202f60947\u20112Montimi: Montim n\u00eb shirit DINGjer\u00ebsia: 2 module (18\u202fmm)Mbrojtja: IP20 (IP40 me mbules\u00eb)Temperatura e funksionimit: \u201335\u202f\u00b0C deri +70\u202f\u00b0CP\u00ebrdorimi: Mbrojtje ndaj mbingarkes\u00ebs dhe qarkut t\u00eb shkurt\u00ebr; p\u00ebrfshin sistemet VisiTrip (identifikim [&hellip;]<\/p>","protected":false},"featured_media":3946,"comment_status":"open","ping_status":"closed","template":"","meta":{"_acf_changed":false},"product_brand":[],"product_cat":[71,41],"product_tag":[],"class_list":{"0":"post-3945","1":"product","2":"type-product","3":"status-publish","4":"has-post-thumbnail","6":"product_cat-automat-magneto-termike","7":"product_cat-pajisje-kontrolli-dhe-mbrojtje","9":"first","10":"instock","11":"shipping-taxable","12":"product-type-simple"},"acf":[],"_links":{"self":[{"href":"https:\/\/www.brikaelektrik.al\/al\/wp-json\/wp\/v2\/product\/3945","targetHints":{"allow":["GET"]}}],"collection":[{"href":"https:\/\/www.brikaelektrik.al\/al\/wp-json\/wp\/v2\/product"}],"about":[{"href":"https:\/\/www.brikaelektrik.al\/al\/wp-json\/wp\/v2\/types\/product"}],"replies":[{"embeddable":true,"href":"https:\/\/www.brikaelektrik.al\/al\/wp-json\/wp\/v2\/comments?post=3945"}],"wp:featuredmedia":[{"embeddable":true,"href":"https:\/\/www.brikaelektrik.al\/al\/wp-json\/wp\/v2\/media\/3946"}],"wp:attachment":[{"href":"https:\/\/www.brikaelektrik.al\/al\/wp-json\/wp\/v2\/media?parent=3945"}],"wp:term":[{"taxonomy":"product_brand","embeddable":true,"href":"https:\/\/www.brikaelektrik.al\/al\/wp-json\/wp\/v2\/product_brand?post=3945"},{"taxonomy":"product_cat","embeddable":true,"href":"https:\/\/www.brikaelektrik.al\/al\/wp-json\/wp\/v2\/product_cat?post=3945"},{"taxonomy":"product_tag","embeddable":true,"href":"https:\/\/www.brikaelektrik.al\/al\/wp-json\/wp\/v2\/product_tag?post=3945"}],"curies":[{"name":"wp","href":"https:\/\/api.w.org\/{rel}","templated":true}]}}