{"id":3948,"date":"2025-09-01T10:36:01","date_gmt":"2025-09-01T10:36:01","guid":{"rendered":"https:\/\/www.brikaelektrik.al\/?post_type=product&#038;p=3948"},"modified":"2025-09-01T10:36:01","modified_gmt":"2025-09-01T10:36:01","slug":"automat-magneto-termik-1p-25a-6ka","status":"publish","type":"product","link":"https:\/\/www.brikaelektrik.al\/al\/produkt\/automat-magneto-termik-1p-25a-6ka\/","title":{"rendered":"AUTOMAT MAGNETO-TERMIK 1P 25A 6KA"},"content":{"rendered":"<p><strong data-start=\"199\" data-end=\"209\">Seria:<\/strong> Acti9 iC60N<br data-start=\"221\" data-end=\"224\" \/><strong data-start=\"224\" data-end=\"234\">Lloji:<\/strong> \u00c7el\u00ebs miniatur\u00eb (MCB), 1-pol\u00ebsh (1\u202fP), kurb\u00eb\u202fC<br data-start=\"281\" data-end=\"284\" \/><strong data-start=\"284\" data-end=\"308\">Rryma nominale (In):<\/strong> 25\u202fA<br data-start=\"313\" data-end=\"316\" \/><strong data-start=\"316\" data-end=\"342\" data-is-only-node=\"\">Tension operativ (Ue):<\/strong> 230\u202fV AC 50\/60\u202fHz<br data-start=\"360\" data-end=\"363\" \/><strong data-start=\"363\" data-end=\"377\">Frekuenca:<\/strong> 50\/60\u202fHz<br data-start=\"386\" data-end=\"389\" \/><strong data-start=\"389\" data-end=\"429\">Kapaciteti i shk\u00ebputjes s\u00eb shkurt\u00ebr:<\/strong> 6000\u202fA (IEC\/EN\u202f60898\u20111); 10\u202fkA (IEC\/EN\u202f60947\u20112)<br data-start=\"477\" data-end=\"480\" \/><strong data-start=\"480\" data-end=\"494\">Standarde:<\/strong> IEC\/EN\u202f60898\u20111, IEC\/EN\u202f60947\u20112<br data-start=\"525\" data-end=\"528\" \/><strong data-start=\"528\" data-end=\"540\">Montimi:<\/strong> Montim n\u00eb shirit DIN<br data-start=\"561\" data-end=\"564\" \/><strong data-start=\"564\" data-end=\"577\">Gjer\u00ebsia:<\/strong> 2 module (18\u202fmm)<br data-start=\"594\" data-end=\"597\" \/><strong data-start=\"597\" data-end=\"610\">Mbrojtja:<\/strong> IP20 (IP40 me mbules\u00eb)<br data-start=\"633\" data-end=\"636\" \/><strong data-start=\"636\" data-end=\"667\">Temperatura e funksionimit:<\/strong> \u201335\u202f\u00b0C deri +70\u202f\u00b0C<br data-start=\"686\" data-end=\"689\" \/><strong data-start=\"689\" data-end=\"703\">P\u00ebrdorimi:<\/strong> Mbrojtje ndaj mbingarkes\u00ebs dhe qarkut t\u00eb shkurt\u00ebr; p\u00ebrfshin sistemet <strong data-start=\"773\" data-end=\"785\">VisiTrip<\/strong> (identifikim i shpejt\u00eb i defekteve) dhe <strong data-start=\"826\" data-end=\"838\">VisiSafe<\/strong> (siguri gjat\u00eb nd\u00ebrhyrjes)<\/p>","protected":false},"excerpt":{"rendered":"<p>Seria: Acti9 iC60NLloji: \u00c7el\u00ebs miniatur\u00eb (MCB), 1-pol\u00ebsh (1\u202fP), kurb\u00eb\u202fCRryma nominale (In): 25\u202fATension operativ (Ue): 230\u202fV AC 50\/60\u202fHzFrekuenca: 50\/60\u202fHzKapaciteti i shk\u00ebputjes s\u00eb shkurt\u00ebr: 6000\u202fA (IEC\/EN\u202f60898\u20111); 10\u202fkA (IEC\/EN\u202f60947\u20112)Standarde: IEC\/EN\u202f60898\u20111, IEC\/EN\u202f60947\u20112Montimi: Montim n\u00eb shirit DINGjer\u00ebsia: 2 module (18\u202fmm)Mbrojtja: IP20 (IP40 me mbules\u00eb)Temperatura e funksionimit: \u201335\u202f\u00b0C deri +70\u202f\u00b0CP\u00ebrdorimi: Mbrojtje ndaj mbingarkes\u00ebs dhe qarkut t\u00eb shkurt\u00ebr; p\u00ebrfshin sistemet VisiTrip (identifikim [&hellip;]<\/p>","protected":false},"featured_media":3949,"comment_status":"open","ping_status":"closed","template":"","meta":{"_acf_changed":false},"product_brand":[],"product_cat":[71,41],"product_tag":[],"class_list":{"0":"post-3948","1":"product","2":"type-product","3":"status-publish","4":"has-post-thumbnail","6":"product_cat-automat-magneto-termike","7":"product_cat-pajisje-kontrolli-dhe-mbrojtje","9":"first","10":"instock","11":"shipping-taxable","12":"product-type-simple"},"acf":[],"_links":{"self":[{"href":"https:\/\/www.brikaelektrik.al\/al\/wp-json\/wp\/v2\/product\/3948","targetHints":{"allow":["GET"]}}],"collection":[{"href":"https:\/\/www.brikaelektrik.al\/al\/wp-json\/wp\/v2\/product"}],"about":[{"href":"https:\/\/www.brikaelektrik.al\/al\/wp-json\/wp\/v2\/types\/product"}],"replies":[{"embeddable":true,"href":"https:\/\/www.brikaelektrik.al\/al\/wp-json\/wp\/v2\/comments?post=3948"}],"wp:featuredmedia":[{"embeddable":true,"href":"https:\/\/www.brikaelektrik.al\/al\/wp-json\/wp\/v2\/media\/3949"}],"wp:attachment":[{"href":"https:\/\/www.brikaelektrik.al\/al\/wp-json\/wp\/v2\/media?parent=3948"}],"wp:term":[{"taxonomy":"product_brand","embeddable":true,"href":"https:\/\/www.brikaelektrik.al\/al\/wp-json\/wp\/v2\/product_brand?post=3948"},{"taxonomy":"product_cat","embeddable":true,"href":"https:\/\/www.brikaelektrik.al\/al\/wp-json\/wp\/v2\/product_cat?post=3948"},{"taxonomy":"product_tag","embeddable":true,"href":"https:\/\/www.brikaelektrik.al\/al\/wp-json\/wp\/v2\/product_tag?post=3948"}],"curies":[{"name":"wp","href":"https:\/\/api.w.org\/{rel}","templated":true}]}}