{"id":3954,"date":"2025-09-01T10:44:06","date_gmt":"2025-09-01T10:44:06","guid":{"rendered":"https:\/\/www.brikaelektrik.al\/?post_type=product&#038;p=3954"},"modified":"2025-09-01T10:44:06","modified_gmt":"2025-09-01T10:44:06","slug":"automat-magneto-termik-1p-40a-6ka","status":"publish","type":"product","link":"https:\/\/www.brikaelektrik.al\/al\/produkt\/automat-magneto-termik-1p-40a-6ka\/","title":{"rendered":"AUTOMAT MAGNETO-TERMIK 1P 40A 6KA"},"content":{"rendered":"<p><strong data-start=\"143\" data-end=\"153\">Seria:<\/strong> Acti9 iC60N<br data-start=\"165\" data-end=\"168\" \/><strong data-start=\"168\" data-end=\"178\">Lloji:<\/strong> \u00c7el\u00ebs miniatur\u00eb (MCB), 1-pol\u00ebsh (1\u202fP), kurb\u00eb\u202fC<br data-start=\"225\" data-end=\"228\" \/><strong data-start=\"228\" data-end=\"252\">Rryma nominale (In):<\/strong> 40\u202fA<br data-start=\"257\" data-end=\"260\" \/><strong data-start=\"260\" data-end=\"286\" data-is-only-node=\"\">Tension operativ (Ue):<\/strong> 230\u202fV AC 50\/60\u202fHz<br data-start=\"304\" data-end=\"307\" \/><strong data-start=\"307\" data-end=\"321\">Frekuenca:<\/strong> 50\/60\u202fHz<br data-start=\"330\" data-end=\"333\" \/><strong data-start=\"333\" data-end=\"373\">Kapaciteti i shk\u00ebputjes s\u00eb shkurt\u00ebr:<\/strong> 6000\u202fA (IEC\/EN\u202f60898\u20111); 10\u202fkA (IEC\/EN\u202f60947\u20112)<br data-start=\"421\" data-end=\"424\" \/><strong data-start=\"424\" data-end=\"438\">Standarde:<\/strong> IEC\/EN\u202f60898\u20111, IEC\/EN\u202f60947\u20112<br data-start=\"469\" data-end=\"472\" \/><strong data-start=\"472\" data-end=\"484\">Montimi:<\/strong> Montim n\u00eb shirit DIN<br data-start=\"505\" data-end=\"508\" \/><strong data-start=\"508\" data-end=\"521\">Gjer\u00ebsia:<\/strong> 2 module (18\u202fmm)<br data-start=\"538\" data-end=\"541\" \/><strong data-start=\"541\" data-end=\"554\">Mbrojtja:<\/strong> IP20 (IP40 me mbules\u00eb)<br data-start=\"577\" data-end=\"580\" \/><strong data-start=\"580\" data-end=\"611\">Temperatura e funksionimit:<\/strong> \u201335\u202f\u00b0C deri +70\u202f\u00b0C<br data-start=\"630\" data-end=\"633\" \/><strong data-start=\"633\" data-end=\"647\">P\u00ebrdorimi:<\/strong> Mbrojtje ndaj mbingarkes\u00ebs dhe qarkut t\u00eb shkurt\u00ebr; p\u00ebrfshin sistemet <strong data-start=\"717\" data-end=\"729\">VisiTrip<\/strong> (identifikim i shpejt\u00eb i defekteve) dhe <strong data-start=\"770\" data-end=\"782\">VisiSafe<\/strong> (siguri gjat\u00eb nd\u00ebrhyrjes)<\/p>","protected":false},"excerpt":{"rendered":"<p>Seria: Acti9 iC60NLloji: \u00c7el\u00ebs miniatur\u00eb (MCB), 1-pol\u00ebsh (1\u202fP), kurb\u00eb\u202fCRryma nominale (In): 40\u202fATension operativ (Ue): 230\u202fV AC 50\/60\u202fHzFrekuenca: 50\/60\u202fHzKapaciteti i shk\u00ebputjes s\u00eb shkurt\u00ebr: 6000\u202fA (IEC\/EN\u202f60898\u20111); 10\u202fkA (IEC\/EN\u202f60947\u20112)Standarde: IEC\/EN\u202f60898\u20111, IEC\/EN\u202f60947\u20112Montimi: Montim n\u00eb shirit DINGjer\u00ebsia: 2 module (18\u202fmm)Mbrojtja: IP20 (IP40 me mbules\u00eb)Temperatura e funksionimit: \u201335\u202f\u00b0C deri +70\u202f\u00b0CP\u00ebrdorimi: Mbrojtje ndaj mbingarkes\u00ebs dhe qarkut t\u00eb shkurt\u00ebr; p\u00ebrfshin sistemet VisiTrip (identifikim [&hellip;]<\/p>","protected":false},"featured_media":3955,"comment_status":"open","ping_status":"closed","template":"","meta":{"_acf_changed":false},"product_brand":[],"product_cat":[71,41],"product_tag":[],"class_list":{"0":"post-3954","1":"product","2":"type-product","3":"status-publish","4":"has-post-thumbnail","6":"product_cat-automat-magneto-termike","7":"product_cat-pajisje-kontrolli-dhe-mbrojtje","9":"first","10":"instock","11":"shipping-taxable","12":"product-type-simple"},"acf":[],"_links":{"self":[{"href":"https:\/\/www.brikaelektrik.al\/al\/wp-json\/wp\/v2\/product\/3954","targetHints":{"allow":["GET"]}}],"collection":[{"href":"https:\/\/www.brikaelektrik.al\/al\/wp-json\/wp\/v2\/product"}],"about":[{"href":"https:\/\/www.brikaelektrik.al\/al\/wp-json\/wp\/v2\/types\/product"}],"replies":[{"embeddable":true,"href":"https:\/\/www.brikaelektrik.al\/al\/wp-json\/wp\/v2\/comments?post=3954"}],"wp:featuredmedia":[{"embeddable":true,"href":"https:\/\/www.brikaelektrik.al\/al\/wp-json\/wp\/v2\/media\/3955"}],"wp:attachment":[{"href":"https:\/\/www.brikaelektrik.al\/al\/wp-json\/wp\/v2\/media?parent=3954"}],"wp:term":[{"taxonomy":"product_brand","embeddable":true,"href":"https:\/\/www.brikaelektrik.al\/al\/wp-json\/wp\/v2\/product_brand?post=3954"},{"taxonomy":"product_cat","embeddable":true,"href":"https:\/\/www.brikaelektrik.al\/al\/wp-json\/wp\/v2\/product_cat?post=3954"},{"taxonomy":"product_tag","embeddable":true,"href":"https:\/\/www.brikaelektrik.al\/al\/wp-json\/wp\/v2\/product_tag?post=3954"}],"curies":[{"name":"wp","href":"https:\/\/api.w.org\/{rel}","templated":true}]}}