{"id":3957,"date":"2025-09-01T10:45:39","date_gmt":"2025-09-01T10:45:39","guid":{"rendered":"https:\/\/www.brikaelektrik.al\/?post_type=product&#038;p=3957"},"modified":"2025-09-01T10:45:39","modified_gmt":"2025-09-01T10:45:39","slug":"automat-magneto-termik-1p-2a-6ka","status":"publish","type":"product","link":"https:\/\/www.brikaelektrik.al\/al\/produkt\/automat-magneto-termik-1p-2a-6ka\/","title":{"rendered":"AUTOMAT MAGNETO-TERMIK 1P 2A 6KA"},"content":{"rendered":"<p><strong data-start=\"183\" data-end=\"193\">Seria:<\/strong> Acti9 iC60N<br data-start=\"205\" data-end=\"208\" \/><strong data-start=\"208\" data-end=\"218\">Lloji:<\/strong> \u00c7el\u00ebs miniatur\u00eb (MCB), 1-pol\u00ebsh (1\u202fP), kurb\u00eb\u202fC<br data-start=\"265\" data-end=\"268\" \/><strong data-start=\"268\" data-end=\"292\">Rryma nominale (In):<\/strong> 2\u202fA<br data-start=\"296\" data-end=\"299\" \/><strong data-start=\"299\" data-end=\"325\">Tension operativ (Ue):<\/strong> 230\u202fV AC 50\/60\u202fHz<br data-start=\"343\" data-end=\"346\" data-is-only-node=\"\" \/><strong data-start=\"346\" data-end=\"360\">Frekuenca:<\/strong> 50\/60\u202fHz<br data-start=\"369\" data-end=\"372\" \/><strong data-start=\"372\" data-end=\"412\">Kapaciteti i shk\u00ebputjes s\u00eb shkurt\u00ebr:<\/strong> 6000\u202fA (IEC\/EN\u202f60898\u20111); 50\u202fkA (IEC\/EN\u202f60947\u20112)<br data-start=\"460\" data-end=\"463\" \/><strong data-start=\"463\" data-end=\"477\">Standarde:<\/strong> IEC\/EN\u202f60898\u20111, IEC\/EN\u202f60947\u20112<br data-start=\"508\" data-end=\"511\" \/><strong data-start=\"511\" data-end=\"523\">Montimi:<\/strong> Montim n\u00eb shirit DIN<br data-start=\"544\" data-end=\"547\" \/><strong data-start=\"547\" data-end=\"560\">Gjer\u00ebsia:<\/strong> 2 module (18\u202fmm)<br data-start=\"577\" data-end=\"580\" \/><strong data-start=\"580\" data-end=\"593\">Mbrojtja:<\/strong> IP20 (IP40 me mbules\u00eb)<br data-start=\"616\" data-end=\"619\" \/><strong data-start=\"619\" data-end=\"650\">Temperatura e funksionimit:<\/strong> \u201335\u202f\u00b0C deri +70\u202f\u00b0C<br data-start=\"669\" data-end=\"672\" \/><strong data-start=\"672\" data-end=\"686\">P\u00ebrdorimi:<\/strong> Mbrojtje ndaj mbingarkes\u00ebs dhe qarkut t\u00eb shkurt\u00ebr; p\u00ebrfshin sistemet <strong data-start=\"756\" data-end=\"768\">VisiTrip<\/strong> (identifikim i shpejt\u00eb i defekteve) dhe <strong data-start=\"809\" data-end=\"821\">VisiSafe<\/strong> (siguri gjat\u00eb nd\u00ebrhyrjes)<\/p>","protected":false},"excerpt":{"rendered":"<p>Seria: Acti9 iC60NLloji: \u00c7el\u00ebs miniatur\u00eb (MCB), 1-pol\u00ebsh (1\u202fP), kurb\u00eb\u202fCRryma nominale (In): 2\u202fATension operativ (Ue): 230\u202fV AC 50\/60\u202fHzFrekuenca: 50\/60\u202fHzKapaciteti i shk\u00ebputjes s\u00eb shkurt\u00ebr: 6000\u202fA (IEC\/EN\u202f60898\u20111); 50\u202fkA (IEC\/EN\u202f60947\u20112)Standarde: IEC\/EN\u202f60898\u20111, IEC\/EN\u202f60947\u20112Montimi: Montim n\u00eb shirit DINGjer\u00ebsia: 2 module (18\u202fmm)Mbrojtja: IP20 (IP40 me mbules\u00eb)Temperatura e funksionimit: \u201335\u202f\u00b0C deri +70\u202f\u00b0CP\u00ebrdorimi: Mbrojtje ndaj mbingarkes\u00ebs dhe qarkut t\u00eb shkurt\u00ebr; p\u00ebrfshin sistemet VisiTrip (identifikim [&hellip;]<\/p>","protected":false},"featured_media":3958,"comment_status":"open","ping_status":"closed","template":"","meta":{"_acf_changed":false},"product_brand":[],"product_cat":[73,41],"product_tag":[],"class_list":{"0":"post-3957","1":"product","2":"type-product","3":"status-publish","4":"has-post-thumbnail","6":"product_cat-rl-mbrojtje","7":"product_cat-pajisje-kontrolli-dhe-mbrojtje","9":"first","10":"instock","11":"shipping-taxable","12":"product-type-simple"},"acf":[],"_links":{"self":[{"href":"https:\/\/www.brikaelektrik.al\/al\/wp-json\/wp\/v2\/product\/3957","targetHints":{"allow":["GET"]}}],"collection":[{"href":"https:\/\/www.brikaelektrik.al\/al\/wp-json\/wp\/v2\/product"}],"about":[{"href":"https:\/\/www.brikaelektrik.al\/al\/wp-json\/wp\/v2\/types\/product"}],"replies":[{"embeddable":true,"href":"https:\/\/www.brikaelektrik.al\/al\/wp-json\/wp\/v2\/comments?post=3957"}],"wp:featuredmedia":[{"embeddable":true,"href":"https:\/\/www.brikaelektrik.al\/al\/wp-json\/wp\/v2\/media\/3958"}],"wp:attachment":[{"href":"https:\/\/www.brikaelektrik.al\/al\/wp-json\/wp\/v2\/media?parent=3957"}],"wp:term":[{"taxonomy":"product_brand","embeddable":true,"href":"https:\/\/www.brikaelektrik.al\/al\/wp-json\/wp\/v2\/product_brand?post=3957"},{"taxonomy":"product_cat","embeddable":true,"href":"https:\/\/www.brikaelektrik.al\/al\/wp-json\/wp\/v2\/product_cat?post=3957"},{"taxonomy":"product_tag","embeddable":true,"href":"https:\/\/www.brikaelektrik.al\/al\/wp-json\/wp\/v2\/product_tag?post=3957"}],"curies":[{"name":"wp","href":"https:\/\/api.w.org\/{rel}","templated":true}]}}