{"id":3959,"date":"2025-09-01T10:48:25","date_gmt":"2025-09-01T10:48:25","guid":{"rendered":"https:\/\/www.brikaelektrik.al\/?post_type=product&#038;p=3959"},"modified":"2025-09-01T10:48:25","modified_gmt":"2025-09-01T10:48:25","slug":"automat-magneto-termik-1pn-6a","status":"publish","type":"product","link":"https:\/\/www.brikaelektrik.al\/al\/produkt\/automat-magneto-termik-1pn-6a\/","title":{"rendered":"AUTOMAT MAGNETO-TERMIK 1P+N 6A"},"content":{"rendered":"<p><strong data-start=\"143\" data-end=\"153\">Seria:<\/strong> Acti9 iC40N<br data-start=\"165\" data-end=\"168\" \/><strong data-start=\"168\" data-end=\"178\">Lloji:<\/strong> \u00c7el\u00ebs miniatur\u00eb (MCB), 1-pol\u00ebsh + Neutral (1P+N), kurb\u00eb\u202fC<br data-start=\"236\" data-end=\"239\" \/><strong data-start=\"239\" data-end=\"263\">Rryma nominale (In):<\/strong> 6\u202fA<br data-start=\"267\" data-end=\"270\" \/><strong data-start=\"270\" data-end=\"296\" data-is-only-node=\"\">Tension operativ (Ue):<\/strong> 230\u202fV AC 50\/60\u202fHz<br data-start=\"314\" data-end=\"317\" \/><strong data-start=\"317\" data-end=\"331\">Frekuenca:<\/strong> 50\/60\u202fHz<br data-start=\"340\" data-end=\"343\" \/><strong data-start=\"343\" data-end=\"383\">Kapaciteti i shk\u00ebputjes s\u00eb shkurt\u00ebr:<\/strong> 6000\u202fA (IEC\/EN\u202f60898\u20111); 10\u202fkA (IEC\/EN\u202f60947\u20112)<br data-start=\"431\" data-end=\"434\" \/><strong data-start=\"434\" data-end=\"448\">Standarde:<\/strong> IEC\/EN\u202f60898\u20111, IEC\/EN\u202f60947\u20112<br data-start=\"479\" data-end=\"482\" \/><strong data-start=\"482\" data-end=\"494\">Montimi:<\/strong> Montim n\u00eb shirit DIN<br data-start=\"515\" data-end=\"518\" \/><strong data-start=\"518\" data-end=\"531\">Gjer\u00ebsia:<\/strong> 2 module (18\u202fmm)<br data-start=\"548\" data-end=\"551\" \/><strong data-start=\"551\" data-end=\"564\">Mbrojtja:<\/strong> IP20 (IP40 me mbules\u00eb)<br data-start=\"587\" data-end=\"590\" \/><strong data-start=\"590\" data-end=\"621\">Temperatura e funksionimit:<\/strong> \u201335\u202f\u00b0C deri +70\u202f\u00b0C<br data-start=\"640\" data-end=\"643\" \/><strong data-start=\"643\" data-end=\"657\">P\u00ebrdorimi:<\/strong> Mbrojtje ndaj mbingarkes\u00ebs dhe qarkut t\u00eb shkurt\u00ebr; p\u00ebrfshin sistemet <strong data-start=\"727\" data-end=\"739\">VisiTrip<\/strong> (identifikim i shpejt\u00eb i defekteve) dhe <strong data-start=\"780\" data-end=\"792\">VisiSafe<\/strong> (siguri gjat\u00eb nd\u00ebrhyrjes)<\/p>","protected":false},"excerpt":{"rendered":"<p>Seria: Acti9 iC40NLloji: \u00c7el\u00ebs miniatur\u00eb (MCB), 1-pol\u00ebsh + Neutral (1P+N), kurb\u00eb\u202fCRryma nominale (In): 6\u202fATension operativ (Ue): 230\u202fV AC 50\/60\u202fHzFrekuenca: 50\/60\u202fHzKapaciteti i shk\u00ebputjes s\u00eb shkurt\u00ebr: 6000\u202fA (IEC\/EN\u202f60898\u20111); 10\u202fkA (IEC\/EN\u202f60947\u20112)Standarde: IEC\/EN\u202f60898\u20111, IEC\/EN\u202f60947\u20112Montimi: Montim n\u00eb shirit DINGjer\u00ebsia: 2 module (18\u202fmm)Mbrojtja: IP20 (IP40 me mbules\u00eb)Temperatura e funksionimit: \u201335\u202f\u00b0C deri +70\u202f\u00b0CP\u00ebrdorimi: Mbrojtje ndaj mbingarkes\u00ebs dhe qarkut t\u00eb shkurt\u00ebr; p\u00ebrfshin sistemet [&hellip;]<\/p>","protected":false},"featured_media":3960,"comment_status":"open","ping_status":"closed","template":"","meta":{"_acf_changed":false},"product_brand":[],"product_cat":[71,41],"product_tag":[],"class_list":{"0":"post-3959","1":"product","2":"type-product","3":"status-publish","4":"has-post-thumbnail","6":"product_cat-automat-magneto-termike","7":"product_cat-pajisje-kontrolli-dhe-mbrojtje","9":"first","10":"instock","11":"shipping-taxable","12":"product-type-simple"},"acf":[],"_links":{"self":[{"href":"https:\/\/www.brikaelektrik.al\/al\/wp-json\/wp\/v2\/product\/3959","targetHints":{"allow":["GET"]}}],"collection":[{"href":"https:\/\/www.brikaelektrik.al\/al\/wp-json\/wp\/v2\/product"}],"about":[{"href":"https:\/\/www.brikaelektrik.al\/al\/wp-json\/wp\/v2\/types\/product"}],"replies":[{"embeddable":true,"href":"https:\/\/www.brikaelektrik.al\/al\/wp-json\/wp\/v2\/comments?post=3959"}],"wp:featuredmedia":[{"embeddable":true,"href":"https:\/\/www.brikaelektrik.al\/al\/wp-json\/wp\/v2\/media\/3960"}],"wp:attachment":[{"href":"https:\/\/www.brikaelektrik.al\/al\/wp-json\/wp\/v2\/media?parent=3959"}],"wp:term":[{"taxonomy":"product_brand","embeddable":true,"href":"https:\/\/www.brikaelektrik.al\/al\/wp-json\/wp\/v2\/product_brand?post=3959"},{"taxonomy":"product_cat","embeddable":true,"href":"https:\/\/www.brikaelektrik.al\/al\/wp-json\/wp\/v2\/product_cat?post=3959"},{"taxonomy":"product_tag","embeddable":true,"href":"https:\/\/www.brikaelektrik.al\/al\/wp-json\/wp\/v2\/product_tag?post=3959"}],"curies":[{"name":"wp","href":"https:\/\/api.w.org\/{rel}","templated":true}]}}