{"id":3965,"date":"2025-09-01T10:55:28","date_gmt":"2025-09-01T10:55:28","guid":{"rendered":"https:\/\/www.brikaelektrik.al\/?post_type=product&#038;p=3965"},"modified":"2025-09-01T10:55:28","modified_gmt":"2025-09-01T10:55:28","slug":"automat-magneto-termik-1pn-20a","status":"publish","type":"product","link":"https:\/\/www.brikaelektrik.al\/al\/produkt\/automat-magneto-termik-1pn-20a\/","title":{"rendered":"AUTOMAT MAGNETO-TERMIK 1P+N 20A"},"content":{"rendered":"<p><strong data-start=\"143\" data-end=\"153\">Seria:<\/strong> Acti9 iC40N<br data-start=\"165\" data-end=\"168\" \/><strong data-start=\"168\" data-end=\"178\">Lloji:<\/strong> \u00c7el\u00ebs miniatur\u00eb (MCB), 1-pol\u00ebsh + Neutral (1P+N), kurb\u00eb\u202fC<br data-start=\"236\" data-end=\"239\" \/><strong data-start=\"239\" data-end=\"263\">Rryma nominale (In):<\/strong> 20\u202fA<br data-start=\"268\" data-end=\"271\" \/><strong data-start=\"271\" data-end=\"297\" data-is-only-node=\"\">Tension operativ (Ue):<\/strong> 230\u202fV AC 50\/60\u202fHz<br data-start=\"315\" data-end=\"318\" \/><strong data-start=\"318\" data-end=\"332\">Frekuenca:<\/strong> 50\/60\u202fHz<br data-start=\"341\" data-end=\"344\" \/><strong data-start=\"344\" data-end=\"384\">Kapaciteti i shk\u00ebputjes s\u00eb shkurt\u00ebr:<\/strong> 6000\u202fA (IEC\/EN\u202f60898\u20111); 10\u202fkA (IEC\/EN\u202f60947\u20112)<br data-start=\"432\" data-end=\"435\" \/><strong data-start=\"435\" data-end=\"449\">Standarde:<\/strong> IEC\/EN\u202f60898\u20111, IEC\/EN\u202f60947\u20112<br data-start=\"480\" data-end=\"483\" \/><strong data-start=\"483\" data-end=\"495\">Montimi:<\/strong> Montim n\u00eb shirit DIN<br data-start=\"516\" data-end=\"519\" \/><strong data-start=\"519\" data-end=\"532\">Gjer\u00ebsia:<\/strong> 2 module (18\u202fmm)<br data-start=\"549\" data-end=\"552\" \/><strong data-start=\"552\" data-end=\"565\">Mbrojtja:<\/strong> IP20 (IP40 me mbules\u00eb)<br data-start=\"588\" data-end=\"591\" \/><strong data-start=\"591\" data-end=\"622\">Temperatura e funksionimit:<\/strong> \u201335\u202f\u00b0C deri +70\u202f\u00b0C<br data-start=\"641\" data-end=\"644\" \/><strong data-start=\"644\" data-end=\"658\">P\u00ebrdorimi:<\/strong> Mbrojtje ndaj mbingarkes\u00ebs dhe qarkut t\u00eb shkurt\u00ebr; p\u00ebrfshin sistemet <strong data-start=\"728\" data-end=\"740\">VisiTrip<\/strong> (identifikim i shpejt\u00eb i defekteve) dhe <strong data-start=\"781\" data-end=\"793\">VisiSafe<\/strong> (siguri gjat\u00eb nd\u00ebrhyrjes)<\/p>","protected":false},"excerpt":{"rendered":"<p>Seria: Acti9 iC40NLloji: \u00c7el\u00ebs miniatur\u00eb (MCB), 1-pol\u00ebsh + Neutral (1P+N), kurb\u00eb\u202fCRryma nominale (In): 20\u202fATension operativ (Ue): 230\u202fV AC 50\/60\u202fHzFrekuenca: 50\/60\u202fHzKapaciteti i shk\u00ebputjes s\u00eb shkurt\u00ebr: 6000\u202fA (IEC\/EN\u202f60898\u20111); 10\u202fkA (IEC\/EN\u202f60947\u20112)Standarde: IEC\/EN\u202f60898\u20111, IEC\/EN\u202f60947\u20112Montimi: Montim n\u00eb shirit DINGjer\u00ebsia: 2 module (18\u202fmm)Mbrojtja: IP20 (IP40 me mbules\u00eb)Temperatura e funksionimit: \u201335\u202f\u00b0C deri +70\u202f\u00b0CP\u00ebrdorimi: Mbrojtje ndaj mbingarkes\u00ebs dhe qarkut t\u00eb shkurt\u00ebr; p\u00ebrfshin sistemet [&hellip;]<\/p>","protected":false},"featured_media":3966,"comment_status":"open","ping_status":"closed","template":"","meta":{"_acf_changed":false},"product_brand":[],"product_cat":[71,41],"product_tag":[],"class_list":{"0":"post-3965","1":"product","2":"type-product","3":"status-publish","4":"has-post-thumbnail","6":"product_cat-automat-magneto-termike","7":"product_cat-pajisje-kontrolli-dhe-mbrojtje","9":"first","10":"instock","11":"shipping-taxable","12":"product-type-simple"},"acf":[],"_links":{"self":[{"href":"https:\/\/www.brikaelektrik.al\/al\/wp-json\/wp\/v2\/product\/3965","targetHints":{"allow":["GET"]}}],"collection":[{"href":"https:\/\/www.brikaelektrik.al\/al\/wp-json\/wp\/v2\/product"}],"about":[{"href":"https:\/\/www.brikaelektrik.al\/al\/wp-json\/wp\/v2\/types\/product"}],"replies":[{"embeddable":true,"href":"https:\/\/www.brikaelektrik.al\/al\/wp-json\/wp\/v2\/comments?post=3965"}],"wp:featuredmedia":[{"embeddable":true,"href":"https:\/\/www.brikaelektrik.al\/al\/wp-json\/wp\/v2\/media\/3966"}],"wp:attachment":[{"href":"https:\/\/www.brikaelektrik.al\/al\/wp-json\/wp\/v2\/media?parent=3965"}],"wp:term":[{"taxonomy":"product_brand","embeddable":true,"href":"https:\/\/www.brikaelektrik.al\/al\/wp-json\/wp\/v2\/product_brand?post=3965"},{"taxonomy":"product_cat","embeddable":true,"href":"https:\/\/www.brikaelektrik.al\/al\/wp-json\/wp\/v2\/product_cat?post=3965"},{"taxonomy":"product_tag","embeddable":true,"href":"https:\/\/www.brikaelektrik.al\/al\/wp-json\/wp\/v2\/product_tag?post=3965"}],"curies":[{"name":"wp","href":"https:\/\/api.w.org\/{rel}","templated":true}]}}