{"id":3967,"date":"2025-09-01T10:57:54","date_gmt":"2025-09-01T10:57:54","guid":{"rendered":"https:\/\/www.brikaelektrik.al\/?post_type=product&#038;p=3967"},"modified":"2025-09-01T10:57:54","modified_gmt":"2025-09-01T10:57:54","slug":"automat-magneto-termik-1pn-25a","status":"publish","type":"product","link":"https:\/\/www.brikaelektrik.al\/al\/produkt\/automat-magneto-termik-1pn-25a\/","title":{"rendered":"AUTOMAT MAGNETO-TERMIK 1P+N 25A"},"content":{"rendered":"<p><strong data-start=\"183\" data-end=\"193\">Seria:<\/strong> Acti9 iC40N<br data-start=\"205\" data-end=\"208\" \/><strong data-start=\"208\" data-end=\"218\">Lloji:<\/strong> \u00c7el\u00ebs miniatur\u00eb (MCB), 1-pol\u00ebsh + Neutral (1P+N), kurb\u00eb\u202fC<br data-start=\"276\" data-end=\"279\" \/><strong data-start=\"279\" data-end=\"303\">Rryma nominale (In):<\/strong> 25\u202fA<br data-start=\"308\" data-end=\"311\" \/><strong data-start=\"311\" data-end=\"337\">Tension operativ (Ue):<\/strong> 230\u202fV AC 50\/60\u202fHz<br data-start=\"355\" data-end=\"358\" data-is-only-node=\"\" \/><strong data-start=\"358\" data-end=\"372\">Frekuenca:<\/strong> 50\/60\u202fHz<br data-start=\"381\" data-end=\"384\" \/><strong data-start=\"384\" data-end=\"424\">Kapaciteti i shk\u00ebputjes s\u00eb shkurt\u00ebr:<\/strong> 6000\u202fA (IEC\/EN\u202f60898\u20111); 10\u202fkA (IEC\/EN\u202f60947\u20112)<br data-start=\"472\" data-end=\"475\" \/><strong data-start=\"475\" data-end=\"489\">Standarde:<\/strong> IEC\/EN\u202f60898\u20111, IEC\/EN\u202f60947\u20112<br data-start=\"520\" data-end=\"523\" \/><strong data-start=\"523\" data-end=\"535\">Montimi:<\/strong> Montim n\u00eb shirit DIN<br data-start=\"556\" data-end=\"559\" \/><strong data-start=\"559\" data-end=\"572\">Gjer\u00ebsia:<\/strong> 2 module (18\u202fmm)<br data-start=\"589\" data-end=\"592\" \/><strong data-start=\"592\" data-end=\"605\">Mbrojtja:<\/strong> IP20 (IP40 me mbules\u00eb)<br data-start=\"628\" data-end=\"631\" \/><strong data-start=\"631\" data-end=\"662\">Temperatura e funksionimit:<\/strong> \u201335\u202f\u00b0C deri +70\u202f\u00b0C<br data-start=\"681\" data-end=\"684\" \/><strong data-start=\"684\" data-end=\"698\">P\u00ebrdorimi:<\/strong> Mbrojtje ndaj mbingarkes\u00ebs dhe qarkut t\u00eb shkurt\u00ebr; p\u00ebrfshin sistemet <strong data-start=\"768\" data-end=\"780\">VisiTrip<\/strong> (identifikim i shpejt\u00eb i defekteve) dhe <strong data-start=\"821\" data-end=\"833\">VisiSafe<\/strong> (siguri gjat\u00eb nd\u00ebrhyrjes)<\/p>","protected":false},"excerpt":{"rendered":"<p>Seria: Acti9 iC40NLloji: \u00c7el\u00ebs miniatur\u00eb (MCB), 1-pol\u00ebsh + Neutral (1P+N), kurb\u00eb\u202fCRryma nominale (In): 25\u202fATension operativ (Ue): 230\u202fV AC 50\/60\u202fHzFrekuenca: 50\/60\u202fHzKapaciteti i shk\u00ebputjes s\u00eb shkurt\u00ebr: 6000\u202fA (IEC\/EN\u202f60898\u20111); 10\u202fkA (IEC\/EN\u202f60947\u20112)Standarde: IEC\/EN\u202f60898\u20111, IEC\/EN\u202f60947\u20112Montimi: Montim n\u00eb shirit DINGjer\u00ebsia: 2 module (18\u202fmm)Mbrojtja: IP20 (IP40 me mbules\u00eb)Temperatura e funksionimit: \u201335\u202f\u00b0C deri +70\u202f\u00b0CP\u00ebrdorimi: Mbrojtje ndaj mbingarkes\u00ebs dhe qarkut t\u00eb shkurt\u00ebr; p\u00ebrfshin sistemet [&hellip;]<\/p>","protected":false},"featured_media":3968,"comment_status":"open","ping_status":"closed","template":"","meta":{"_acf_changed":false},"product_brand":[],"product_cat":[71,41],"product_tag":[],"class_list":{"0":"post-3967","1":"product","2":"type-product","3":"status-publish","4":"has-post-thumbnail","6":"product_cat-automat-magneto-termike","7":"product_cat-pajisje-kontrolli-dhe-mbrojtje","9":"first","10":"instock","11":"shipping-taxable","12":"product-type-simple"},"acf":[],"_links":{"self":[{"href":"https:\/\/www.brikaelektrik.al\/al\/wp-json\/wp\/v2\/product\/3967","targetHints":{"allow":["GET"]}}],"collection":[{"href":"https:\/\/www.brikaelektrik.al\/al\/wp-json\/wp\/v2\/product"}],"about":[{"href":"https:\/\/www.brikaelektrik.al\/al\/wp-json\/wp\/v2\/types\/product"}],"replies":[{"embeddable":true,"href":"https:\/\/www.brikaelektrik.al\/al\/wp-json\/wp\/v2\/comments?post=3967"}],"wp:featuredmedia":[{"embeddable":true,"href":"https:\/\/www.brikaelektrik.al\/al\/wp-json\/wp\/v2\/media\/3968"}],"wp:attachment":[{"href":"https:\/\/www.brikaelektrik.al\/al\/wp-json\/wp\/v2\/media?parent=3967"}],"wp:term":[{"taxonomy":"product_brand","embeddable":true,"href":"https:\/\/www.brikaelektrik.al\/al\/wp-json\/wp\/v2\/product_brand?post=3967"},{"taxonomy":"product_cat","embeddable":true,"href":"https:\/\/www.brikaelektrik.al\/al\/wp-json\/wp\/v2\/product_cat?post=3967"},{"taxonomy":"product_tag","embeddable":true,"href":"https:\/\/www.brikaelektrik.al\/al\/wp-json\/wp\/v2\/product_tag?post=3967"}],"curies":[{"name":"wp","href":"https:\/\/api.w.org\/{rel}","templated":true}]}}