{"id":3971,"date":"2025-09-01T11:13:08","date_gmt":"2025-09-01T11:13:08","guid":{"rendered":"https:\/\/www.brikaelektrik.al\/?post_type=product&#038;p=3971"},"modified":"2025-09-01T11:13:08","modified_gmt":"2025-09-01T11:13:08","slug":"automat-3p-50a-per-rryma-induktive","status":"publish","type":"product","link":"https:\/\/www.brikaelektrik.al\/al\/produkt\/automat-3p-50a-per-rryma-induktive\/","title":{"rendered":"AUTOMAT 3P 50A (P\u00cbR RRYMA INDUKTIVE)"},"content":{"rendered":"<p><strong data-start=\"143\" data-end=\"153\">Seria:<\/strong> Acti9 iC60N<br data-start=\"165\" data-end=\"168\" \/><strong data-start=\"168\" data-end=\"178\">Lloji:<\/strong> \u00c7el\u00ebs miniatur\u00eb (MCB), 3-pol\u00ebsh (3P), kurb\u00eb\u202fC<br data-start=\"224\" data-end=\"227\" \/><strong data-start=\"227\" data-end=\"251\">Rryma nominale (In):<\/strong> 50\u202fA<br data-start=\"256\" data-end=\"259\" \/><strong data-start=\"259\" data-end=\"285\" data-is-only-node=\"\">Tension operativ (Ue):<\/strong> 440\u202fV AC 50\/60\u202fHz<br data-start=\"303\" data-end=\"306\" \/><strong data-start=\"306\" data-end=\"320\">Frekuenca:<\/strong> 50\/60\u202fHz<br data-start=\"329\" data-end=\"332\" \/><strong data-start=\"332\" data-end=\"372\">Kapaciteti i shk\u00ebputjes s\u00eb shkurt\u00ebr:<\/strong> 6000\u202fA (IEC\/EN\u202f60898\u20111); 10\u202fkA (IEC\/EN\u202f60947\u20112)<br data-start=\"420\" data-end=\"423\" \/><strong data-start=\"423\" data-end=\"437\">Standarde:<\/strong> IEC\/EN\u202f60898\u20111, IEC\/EN\u202f60947\u20112<br data-start=\"468\" data-end=\"471\" \/><strong data-start=\"471\" data-end=\"483\">Montimi:<\/strong> Montim n\u00eb shirit DIN<br data-start=\"504\" data-end=\"507\" \/><strong data-start=\"507\" data-end=\"520\">Gjer\u00ebsia:<\/strong> 6 module (54\u202fmm)<br data-start=\"537\" data-end=\"540\" \/><strong data-start=\"540\" data-end=\"553\">Mbrojtja:<\/strong> IP20 (IP40 me mbules\u00eb)<br data-start=\"576\" data-end=\"579\" \/><strong data-start=\"579\" data-end=\"610\">Temperatura e funksionimit:<\/strong> \u201335\u202f\u00b0C deri +70\u202f\u00b0C<br data-start=\"629\" data-end=\"632\" \/><strong data-start=\"632\" data-end=\"646\">P\u00ebrdorimi:<\/strong> Mbrojtje ndaj mbingarkes\u00ebs dhe qarkut t\u00eb shkurt\u00ebr; p\u00ebrfshin sistemet <strong data-start=\"716\" data-end=\"728\">VisiTrip<\/strong> (identifikim i shpejt\u00eb i defekteve) dhe <strong data-start=\"769\" data-end=\"781\">VisiSafe<\/strong> (siguri gjat\u00eb nd\u00ebrhyrjes)<\/p>","protected":false},"excerpt":{"rendered":"<p>Seria: Acti9 iC60NLloji: \u00c7el\u00ebs miniatur\u00eb (MCB), 3-pol\u00ebsh (3P), kurb\u00eb\u202fCRryma nominale (In): 50\u202fATension operativ (Ue): 440\u202fV AC 50\/60\u202fHzFrekuenca: 50\/60\u202fHzKapaciteti i shk\u00ebputjes s\u00eb shkurt\u00ebr: 6000\u202fA (IEC\/EN\u202f60898\u20111); 10\u202fkA (IEC\/EN\u202f60947\u20112)Standarde: IEC\/EN\u202f60898\u20111, IEC\/EN\u202f60947\u20112Montimi: Montim n\u00eb shirit DINGjer\u00ebsia: 6 module (54\u202fmm)Mbrojtja: IP20 (IP40 me mbules\u00eb)Temperatura e funksionimit: \u201335\u202f\u00b0C deri +70\u202f\u00b0CP\u00ebrdorimi: Mbrojtje ndaj mbingarkes\u00ebs dhe qarkut t\u00eb shkurt\u00ebr; p\u00ebrfshin sistemet VisiTrip (identifikim [&hellip;]<\/p>","protected":false},"featured_media":3972,"comment_status":"open","ping_status":"closed","template":"","meta":{"_acf_changed":false},"product_brand":[],"product_cat":[71,41],"product_tag":[],"class_list":{"0":"post-3971","1":"product","2":"type-product","3":"status-publish","4":"has-post-thumbnail","6":"product_cat-automat-magneto-termike","7":"product_cat-pajisje-kontrolli-dhe-mbrojtje","9":"first","10":"instock","11":"shipping-taxable","12":"product-type-simple"},"acf":[],"_links":{"self":[{"href":"https:\/\/www.brikaelektrik.al\/al\/wp-json\/wp\/v2\/product\/3971","targetHints":{"allow":["GET"]}}],"collection":[{"href":"https:\/\/www.brikaelektrik.al\/al\/wp-json\/wp\/v2\/product"}],"about":[{"href":"https:\/\/www.brikaelektrik.al\/al\/wp-json\/wp\/v2\/types\/product"}],"replies":[{"embeddable":true,"href":"https:\/\/www.brikaelektrik.al\/al\/wp-json\/wp\/v2\/comments?post=3971"}],"wp:featuredmedia":[{"embeddable":true,"href":"https:\/\/www.brikaelektrik.al\/al\/wp-json\/wp\/v2\/media\/3972"}],"wp:attachment":[{"href":"https:\/\/www.brikaelektrik.al\/al\/wp-json\/wp\/v2\/media?parent=3971"}],"wp:term":[{"taxonomy":"product_brand","embeddable":true,"href":"https:\/\/www.brikaelektrik.al\/al\/wp-json\/wp\/v2\/product_brand?post=3971"},{"taxonomy":"product_cat","embeddable":true,"href":"https:\/\/www.brikaelektrik.al\/al\/wp-json\/wp\/v2\/product_cat?post=3971"},{"taxonomy":"product_tag","embeddable":true,"href":"https:\/\/www.brikaelektrik.al\/al\/wp-json\/wp\/v2\/product_tag?post=3971"}],"curies":[{"name":"wp","href":"https:\/\/api.w.org\/{rel}","templated":true}]}}