{"id":3976,"date":"2025-09-01T11:28:40","date_gmt":"2025-09-01T11:28:40","guid":{"rendered":"https:\/\/www.brikaelektrik.al\/?post_type=product&#038;p=3976"},"modified":"2025-09-01T11:28:40","modified_gmt":"2025-09-01T11:28:40","slug":"circuit-breaker-compact-nsx250b-25ka-415vac-4-poles-4d-neutral-fullz-protected-tmd-trip-unit-250a","status":"publish","type":"product","link":"https:\/\/www.brikaelektrik.al\/al\/produkt\/circuit-breaker-compact-nsx250b-25ka-415vac-4-poles-4d-neutral-fullz-protected-tmd-trip-unit-250a\/","title":{"rendered":"CIRCUIT BREAKER COMPACT NSX250B 25kA\/415VAC 4 POLES 4D (NEUTRAL FULLZ PROTECTED) TMD TRIP UNIT 250A"},"content":{"rendered":"<p><strong data-start=\"112\" data-end=\"122\">Seria:<\/strong> ComPacT NSX250B<br data-start=\"138\" data-end=\"141\" \/><strong data-start=\"141\" data-end=\"151\">Lloji:<\/strong> \u00c7el\u00ebs i mbyllur i formuar (MCCB), 4-pol\u00ebsh (4P), montim i fiksuar<br data-start=\"217\" data-end=\"220\" \/><strong data-start=\"220\" data-end=\"244\">Rryma nominale (In):<\/strong> 250\u202fA<br data-start=\"250\" data-end=\"253\" \/><strong data-start=\"253\" data-end=\"279\" data-is-only-node=\"\">Tension operativ (Ue):<\/strong> 415\u202fV AC 50\/60\u202fHz<br data-start=\"297\" data-end=\"300\" \/><strong data-start=\"300\" data-end=\"314\">Frekuenca:<\/strong> 50\/60\u202fHz<br data-start=\"323\" data-end=\"326\" \/><strong data-start=\"326\" data-end=\"372\">Kapaciteti i shk\u00ebputjes s\u00eb shkurt\u00ebr (Icu):<\/strong> 25\u202fkA @ 415\u202fV AC<br data-start=\"389\" data-end=\"392\" \/><strong data-start=\"392\" data-end=\"438\">Kapaciteti i shk\u00ebputjes s\u00eb shkurt\u00ebr (Ics):<\/strong> 100% i Icu<br data-start=\"449\" data-end=\"452\" \/><strong data-start=\"452\" data-end=\"481\">Tensioni i izolimit (Ui):<\/strong> 800\u202fV AC<br data-start=\"490\" data-end=\"493\" \/><strong data-start=\"493\" data-end=\"545\">Tensioni i q\u00ebndrueshm\u00ebris\u00eb ndaj impulsit (Uimp):<\/strong> 8\u202fkV<br data-start=\"550\" data-end=\"553\" \/><strong data-start=\"553\" data-end=\"565\">Montimi:<\/strong> Montim i fiksuar n\u00eb shirit DIN<br data-start=\"596\" data-end=\"599\" \/><strong data-start=\"599\" data-end=\"612\">Gjer\u00ebsia:<\/strong> 140\u202fmm<br data-start=\"619\" data-end=\"622\" \/><strong data-start=\"622\" data-end=\"635\">Lart\u00ebsia:<\/strong> 161\u202fmm<br data-start=\"642\" data-end=\"645\" \/><strong data-start=\"645\" data-end=\"659\">Thell\u00ebsia:<\/strong> 86\u202fmm<br data-start=\"665\" data-end=\"668\" \/><strong data-start=\"668\" data-end=\"683\">Pesha neto:<\/strong> 2.8\u202fkg<br data-start=\"690\" data-end=\"693\" \/><strong data-start=\"693\" data-end=\"706\">Mbrojtja:<\/strong> IP40 (pa mbules\u00eb); IP54 me mbules\u00eb t\u00eb disponueshme si aksesor<br data-start=\"768\" data-end=\"771\" \/><strong data-start=\"771\" data-end=\"802\">Temperatura e funksionimit:<\/strong> \u201325\u202f\u00b0C deri +70\u202f\u00b0C<\/p>","protected":false},"excerpt":{"rendered":"<p>Seria: ComPacT NSX250BLloji: \u00c7el\u00ebs i mbyllur i formuar (MCCB), 4-pol\u00ebsh (4P), montim i fiksuarRryma nominale (In): 250\u202fATension operativ (Ue): 415\u202fV AC 50\/60\u202fHzFrekuenca: 50\/60\u202fHzKapaciteti i shk\u00ebputjes s\u00eb shkurt\u00ebr (Icu): 25\u202fkA @ 415\u202fV ACKapaciteti i shk\u00ebputjes s\u00eb shkurt\u00ebr (Ics): 100% i IcuTensioni i izolimit (Ui): 800\u202fV ACTensioni i q\u00ebndrueshm\u00ebris\u00eb ndaj impulsit (Uimp): 8\u202fkVMontimi: Montim i fiksuar n\u00eb [&hellip;]<\/p>","protected":false},"featured_media":3977,"comment_status":"open","ping_status":"closed","template":"","meta":{"_acf_changed":false},"product_brand":[],"product_cat":[71,41],"product_tag":[],"class_list":{"0":"post-3976","1":"product","2":"type-product","3":"status-publish","4":"has-post-thumbnail","6":"product_cat-automat-magneto-termike","7":"product_cat-pajisje-kontrolli-dhe-mbrojtje","9":"first","10":"instock","11":"shipping-taxable","12":"product-type-simple"},"acf":[],"_links":{"self":[{"href":"https:\/\/www.brikaelektrik.al\/al\/wp-json\/wp\/v2\/product\/3976","targetHints":{"allow":["GET"]}}],"collection":[{"href":"https:\/\/www.brikaelektrik.al\/al\/wp-json\/wp\/v2\/product"}],"about":[{"href":"https:\/\/www.brikaelektrik.al\/al\/wp-json\/wp\/v2\/types\/product"}],"replies":[{"embeddable":true,"href":"https:\/\/www.brikaelektrik.al\/al\/wp-json\/wp\/v2\/comments?post=3976"}],"wp:featuredmedia":[{"embeddable":true,"href":"https:\/\/www.brikaelektrik.al\/al\/wp-json\/wp\/v2\/media\/3977"}],"wp:attachment":[{"href":"https:\/\/www.brikaelektrik.al\/al\/wp-json\/wp\/v2\/media?parent=3976"}],"wp:term":[{"taxonomy":"product_brand","embeddable":true,"href":"https:\/\/www.brikaelektrik.al\/al\/wp-json\/wp\/v2\/product_brand?post=3976"},{"taxonomy":"product_cat","embeddable":true,"href":"https:\/\/www.brikaelektrik.al\/al\/wp-json\/wp\/v2\/product_cat?post=3976"},{"taxonomy":"product_tag","embeddable":true,"href":"https:\/\/www.brikaelektrik.al\/al\/wp-json\/wp\/v2\/product_tag?post=3976"}],"curies":[{"name":"wp","href":"https:\/\/api.w.org\/{rel}","templated":true}]}}