{"id":3979,"date":"2025-09-01T11:30:40","date_gmt":"2025-09-01T11:30:40","guid":{"rendered":"https:\/\/www.brikaelektrik.al\/?post_type=product&#038;p=3979"},"modified":"2025-09-01T12:43:22","modified_gmt":"2025-09-01T12:43:22","slug":"llampe-sinjali-led-e-kuqe","status":"publish","type":"product","link":"https:\/\/www.brikaelektrik.al\/al\/produkt\/llampe-sinjali-led-e-kuqe\/","title":{"rendered":"LLAMP\u00cb SINJALI LED E KUQE"},"content":{"rendered":"<p data-start=\"190\" data-end=\"806\"><strong data-start=\"190\" data-end=\"200\">Seria:<\/strong> Acti9 iIL<br data-start=\"210\" data-end=\"213\" \/><strong data-start=\"213\" data-end=\"223\">Lloji:<\/strong> Drit\u00eb treguese e vetme (indikator) \u2013 e kuqe<br data-start=\"267\" data-end=\"270\" \/><strong data-start=\"270\" data-end=\"296\">Tension operativ (Ue):<\/strong> 110\u2013230\u202fV AC (50\/60\u202fHz) ose 110\u2013130\u202fV DC<br data-start=\"337\" data-end=\"340\" \/><strong data-start=\"340\" data-end=\"362\">Fuqia e konsumuar:<\/strong> 0.3\u202fW<br data-start=\"368\" data-end=\"371\" data-is-only-node=\"\" \/><strong data-start=\"371\" data-end=\"393\">Frekuenca operimi:<\/strong> 50\/60\u202fHz<br data-start=\"402\" data-end=\"405\" \/><strong data-start=\"405\" data-end=\"431\">Jet\u00ebgjat\u00ebsia e LED-it:<\/strong> 100,000 or\u00eb<br data-start=\"443\" data-end=\"446\" \/><strong data-start=\"446\" data-end=\"477\">Temperatura e funksionimit:<\/strong> \u201335\u202f\u00b0C deri +70\u202f\u00b0C<br data-start=\"496\" data-end=\"499\" \/><strong data-start=\"499\" data-end=\"526\">Temperatura e ruajtjes:<\/strong> \u201340\u202f\u00b0C deri +80\u202f\u00b0C<br data-start=\"545\" data-end=\"548\" \/><strong data-start=\"548\" data-end=\"561\">Mbrojtja:<\/strong> IP20<br data-start=\"566\" data-end=\"569\" \/><strong data-start=\"569\" data-end=\"582\">Gjer\u00ebsia:<\/strong> 2 module (18\u202fmm)<br data-start=\"599\" data-end=\"602\" \/><strong data-start=\"602\" data-end=\"615\">Lart\u00ebsia:<\/strong> 82\u202fmm<br data-start=\"621\" data-end=\"624\" \/><strong data-start=\"624\" data-end=\"638\">Thell\u00ebsia:<\/strong> 68\u202fmm<br data-start=\"644\" data-end=\"647\" \/><strong data-start=\"647\" data-end=\"657\">Pesha:<\/strong> 65\u202fg<br data-start=\"662\" data-end=\"665\" \/><strong data-start=\"665\" data-end=\"677\">Montimi:<\/strong> Montim i fiksuar n\u00eb shirit DIN simetrik<br data-start=\"717\" data-end=\"720\" \/><strong data-start=\"720\" data-end=\"735\">Terminalet:<\/strong> Terminale t\u00eb shkall\u00ebzuara p\u00ebr lidhje t\u00eb leht\u00eb<\/p>","protected":false},"excerpt":{"rendered":"<p>Seria: Acti9 iILLloji: Drit\u00eb treguese e vetme (indikator) \u2013 e kuqeTension operativ (Ue): 110\u2013230\u202fV AC (50\/60\u202fHz) ose 110\u2013130\u202fV DCFuqia e konsumuar: 0.3\u202fWFrekuenca operimi: 50\/60\u202fHzJet\u00ebgjat\u00ebsia e LED-it: 100,000 or\u00ebTemperatura e funksionimit: \u201335\u202f\u00b0C deri +70\u202f\u00b0CTemperatura e ruajtjes: \u201340\u202f\u00b0C deri +80\u202f\u00b0CMbrojtja: IP20Gjer\u00ebsia: 2 module (18\u202fmm)Lart\u00ebsia: 82\u202fmmThell\u00ebsia: 68\u202fmmPesha: 65\u202fgMontimi: Montim i fiksuar n\u00eb shirit DIN simetrikTerminalet: Terminale t\u00eb shkall\u00ebzuara [&hellip;]<\/p>","protected":false},"featured_media":3980,"comment_status":"open","ping_status":"closed","template":"","meta":{"_acf_changed":false},"product_brand":[],"product_cat":[70,41],"product_tag":[],"class_list":{"0":"post-3979","1":"product","2":"type-product","3":"status-publish","4":"has-post-thumbnail","6":"product_cat-llampa-sinjalizimi","7":"product_cat-pajisje-kontrolli-dhe-mbrojtje","9":"first","10":"instock","11":"shipping-taxable","12":"product-type-simple"},"acf":[],"_links":{"self":[{"href":"https:\/\/www.brikaelektrik.al\/al\/wp-json\/wp\/v2\/product\/3979","targetHints":{"allow":["GET"]}}],"collection":[{"href":"https:\/\/www.brikaelektrik.al\/al\/wp-json\/wp\/v2\/product"}],"about":[{"href":"https:\/\/www.brikaelektrik.al\/al\/wp-json\/wp\/v2\/types\/product"}],"replies":[{"embeddable":true,"href":"https:\/\/www.brikaelektrik.al\/al\/wp-json\/wp\/v2\/comments?post=3979"}],"wp:featuredmedia":[{"embeddable":true,"href":"https:\/\/www.brikaelektrik.al\/al\/wp-json\/wp\/v2\/media\/3980"}],"wp:attachment":[{"href":"https:\/\/www.brikaelektrik.al\/al\/wp-json\/wp\/v2\/media?parent=3979"}],"wp:term":[{"taxonomy":"product_brand","embeddable":true,"href":"https:\/\/www.brikaelektrik.al\/al\/wp-json\/wp\/v2\/product_brand?post=3979"},{"taxonomy":"product_cat","embeddable":true,"href":"https:\/\/www.brikaelektrik.al\/al\/wp-json\/wp\/v2\/product_cat?post=3979"},{"taxonomy":"product_tag","embeddable":true,"href":"https:\/\/www.brikaelektrik.al\/al\/wp-json\/wp\/v2\/product_tag?post=3979"}],"curies":[{"name":"wp","href":"https:\/\/api.w.org\/{rel}","templated":true}]}}