{"id":3981,"date":"2025-09-01T11:34:17","date_gmt":"2025-09-01T11:34:17","guid":{"rendered":"https:\/\/www.brikaelektrik.al\/?post_type=product&#038;p=3981"},"modified":"2025-09-01T11:34:17","modified_gmt":"2025-09-01T11:34:17","slug":"llampe-sinjali-led-jeshile","status":"publish","type":"product","link":"https:\/\/www.brikaelektrik.al\/al\/produkt\/llampe-sinjali-led-jeshile\/","title":{"rendered":"LLAMP\u00cb SINJALI LED JESHILE"},"content":{"rendered":"<p><strong data-start=\"150\" data-end=\"160\">Seria:<\/strong> Acti9 iIL<br data-start=\"170\" data-end=\"173\" \/><strong data-start=\"173\" data-end=\"183\">Lloji:<\/strong> Drit\u00eb treguese e vetme (indikator) \u2013 e gjelb\u00ebr<br data-start=\"230\" data-end=\"233\" \/><strong data-start=\"233\" data-end=\"259\">Tension operativ (Ue):<\/strong> 110\u2013230\u202fV AC (50\/60\u202fHz) ose 110\u2013130\u202fV DC<br data-start=\"300\" data-end=\"303\" \/><strong data-start=\"303\" data-end=\"325\">Fuqia e konsumuar:<\/strong> 0.3\u202fW<br data-start=\"331\" data-end=\"334\" data-is-only-node=\"\" \/><strong data-start=\"334\" data-end=\"356\">Frekuenca operimi:<\/strong> 50\/60\u202fHz<br data-start=\"365\" data-end=\"368\" \/><strong data-start=\"368\" data-end=\"394\">Jet\u00ebgjat\u00ebsia e LED-it:<\/strong> 100,000 or\u00eb<br data-start=\"406\" data-end=\"409\" \/><strong data-start=\"409\" data-end=\"440\">Temperatura e funksionimit:<\/strong> \u201335\u202f\u00b0C deri +70\u202f\u00b0C<br data-start=\"459\" data-end=\"462\" \/><strong data-start=\"462\" data-end=\"489\">Temperatura e ruajtjes:<\/strong> \u201340\u202f\u00b0C deri +80\u202f\u00b0C<br data-start=\"508\" data-end=\"511\" \/><strong data-start=\"511\" data-end=\"524\">Mbrojtja:<\/strong> IP20<br data-start=\"529\" data-end=\"532\" \/><strong data-start=\"532\" data-end=\"545\">Gjer\u00ebsia:<\/strong> 2 module (18\u202fmm)<br data-start=\"562\" data-end=\"565\" \/><strong data-start=\"565\" data-end=\"578\">Lart\u00ebsia:<\/strong> 82\u202fmm<br data-start=\"584\" data-end=\"587\" \/><strong data-start=\"587\" data-end=\"601\">Thell\u00ebsia:<\/strong> 68\u202fmm<br data-start=\"607\" data-end=\"610\" \/><strong data-start=\"610\" data-end=\"620\">Pesha:<\/strong> 65\u202fg<br data-start=\"625\" data-end=\"628\" \/><strong data-start=\"628\" data-end=\"640\">Montimi:<\/strong> Montim i fiksuar n\u00eb shirit DIN simetrik<br data-start=\"680\" data-end=\"683\" \/><strong data-start=\"683\" data-end=\"698\">Terminalet:<\/strong> Terminale t\u00eb shkall\u00ebzuara p\u00ebr lidhje t\u00eb leht\u00eb<\/p>","protected":false},"excerpt":{"rendered":"<p>Seria: Acti9 iILLloji: Drit\u00eb treguese e vetme (indikator) \u2013 e gjelb\u00ebrTension operativ (Ue): 110\u2013230\u202fV AC (50\/60\u202fHz) ose 110\u2013130\u202fV DCFuqia e konsumuar: 0.3\u202fWFrekuenca operimi: 50\/60\u202fHzJet\u00ebgjat\u00ebsia e LED-it: 100,000 or\u00ebTemperatura e funksionimit: \u201335\u202f\u00b0C deri +70\u202f\u00b0CTemperatura e ruajtjes: \u201340\u202f\u00b0C deri +80\u202f\u00b0CMbrojtja: IP20Gjer\u00ebsia: 2 module (18\u202fmm)Lart\u00ebsia: 82\u202fmmThell\u00ebsia: 68\u202fmmPesha: 65\u202fgMontimi: Montim i fiksuar n\u00eb shirit DIN simetrikTerminalet: Terminale t\u00eb shkall\u00ebzuara [&hellip;]<\/p>","protected":false},"featured_media":3982,"comment_status":"open","ping_status":"closed","template":"","meta":{"_acf_changed":false},"product_brand":[],"product_cat":[71,41],"product_tag":[],"class_list":{"0":"post-3981","1":"product","2":"type-product","3":"status-publish","4":"has-post-thumbnail","6":"product_cat-automat-magneto-termike","7":"product_cat-pajisje-kontrolli-dhe-mbrojtje","9":"first","10":"instock","11":"shipping-taxable","12":"product-type-simple"},"acf":[],"_links":{"self":[{"href":"https:\/\/www.brikaelektrik.al\/al\/wp-json\/wp\/v2\/product\/3981","targetHints":{"allow":["GET"]}}],"collection":[{"href":"https:\/\/www.brikaelektrik.al\/al\/wp-json\/wp\/v2\/product"}],"about":[{"href":"https:\/\/www.brikaelektrik.al\/al\/wp-json\/wp\/v2\/types\/product"}],"replies":[{"embeddable":true,"href":"https:\/\/www.brikaelektrik.al\/al\/wp-json\/wp\/v2\/comments?post=3981"}],"wp:featuredmedia":[{"embeddable":true,"href":"https:\/\/www.brikaelektrik.al\/al\/wp-json\/wp\/v2\/media\/3982"}],"wp:attachment":[{"href":"https:\/\/www.brikaelektrik.al\/al\/wp-json\/wp\/v2\/media?parent=3981"}],"wp:term":[{"taxonomy":"product_brand","embeddable":true,"href":"https:\/\/www.brikaelektrik.al\/al\/wp-json\/wp\/v2\/product_brand?post=3981"},{"taxonomy":"product_cat","embeddable":true,"href":"https:\/\/www.brikaelektrik.al\/al\/wp-json\/wp\/v2\/product_cat?post=3981"},{"taxonomy":"product_tag","embeddable":true,"href":"https:\/\/www.brikaelektrik.al\/al\/wp-json\/wp\/v2\/product_tag?post=3981"}],"curies":[{"name":"wp","href":"https:\/\/api.w.org\/{rel}","templated":true}]}}