{"id":3983,"date":"2025-09-01T11:38:16","date_gmt":"2025-09-01T11:38:16","guid":{"rendered":"https:\/\/www.brikaelektrik.al\/?post_type=product&#038;p=3983"},"modified":"2025-09-01T11:38:16","modified_gmt":"2025-09-01T11:38:16","slug":"llampe-sinjali-3-fazore-e-kuqe","status":"publish","type":"product","link":"https:\/\/www.brikaelektrik.al\/al\/produkt\/llampe-sinjali-3-fazore-e-kuqe\/","title":{"rendered":"LLAMP\u00cb SINJALI 3 FAZORE E KUQE"},"content":{"rendered":"<p>Seria: Acti9 iIL<br data-start=\"104\" data-end=\"107\" \/>Lloji: Drit\u00eb treguese e tensionit t\u00eb trefisht\u00eb \u2013 e kuqe<br data-start=\"162\" data-end=\"165\" data-is-only-node=\"\" \/>Tension operativ (Ue): 230\u2013400 V AC (50\/60 Hz)<br data-start=\"211\" data-end=\"214\" \/>Fuqia e konsumuar: 0.3 W<br data-start=\"238\" data-end=\"241\" \/>Frekuenca operimi: 50\/60 Hz<br data-start=\"268\" data-end=\"271\" \/>Jet\u00ebgjat\u00ebsia e LED-it: 100,000 or\u00eb<br data-start=\"305\" data-end=\"308\" \/>Temperatura e funksionimit: \u201335 \u00b0C deri +70 \u00b0C<br data-start=\"354\" data-end=\"357\" \/>Temperatura e ruajtjes: \u201340 \u00b0C deri +80 \u00b0C<br data-start=\"399\" data-end=\"402\" \/>Mbrojtja: IP20<br data-start=\"416\" data-end=\"419\" \/>Gjer\u00ebsia: 2 module (18 mm)<br data-start=\"445\" data-end=\"448\" \/>Lart\u00ebsia: 82 mm<br data-start=\"463\" data-end=\"466\" \/>Thell\u00ebsia: 68 mm<br data-start=\"482\" data-end=\"485\" \/>Pesha: 65 g<br data-start=\"496\" data-end=\"499\" \/>Montimi: Montim i fiksuar n\u00eb shirit DIN simetrik<br data-start=\"547\" data-end=\"550\" \/>Terminalet: Terminale t\u00eb shkall\u00ebzuara p\u00ebr lidhje t\u00eb leht\u00eb<\/p>","protected":false},"excerpt":{"rendered":"<p>Seria: Acti9 iILLloji: Drit\u00eb treguese e tensionit t\u00eb trefisht\u00eb \u2013 e kuqeTension operativ (Ue): 230\u2013400 V AC (50\/60 Hz)Fuqia e konsumuar: 0.3 WFrekuenca operimi: 50\/60 HzJet\u00ebgjat\u00ebsia e LED-it: 100,000 or\u00ebTemperatura e funksionimit: \u201335 \u00b0C deri +70 \u00b0CTemperatura e ruajtjes: \u201340 \u00b0C deri +80 \u00b0CMbrojtja: IP20Gjer\u00ebsia: 2 module (18 mm)Lart\u00ebsia: 82 mmThell\u00ebsia: 68 mmPesha: 65 gMontimi: [&hellip;]<\/p>","protected":false},"featured_media":3984,"comment_status":"open","ping_status":"closed","template":"","meta":{"_acf_changed":false},"product_brand":[],"product_cat":[71,41],"product_tag":[],"class_list":{"0":"post-3983","1":"product","2":"type-product","3":"status-publish","4":"has-post-thumbnail","6":"product_cat-automat-magneto-termike","7":"product_cat-pajisje-kontrolli-dhe-mbrojtje","9":"first","10":"instock","11":"shipping-taxable","12":"product-type-simple"},"acf":[],"_links":{"self":[{"href":"https:\/\/www.brikaelektrik.al\/al\/wp-json\/wp\/v2\/product\/3983","targetHints":{"allow":["GET"]}}],"collection":[{"href":"https:\/\/www.brikaelektrik.al\/al\/wp-json\/wp\/v2\/product"}],"about":[{"href":"https:\/\/www.brikaelektrik.al\/al\/wp-json\/wp\/v2\/types\/product"}],"replies":[{"embeddable":true,"href":"https:\/\/www.brikaelektrik.al\/al\/wp-json\/wp\/v2\/comments?post=3983"}],"wp:featuredmedia":[{"embeddable":true,"href":"https:\/\/www.brikaelektrik.al\/al\/wp-json\/wp\/v2\/media\/3984"}],"wp:attachment":[{"href":"https:\/\/www.brikaelektrik.al\/al\/wp-json\/wp\/v2\/media?parent=3983"}],"wp:term":[{"taxonomy":"product_brand","embeddable":true,"href":"https:\/\/www.brikaelektrik.al\/al\/wp-json\/wp\/v2\/product_brand?post=3983"},{"taxonomy":"product_cat","embeddable":true,"href":"https:\/\/www.brikaelektrik.al\/al\/wp-json\/wp\/v2\/product_cat?post=3983"},{"taxonomy":"product_tag","embeddable":true,"href":"https:\/\/www.brikaelektrik.al\/al\/wp-json\/wp\/v2\/product_tag?post=3983"}],"curies":[{"name":"wp","href":"https:\/\/api.w.org\/{rel}","templated":true}]}}