{"id":3985,"date":"2025-09-01T11:45:10","date_gmt":"2025-09-01T11:45:10","guid":{"rendered":"https:\/\/www.brikaelektrik.al\/?post_type=product&#038;p=3985"},"modified":"2025-09-01T12:50:37","modified_gmt":"2025-09-01T12:50:37","slug":"baze-llampe-sinjali-led-jeshile-fi-22","status":"publish","type":"product","link":"https:\/\/www.brikaelektrik.al\/al\/produkt\/baze-llampe-sinjali-led-jeshile-fi-22\/","title":{"rendered":"BAZ\u00cb LLAMPE SINJALI LED JESHILE FI-22"},"content":{"rendered":"<p><strong data-start=\"58\" data-end=\"68\">Seria:<\/strong> Harmony XB5<br data-start=\"80\" data-end=\"83\" \/><strong data-start=\"83\" data-end=\"93\">Lloji:<\/strong> Bllok ndri\u00e7imi me LED t\u00eb integruar \u2013 i gjelb\u00ebr<br data-start=\"140\" data-end=\"143\" \/><strong data-start=\"143\" data-end=\"169\" data-is-only-node=\"\">Tension operativ (Ue):<\/strong> 230\u2013240 V AC<br data-start=\"182\" data-end=\"185\" \/><strong data-start=\"185\" data-end=\"199\">Frekuenca:<\/strong> 50\/60 Hz<br data-start=\"208\" data-end=\"211\" \/><strong data-start=\"211\" data-end=\"233\">Fuqia e konsumuar:<\/strong> 14 mA<br data-start=\"239\" data-end=\"242\" \/><strong data-start=\"242\" data-end=\"268\">Jet\u00ebgjat\u00ebsia e LED-it:<\/strong> 100,000 or\u00eb<br data-start=\"280\" data-end=\"283\" \/><strong data-start=\"283\" data-end=\"314\">Temperatura e funksionimit:<\/strong> \u201340 \u00b0C deri +70 \u00b0C<br data-start=\"333\" data-end=\"336\" \/><strong data-start=\"336\" data-end=\"363\">Temperatura e ruajtjes:<\/strong> \u201340 \u00b0C deri +70 \u00b0C<br data-start=\"382\" data-end=\"385\" \/><strong data-start=\"385\" data-end=\"398\">Mbrojtja:<\/strong> IP20<br data-start=\"403\" data-end=\"406\" \/><strong data-start=\"406\" data-end=\"419\">Gjer\u00ebsia:<\/strong> 22 mm<br data-start=\"425\" data-end=\"428\" \/><strong data-start=\"428\" data-end=\"438\">Pesha:<\/strong> 17 g<br data-start=\"443\" data-end=\"446\" \/><strong data-start=\"446\" data-end=\"458\">Montimi:<\/strong> Montim i p\u00ebrpar\u00ebm me lidhje terminalesh me vida<br data-start=\"506\" data-end=\"509\" \/><strong data-start=\"509\" data-end=\"524\">Terminalet:<\/strong> Terminale me vida, deri n\u00eb 2 x 1.5 mm\u00b2<br data-start=\"563\" data-end=\"566\" \/><strong data-start=\"566\" data-end=\"580\">Standarde:<\/strong> EN\/IEC 60947-1<br data-start=\"595\" data-end=\"598\" \/><strong data-start=\"598\" data-end=\"614\">\u00c7ertifikata:<\/strong> CSA<br data-start=\"618\" data-end=\"621\" \/><strong data-start=\"621\" data-end=\"652\">Ngjyra e burimit t\u00eb drit\u00ebs:<\/strong> E gjelb\u00ebr<br data-start=\"662\" data-end=\"665\" \/><strong data-start=\"665\" data-end=\"690\">Lloji i sinjalizimit:<\/strong> Ndri\u00e7im i vazhduesh\u00ebm<br data-start=\"712\" data-end=\"715\" \/><strong data-start=\"715\" data-end=\"736\">Jeta e sh\u00ebrbimit:<\/strong> 100,000 or\u00eb<br data-start=\"748\" data-end=\"751\" \/><strong data-start=\"751\" data-end=\"778\">Forma e kok\u00ebs s\u00eb vid\u00ebs:<\/strong> Kryq Philips nr. 1<br data-start=\"797\" data-end=\"800\" \/><strong data-start=\"800\" data-end=\"814\">P\u00ebrdorimi:<\/strong> Bllok ndri\u00e7imi p\u00ebr kok\u00eb nd\u00ebrprer\u00ebsi me drit\u00eb, p\u00ebrdorim industrial dhe komercial<\/p>","protected":false},"excerpt":{"rendered":"<p>Seria: Harmony XB5Lloji: Bllok ndri\u00e7imi me LED t\u00eb integruar \u2013 i gjelb\u00ebrTension operativ (Ue): 230\u2013240 V ACFrekuenca: 50\/60 HzFuqia e konsumuar: 14 mAJet\u00ebgjat\u00ebsia e LED-it: 100,000 or\u00ebTemperatura e funksionimit: \u201340 \u00b0C deri +70 \u00b0CTemperatura e ruajtjes: \u201340 \u00b0C deri +70 \u00b0CMbrojtja: IP20Gjer\u00ebsia: 22 mmPesha: 17 gMontimi: Montim i p\u00ebrpar\u00ebm me lidhje terminalesh me vidaTerminalet: Terminale [&hellip;]<\/p>","protected":false},"featured_media":3986,"comment_status":"open","ping_status":"closed","template":"","meta":{"_acf_changed":false},"product_brand":[],"product_cat":[70,41],"product_tag":[],"class_list":{"0":"post-3985","1":"product","2":"type-product","3":"status-publish","4":"has-post-thumbnail","6":"product_cat-llampa-sinjalizimi","7":"product_cat-pajisje-kontrolli-dhe-mbrojtje","9":"first","10":"instock","11":"shipping-taxable","12":"product-type-simple"},"acf":[],"_links":{"self":[{"href":"https:\/\/www.brikaelektrik.al\/al\/wp-json\/wp\/v2\/product\/3985","targetHints":{"allow":["GET"]}}],"collection":[{"href":"https:\/\/www.brikaelektrik.al\/al\/wp-json\/wp\/v2\/product"}],"about":[{"href":"https:\/\/www.brikaelektrik.al\/al\/wp-json\/wp\/v2\/types\/product"}],"replies":[{"embeddable":true,"href":"https:\/\/www.brikaelektrik.al\/al\/wp-json\/wp\/v2\/comments?post=3985"}],"wp:featuredmedia":[{"embeddable":true,"href":"https:\/\/www.brikaelektrik.al\/al\/wp-json\/wp\/v2\/media\/3986"}],"wp:attachment":[{"href":"https:\/\/www.brikaelektrik.al\/al\/wp-json\/wp\/v2\/media?parent=3985"}],"wp:term":[{"taxonomy":"product_brand","embeddable":true,"href":"https:\/\/www.brikaelektrik.al\/al\/wp-json\/wp\/v2\/product_brand?post=3985"},{"taxonomy":"product_cat","embeddable":true,"href":"https:\/\/www.brikaelektrik.al\/al\/wp-json\/wp\/v2\/product_cat?post=3985"},{"taxonomy":"product_tag","embeddable":true,"href":"https:\/\/www.brikaelektrik.al\/al\/wp-json\/wp\/v2\/product_tag?post=3985"}],"curies":[{"name":"wp","href":"https:\/\/api.w.org\/{rel}","templated":true}]}}